{"id":22753,"date":"2025-01-06T16:34:38","date_gmt":"2025-01-06T13:34:38","guid":{"rendered":"https:\/\/www.makitamarket.com.tr\/site\/urun\/makita-djv181rfj-dekupaj-testere-18v\/"},"modified":"2026-04-06T12:25:59","modified_gmt":"2026-04-06T09:25:59","slug":"makita-djv181rfj-dekupaj-testere-18v","status":"publish","type":"product","link":"https:\/\/www.makitamarket.com.tr\/site\/urun\/makita-djv181rfj-dekupaj-testere-18v\/","title":{"rendered":"Makita DJV181RFJ DEKUPAJ TESTERE 18V"},"content":{"rendered":"<p>Model DJV181RFJ<\/p>\n<p>Dekupaj Testere<\/p>\n<p>18V \u2022 800 \u2013 3.500 dak\u207b\u00b9<\/p>\n<p><span style=\"color: rgb(0, 112, 192);\">Aletsiz b\u0131\u00e7ak de\u011fi\u015ftirme \u00f6zelli\u011fine sahip verimli k\u00f6m\u00fcrs\u00fcz dekupaj testeresi<\/span><\/p>\n<p>\u00dc\u00e7 a\u015famal\u0131 sarka\u00e7 hareketi ve aletsiz b\u0131\u00e7ak de\u011fi\u015fimine sahip verimli bir testeredir. Var- gel say\u0131s\u0131 dakikada malzemeye uyacak \u015fekilde 800-3.500 aras\u0131nda ayarlanabilir. 26 mm var-gel uzunlu\u011fu ve ah\u015fapta 135 mm, \u00e7elikte 10 mm kesme kapasitesine sahiptir.<\/p>\n<p><span style=\"color: red;\">Kullan\u0131m amac\u0131: <\/span>Bu alet ah\u015fap,plastik ve metal malzemeleri kesmek amac\u0131yla kullan\u0131l\u0131r.<\/p>\n<p><u style=\"color: rgb(33, 37, 41);\">\u00d6zellikleri:<\/u><\/p>\n<p><span style=\"color: rgb(33, 37, 41);\">18V max Lithium-ion,<\/span>BL MOTOR<span style=\"color: rgb(33, 37, 41);\">,\u00c7ift Ak\u00fcl\u00fc<\/span><\/p>\n<p>Ak\u00fcl\u00fc yap\u0131s\u0131 kullan\u0131c\u0131ya kablosuz kullan\u0131m imkan\u0131 sunar ve bu sayede kullan\u0131c\u0131lar geni\u015f alanlarda kablo s\u0131n\u0131rlamalar\u0131 olmadan rahat\u00e7a \u00e7al\u0131\u015fabilirler.<\/p>\n<p>Li-ion;Bataryan\u0131n daha verimli \u00e7al\u0131\u015fmas\u0131n\u0131 sa\u011flayan teknolojidir.<\/p>\n<p>BL Motor\/K\u00f6m\u00fcrs\u00fcz Motor mevcuttur. K\u00f6m\u00fcrs\u00fcz motor sayesinde \u00e7al\u0131\u015fma esnas\u0131nda olu\u015fan \u0131s\u0131 enerjisi kaybolmaz ve makinenin g\u00fcc\u00fcne iletilir.<\/p>\n<ol>\n<li data-list=\"bullet\"><span class=\"ql-ui\" contenteditable=\"false\"><\/span>De\u011fi\u015fken h\u0131z \u00f6zelli\u011fine sahiptir.<\/li>\n<li data-list=\"bullet\"><span class=\"ql-ui\" contenteditable=\"false\"><\/span>Elektrik freni mevcuttur.<\/li>\n<li data-list=\"bullet\"><span class=\"ql-ui\" contenteditable=\"false\"><\/span><span style=\"color: black;\">Sarka\u00e7 hareketi vard\u0131r.<\/span><\/li>\n<li data-list=\"bullet\"><span class=\"ql-ui\" contenteditable=\"false\"><\/span><span style=\"color: black;\">Kama tipi dekupaj b\u0131\u00e7a\u011f\u0131 mevcuttur.<\/span><\/li>\n<li data-list=\"bullet\"><span class=\"ql-ui\" contenteditable=\"false\"><\/span>Toz emme \u00fcnitesi mevcuttur.<\/li>\n<li data-list=\"bullet\"><span class=\"ql-ui\" contenteditable=\"false\"><\/span><span style=\"color: rgb(33, 37, 41);\">Plastik ta\u015f\u0131ma \u00e7antal\u0131d\u0131r.<\/span><\/li>\n<li data-list=\"bullet\"><span class=\"ql-ui\" contenteditable=\"false\"><\/span><span style=\"color: rgb(33, 37, 41);\">Led \u0131\u015f\u0131\u011f\u0131 vard\u0131r.<\/span><\/li>\n<\/ol>\n<p>Ambalaj i\u00e7eri\u011fi: \u00c7ift ak\u00fc, \u015farj cihaz\u0131, dekupaj testere seti, koruma plakas\u0131, b\u0131\u00e7ak koruyucu<\/p>\n<p><\/p>\n<table>\n<tr>\n<td>Kapasite<\/td>\n<td>Ah\u015fap : 135 mm , \u00c7elik : 10 mm<\/td>\n<\/tr>\n<tr>\n<td>Vargel Uzunlu\u011fu<\/td>\n<td>26mm<\/td>\n<\/tr>\n<tr>\n<td>Vargel Say\u0131s\u0131<\/td>\n<td>800-350<\/td>\n<\/tr>\n<tr>\n<td>Net A\u011f\u0131rl\u0131k<\/td>\n<td>2.2kg<\/td>\n<\/tr>\n<tr>\n<td>G\u00fc\u00e7-Kapasite<\/td>\n<td>18V\/3.0Ah\/Li-ion<\/td>\n<\/tr>\n<tr>\n<td>Ak\u00fc \/ \u015earj Cihaz\u0131<\/td>\n<td>BL1830B \/ DC18RC<\/td>\n<\/tr>\n<\/table>\n","protected":false},"excerpt":{"rendered":"<p>Model DJV181RFJ<\/p>\n<p>Dekupaj Testere<\/p>\n<p>18V \u2022 800 \u2013 3.500 dak\u207b\u00b9<\/p>\n<p><span style=\"color: rgb(0, 112, 192);\">Aletsiz b\u0131\u00e7ak de\u011fi\u015ftirme \u00f6zelli\u011fine sahip verimli k\u00f6m\u00fcrs\u00fcz dekupaj testeresi<\/span><\/p>\n<p>\u00dc\u00e7 a\u015famal\u0131 sarka\u00e7 hareketi ve aletsiz b\u0131\u00e7ak de\u011fi\u015fimine sahip verimli bir testeredir. Var- gel say\u0131s\u0131 dakikada malzemeye uyacak \u015fekilde 800-3.500 aras\u0131nda ayarlanabilir. 26 mm var-gel uzunlu\u011fu ve ah\u015fapta 135 mm, \u00e7elikte 10 mm kesme kapasitesine sahiptir.<\/p>\n<p><span style=\"color: red;\">Kullan\u0131m amac\u0131: <\/span>Bu alet ah\u015fap,plastik ve metal malzemeleri kesmek amac\u0131yla kullan\u0131l\u0131r.<\/p>\n<p><u style=\"color: rgb(33, 37, 41);\">\u00d6zellikleri:<\/u><\/p>\n<p><span style=\"color: rgb(33, 37, 41);\">18V max Lithium-ion,<\/span>BL MOTOR<span style=\"color: rgb(33, 37, 41);\">,\u00c7ift Ak\u00fcl\u00fc<\/span><\/p>\n<p>Ak\u00fcl\u00fc yap\u0131s\u0131 kullan\u0131c\u0131ya kablosuz kullan\u0131m imkan\u0131 sunar ve bu sayede kullan\u0131c\u0131lar geni\u015f alanlarda kablo s\u0131n\u0131rlamalar\u0131 olmadan rahat\u00e7a \u00e7al\u0131\u015fabilirler.<\/p>\n<p>Li-ion;Bataryan\u0131n daha verimli \u00e7al\u0131\u015fmas\u0131n\u0131 sa\u011flayan teknolojidir.<\/p>\n<p>BL Motor\/K\u00f6m\u00fcrs\u00fcz Motor mevcuttur. K\u00f6m\u00fcrs\u00fcz motor sayesinde \u00e7al\u0131\u015fma esnas\u0131nda olu\u015fan \u0131s\u0131 enerjisi kaybolmaz ve makinenin g\u00fcc\u00fcne iletilir.<\/p>\n<ol>\n<li data-list=\"bullet\"><span class=\"ql-ui\" contenteditable=\"false\"><\/span>De\u011fi\u015fken h\u0131z \u00f6zelli\u011fine sahiptir.<\/li>\n<li data-list=\"bullet\"><span class=\"ql-ui\" contenteditable=\"false\"><\/span>Elektrik freni mevcuttur.<\/li>\n<li data-list=\"bullet\"><span class=\"ql-ui\" contenteditable=\"false\"><\/span><span style=\"color: black;\">Sarka\u00e7 hareketi vard\u0131r.<\/span><\/li>\n<li data-list=\"bullet\"><span class=\"ql-ui\" contenteditable=\"false\"><\/span><span style=\"color: black;\">Kama tipi dekupaj b\u0131\u00e7a\u011f\u0131 mevcuttur.<\/span><\/li>\n<li data-list=\"bullet\"><span class=\"ql-ui\" contenteditable=\"false\"><\/span>Toz emme \u00fcnitesi mevcuttur.<\/li>\n<li data-list=\"bullet\"><span class=\"ql-ui\" contenteditable=\"false\"><\/span><span style=\"color: rgb(33, 37, 41);\">Plastik ta\u015f\u0131ma \u00e7antal\u0131d\u0131r.<\/span><\/li>\n<li data-list=\"bullet\"><span class=\"ql-ui\" contenteditable=\"false\"><\/span><span style=\"color: rgb(33, 37, 41);\">Led \u0131\u015f\u0131\u011f\u0131 vard\u0131r.<\/span><\/li>\n<\/ol>\n<p>Ambalaj i\u00e7eri\u011fi: \u00c7ift ak\u00fc, \u015farj cihaz\u0131, dekupaj testere seti, koruma plakas\u0131, b\u0131\u00e7ak koruyucu<\/p>\n<p><\/p>\n","protected":false},"featured_media":8771,"comment_status":"open","ping_status":"closed","template":"","meta":{"_acf_changed":false},"product_brand":[1485],"product_cat":[755],"product_tag":[],"class_list":{"0":"post-22753","1":"product","2":"type-product","3":"status-publish","4":"has-post-thumbnail","6":"product_brand-makita","7":"product_cat-18-volt","9":"first","10":"outofstock","11":"taxable","12":"shipping-taxable","13":"purchasable","14":"product-type-simple","15":"add-to-wishlist-after_add_to_cart"},"acf":[],"_links":{"self":[{"href":"https:\/\/www.makitamarket.com.tr\/site\/wp-json\/wp\/v2\/product\/22753","targetHints":{"allow":["GET"]}}],"collection":[{"href":"https:\/\/www.makitamarket.com.tr\/site\/wp-json\/wp\/v2\/product"}],"about":[{"href":"https:\/\/www.makitamarket.com.tr\/site\/wp-json\/wp\/v2\/types\/product"}],"replies":[{"embeddable":true,"href":"https:\/\/www.makitamarket.com.tr\/site\/wp-json\/wp\/v2\/comments?post=22753"}],"wp:featuredmedia":[{"embeddable":true,"href":"https:\/\/www.makitamarket.com.tr\/site\/wp-json\/wp\/v2\/media\/8771"}],"wp:attachment":[{"href":"https:\/\/www.makitamarket.com.tr\/site\/wp-json\/wp\/v2\/media?parent=22753"}],"wp:term":[{"taxonomy":"product_brand","embeddable":true,"href":"https:\/\/www.makitamarket.com.tr\/site\/wp-json\/wp\/v2\/product_brand?post=22753"},{"taxonomy":"product_cat","embeddable":true,"href":"https:\/\/www.makitamarket.com.tr\/site\/wp-json\/wp\/v2\/product_cat?post=22753"},{"taxonomy":"product_tag","embeddable":true,"href":"https:\/\/www.makitamarket.com.tr\/site\/wp-json\/wp\/v2\/product_tag?post=22753"}],"curies":[{"name":"wp","href":"https:\/\/api.w.org\/{rel}","templated":true}]}}