{"id":22760,"date":"2025-01-06T16:34:42","date_gmt":"2025-01-06T13:34:42","guid":{"rendered":"https:\/\/www.makitamarket.com.tr\/site\/urun\/powerwash-hy039-cilalama-makinasi-1100w\/"},"modified":"2025-11-16T04:38:55","modified_gmt":"2025-11-16T01:38:55","slug":"powerwash-hy039-cilalama-makinasi-1100w","status":"publish","type":"product","link":"https:\/\/www.makitamarket.com.tr\/site\/urun\/powerwash-hy039-cilalama-makinasi-1100w\/","title":{"rendered":"Powerwash HY039 C\u0130LALAMA MAK\u0130NASI 1100W"},"content":{"rendered":"<div>\n\t<strong>Standart Aksesuarlar :\u00a0<\/strong><\/div>\n<div>\n\tSert zemin f\u0131r\u00e7as\u0131<\/div>\n<div>\n\tPet tutucu<\/div>\n<div>\n\tDeterjan tank\u0131<\/div>\n<div>\n\tHal\u0131 f\u0131r\u00e7as\u0131<\/div>\n<div>\n\tT\u00fcm aparatlar fiyata dahildir<\/div>\n<div>\n\tPowerwash PW408 zemin temizlik kimyasal\u0131 kullan\u0131lmal\u0131d\u0131r.<\/div>\n<div>\n<p>\t\u00a0<\/p><\/div>\n<table>\n<tr>\n<td>Performans<\/td>\n<td>1100W<\/td>\n<\/tr>\n<tr>\n<td>Nominal H\u0131z<\/td>\n<td>175 d\/dak<\/td>\n<\/tr>\n<tr>\n<td>Ses<\/td>\n<td>54 dB(A)<\/td>\n<\/tr>\n<tr>\n<td>Disk \u00c7ap\u0131<\/td>\n<td>43 cm<\/td>\n<\/tr>\n<tr>\n<td>Motor H\u0131z\u0131<\/td>\n<td>1400 d\/dak<\/td>\n<\/tr>\n<tr>\n<td>Kablo Uzunlu\u011fu<\/td>\n<td>12 m<\/td>\n<\/tr>\n<tr>\n<td>A\u011f\u0131rl\u0131k<\/td>\n<td>50kg<\/td>\n<\/tr>\n<\/table>\n","protected":false},"excerpt":{"rendered":"<div>\n\t<strong>Standart Aksesuarlar :\u00a0<\/strong><\/div>\n<div>\n\tSert zemin f\u0131r\u00e7as\u0131<\/div>\n<div>\n\tPet tutucu<\/div>\n<div>\n\tDeterjan tank\u0131<\/div>\n<div>\n\tHal\u0131 f\u0131r\u00e7as\u0131<\/div>\n<div>\n\tT\u00fcm aparatlar fiyata dahildir<\/div>\n<div>\n\tPowerwash PW408 zemin temizlik kimyasal\u0131 kullan\u0131lmal\u0131d\u0131r.<\/div>\n<div>\n<p>\t\u00a0<\/p><\/div>\n","protected":false},"featured_media":8830,"comment_status":"open","ping_status":"closed","template":"","meta":{"_acf_changed":false},"product_brand":[1489],"product_cat":[1565],"product_tag":[],"class_list":{"0":"post-22760","1":"product","2":"type-product","3":"status-publish","4":"has-post-thumbnail","6":"product_brand-powerwash","7":"product_cat-yok-yok","9":"first","10":"outofstock","11":"taxable","12":"shipping-taxable","13":"purchasable","14":"product-type-simple","15":"add-to-wishlist-after_add_to_cart"},"acf":[],"_links":{"self":[{"href":"https:\/\/www.makitamarket.com.tr\/site\/wp-json\/wp\/v2\/product\/22760","targetHints":{"allow":["GET"]}}],"collection":[{"href":"https:\/\/www.makitamarket.com.tr\/site\/wp-json\/wp\/v2\/product"}],"about":[{"href":"https:\/\/www.makitamarket.com.tr\/site\/wp-json\/wp\/v2\/types\/product"}],"replies":[{"embeddable":true,"href":"https:\/\/www.makitamarket.com.tr\/site\/wp-json\/wp\/v2\/comments?post=22760"}],"wp:featuredmedia":[{"embeddable":true,"href":"https:\/\/www.makitamarket.com.tr\/site\/wp-json\/wp\/v2\/media\/8830"}],"wp:attachment":[{"href":"https:\/\/www.makitamarket.com.tr\/site\/wp-json\/wp\/v2\/media?parent=22760"}],"wp:term":[{"taxonomy":"product_brand","embeddable":true,"href":"https:\/\/www.makitamarket.com.tr\/site\/wp-json\/wp\/v2\/product_brand?post=22760"},{"taxonomy":"product_cat","embeddable":true,"href":"https:\/\/www.makitamarket.com.tr\/site\/wp-json\/wp\/v2\/product_cat?post=22760"},{"taxonomy":"product_tag","embeddable":true,"href":"https:\/\/www.makitamarket.com.tr\/site\/wp-json\/wp\/v2\/product_tag?post=22760"}],"curies":[{"name":"wp","href":"https:\/\/api.w.org\/{rel}","templated":true}]}}