{"id":22767,"date":"2025-01-06T16:34:46","date_gmt":"2025-01-06T13:34:46","guid":{"rendered":"https:\/\/www.makitamarket.com.tr\/site\/urun\/proscr-scr02998-kontrol-kalemi\/"},"modified":"2026-03-15T08:20:30","modified_gmt":"2026-03-15T05:20:30","slug":"proscr-scr02998-kontrol-kalemi","status":"publish","type":"product","link":"https:\/\/www.makitamarket.com.tr\/site\/urun\/proscr-scr02998-kontrol-kalemi\/","title":{"rendered":"Proscr SCR02998 KONTROL KALEM\u0130"},"content":{"rendered":"<table>\n<tr>\n<td>Uzunluk (mm)<\/td>\n<td>190 mm<\/td>\n<\/tr>\n<tr>\n<td>\u00d6zellik<\/td>\n<td>Chrome Vanadium \u00c7elik<\/td>\n<\/tr>\n<tr>\n<td>\u00d6zellik<\/td>\n<td>Klemens U\u00e7<\/td>\n<\/tr>\n<tr>\n<td>\u00d6zellik<\/td>\n<td>110-250 Volt<\/td>\n<\/tr>\n<tr>\n<td>\u00d6zellik<\/td>\n<td>Krom Kaplama<\/td>\n<\/tr>\n<tr>\n<td>\u00d6zellik<\/td>\n<td>Y\u00fcksek Dayan\u0131kl\u0131 Plastik G\u00f6vde<\/td>\n<\/tr>\n<tr>\n<td>Paket \u0130\u00e7i Adedi<\/td>\n<td>40 Ad.<\/td>\n<\/tr>\n<tr>\n<td>Koli \u0130\u00e7i Adedi<\/td>\n<td>800 Ad.<\/td>\n<\/tr>\n<\/table>\n","protected":false},"excerpt":{"rendered":"<p>Uzunluk (mm) 190 mm \u00d6zellik Chrome Vanadium \u00c7elik \u00d6zellik Klemens U\u00e7 \u00d6zellik 110-250 Volt \u00d6zellik Krom Kaplama \u00d6zellik Y\u00fcksek Dayan\u0131kl\u0131 Plastik G\u00f6vde Paket \u0130\u00e7i Adedi 40 Ad. Koli \u0130\u00e7i Adedi<\/p>\n","protected":false},"featured_media":8886,"comment_status":"open","ping_status":"closed","template":"","meta":{"_acf_changed":false},"product_brand":[1523],"product_cat":[1565],"product_tag":[],"class_list":{"0":"post-22767","1":"product","2":"type-product","3":"status-publish","4":"has-post-thumbnail","6":"product_brand-proscr","7":"product_cat-yok-yok","9":"first","10":"outofstock","11":"taxable","12":"shipping-taxable","13":"purchasable","14":"product-type-simple","15":"add-to-wishlist-after_add_to_cart"},"acf":[],"_links":{"self":[{"href":"https:\/\/www.makitamarket.com.tr\/site\/wp-json\/wp\/v2\/product\/22767","targetHints":{"allow":["GET"]}}],"collection":[{"href":"https:\/\/www.makitamarket.com.tr\/site\/wp-json\/wp\/v2\/product"}],"about":[{"href":"https:\/\/www.makitamarket.com.tr\/site\/wp-json\/wp\/v2\/types\/product"}],"replies":[{"embeddable":true,"href":"https:\/\/www.makitamarket.com.tr\/site\/wp-json\/wp\/v2\/comments?post=22767"}],"wp:featuredmedia":[{"embeddable":true,"href":"https:\/\/www.makitamarket.com.tr\/site\/wp-json\/wp\/v2\/media\/8886"}],"wp:attachment":[{"href":"https:\/\/www.makitamarket.com.tr\/site\/wp-json\/wp\/v2\/media?parent=22767"}],"wp:term":[{"taxonomy":"product_brand","embeddable":true,"href":"https:\/\/www.makitamarket.com.tr\/site\/wp-json\/wp\/v2\/product_brand?post=22767"},{"taxonomy":"product_cat","embeddable":true,"href":"https:\/\/www.makitamarket.com.tr\/site\/wp-json\/wp\/v2\/product_cat?post=22767"},{"taxonomy":"product_tag","embeddable":true,"href":"https:\/\/www.makitamarket.com.tr\/site\/wp-json\/wp\/v2\/product_tag?post=22767"}],"curies":[{"name":"wp","href":"https:\/\/api.w.org\/{rel}","templated":true}]}}