{"id":22774,"date":"2025-01-06T16:34:49","date_gmt":"2025-01-06T13:34:49","guid":{"rendered":"https:\/\/www.makitamarket.com.tr\/site\/urun\/makita-eh6000w-benzinli-cit-budama-22-2-cc-1-0-hp\/"},"modified":"2026-03-15T08:21:29","modified_gmt":"2026-03-15T05:21:29","slug":"makita-eh6000w-benzinli-cit-budama-22-2-cc-1-0-hp","status":"publish","type":"product","link":"https:\/\/www.makitamarket.com.tr\/site\/urun\/makita-eh6000w-benzinli-cit-budama-22-2-cc-1-0-hp\/","title":{"rendered":"Makita EH6000W BENZ\u0130NL\u0130 \u00c7\u0130T BUDAMA 22.2 cc\/1.0 hp"},"content":{"rendered":"<p>Model EH6000W<\/p>\n<p>Benzinli \u00c7it Budama<\/p>\n<p>\u00c7ift Tarafl\u0131 B\u0131\u00e7ak<\/p>\n<p>\u2022 22.2 cc \u2022600 mm \u2022 4.390 dak\u207b\u00b9<\/p>\n<p><strong style=\"color: rgb(0, 112, 192);\">Y\u00fcksek Performansl\u0131 Elektrikli \u00c7im Bi\u00e7me Makinesi<\/strong><\/p>\n<p>\u00c7it budama ve peyzaj d\u00fczenleme i\u015flemleri i\u00e7in tasarlanm\u0131\u015f, g\u00fc\u00e7l\u00fc ve dayan\u0131kl\u0131 bir benzinli \u00e7it budama makinesi modelidir. <strong>22.2 cc motor hacmi<\/strong> ve <strong>600 mm b\u0131\u00e7ak uzunlu\u011fu<\/strong> ile orta ve b\u00fcy\u00fck bah\u00e7elerde verimli bir performans sunar. Dakikada 4.390 var-gel say\u0131s\u0131na sahiptir.<strong>Hafif ve ergonomik tasar\u0131m\u0131<\/strong>, d\u00fc\u015f\u00fck titre\u015fim seviyesi ile uzun s\u00fcreli kullan\u0131mlarda konfor sa\u011flar. Profesyonel peyzaj d\u00fczenleme ve bah\u00e7e bak\u0131m\u0131nda ideal bir tercihtir.<\/p>\n<p><span style=\"color: red;\">Kullan\u0131m amac\u0131: <\/span>\u00c7itlerin d\u00fczg\u00fcn bir \u015fekilde kesilmesi ve \u015fekillendirilmesi i\u00e7in tasarlanm\u0131\u015f bir benzinli \u00e7it budama makinesidir.<\/p>\n<p><u>\u00d6zellikleri:<\/u><\/p>\n<ol>\n<li data-list=\"bullet\"><span class=\"ql-ui\" contenteditable=\"false\"><\/span><span style=\"color: rgb(33, 37, 41);\">Titre\u015fim \u00f6nleyici vard\u0131r.<\/span><\/li>\n<li data-list=\"bullet\"><span class=\"ql-ui\" contenteditable=\"false\"><\/span>Kapasit\u00f6r de\u015farj ate\u015flemesi mevcuttur.<\/li>\n<li data-list=\"bullet\"><span class=\"ql-ui\" contenteditable=\"false\"><\/span>Primer pompas\u0131 vard\u0131r.<\/li>\n<\/ol>\n<p><span style=\"background-color: white; color: rgb(33, 37, 41);\">Ambalaj i\u00e7eri\u011fi: B\u0131\u00e7ak k\u0131l\u0131f\u0131, kurulum aletleri<\/span><\/p>\n<table>\n<tr>\n<td>Motor tipi<\/td>\n<td>2 Zamanl\u0131, Benzinli<\/td>\n<\/tr>\n<tr>\n<td>Motor G\u00fcc\u00fc<\/td>\n<td>22.2 CC 0.68 kW 1.0 Hp<\/td>\n<\/tr>\n<tr>\n<td>Vargel Say\u0131s\u0131<\/td>\n<td>4390 v\/dk<\/td>\n<\/tr>\n<tr>\n<td>Ate\u015fleme \u015eekli<\/td>\n<td>Elektronik Ate\u015fleme<\/td>\n<\/tr>\n<tr>\n<td>B\u0131\u00e7ak Uzunlu\u011fu<\/td>\n<td>600 mm<\/td>\n<\/tr>\n<tr>\n<td>Benzin Kapasitesi<\/td>\n<td>0.4 L<\/td>\n<\/tr>\n<tr>\n<td>Kar\u0131\u015f\u0131m Oran\u0131<\/td>\n<td>50:1 L<\/td>\n<\/tr>\n<tr>\n<td>A\u011f\u0131rl\u0131k<\/td>\n<td>5.0 kg<\/td>\n<\/tr>\n<tr>\n<td>Titre\u015fim<\/td>\n<td>2.8 m\/s2<\/td>\n<\/tr>\n<tr>\n<td>Ses D\u00fczeyi<\/td>\n<td>92.8 kg<\/td>\n<\/tr>\n<tr>\n<td>\u00d6l\u00e7\u00fcler (LxWxH)<\/td>\n<td>1.119x262x216 mm<\/td>\n<\/tr>\n<\/table>\n","protected":false},"excerpt":{"rendered":"<p>Model EH6000W<\/p>\n<p>Benzinli \u00c7it Budama<\/p>\n<p>\u00c7ift Tarafl\u0131 B\u0131\u00e7ak<\/p>\n<p>\u2022 22.2 cc \u2022600 mm \u2022 4.390 dak\u207b\u00b9<\/p>\n<p><strong style=\"color: rgb(0, 112, 192);\">Y\u00fcksek Performansl\u0131 Elektrikli \u00c7im Bi\u00e7me Makinesi<\/strong><\/p>\n<p>\u00c7it budama ve peyzaj d\u00fczenleme i\u015flemleri i\u00e7in tasarlanm\u0131\u015f, g\u00fc\u00e7l\u00fc ve dayan\u0131kl\u0131 bir benzinli \u00e7it budama makinesi modelidir. <strong>22.2 cc motor hacmi<\/strong> ve <strong>600 mm b\u0131\u00e7ak uzunlu\u011fu<\/strong> ile orta ve b\u00fcy\u00fck bah\u00e7elerde verimli bir performans sunar. Dakikada 4.390 var-gel say\u0131s\u0131na sahiptir.<strong>Hafif ve ergonomik tasar\u0131m\u0131<\/strong>, d\u00fc\u015f\u00fck titre\u015fim seviyesi ile uzun s\u00fcreli kullan\u0131mlarda konfor sa\u011flar. Profesyonel peyzaj d\u00fczenleme ve bah\u00e7e bak\u0131m\u0131nda ideal bir tercihtir.<\/p>\n<p><span style=\"color: red;\">Kullan\u0131m amac\u0131: <\/span>\u00c7itlerin d\u00fczg\u00fcn bir \u015fekilde kesilmesi ve \u015fekillendirilmesi i\u00e7in tasarlanm\u0131\u015f bir benzinli \u00e7it budama makinesidir.<\/p>\n<p><u>\u00d6zellikleri:<\/u><\/p>\n<ol>\n<li data-list=\"bullet\"><span class=\"ql-ui\" contenteditable=\"false\"><\/span><span style=\"color: rgb(33, 37, 41);\">Titre\u015fim \u00f6nleyici vard\u0131r.<\/span><\/li>\n<li data-list=\"bullet\"><span class=\"ql-ui\" contenteditable=\"false\"><\/span>Kapasit\u00f6r de\u015farj ate\u015flemesi mevcuttur.<\/li>\n<li data-list=\"bullet\"><span class=\"ql-ui\" contenteditable=\"false\"><\/span>Primer pompas\u0131 vard\u0131r.<\/li>\n<\/ol>\n<p><span style=\"background-color: white; color: rgb(33, 37, 41);\">Ambalaj i\u00e7eri\u011fi: B\u0131\u00e7ak k\u0131l\u0131f\u0131, kurulum aletleri<\/span><\/p>\n","protected":false},"featured_media":8916,"comment_status":"open","ping_status":"closed","template":"","meta":{"_acf_changed":false},"product_brand":[1485],"product_cat":[907],"product_tag":[],"class_list":{"0":"post-22774","1":"product","2":"type-product","3":"status-publish","4":"has-post-thumbnail","6":"product_brand-makita","7":"product_cat-benzinli-cit-budama-makinalari","9":"first","10":"outofstock","11":"taxable","12":"shipping-taxable","13":"purchasable","14":"product-type-simple","15":"add-to-wishlist-after_add_to_cart"},"acf":[],"_links":{"self":[{"href":"https:\/\/www.makitamarket.com.tr\/site\/wp-json\/wp\/v2\/product\/22774","targetHints":{"allow":["GET"]}}],"collection":[{"href":"https:\/\/www.makitamarket.com.tr\/site\/wp-json\/wp\/v2\/product"}],"about":[{"href":"https:\/\/www.makitamarket.com.tr\/site\/wp-json\/wp\/v2\/types\/product"}],"replies":[{"embeddable":true,"href":"https:\/\/www.makitamarket.com.tr\/site\/wp-json\/wp\/v2\/comments?post=22774"}],"wp:featuredmedia":[{"embeddable":true,"href":"https:\/\/www.makitamarket.com.tr\/site\/wp-json\/wp\/v2\/media\/8916"}],"wp:attachment":[{"href":"https:\/\/www.makitamarket.com.tr\/site\/wp-json\/wp\/v2\/media?parent=22774"}],"wp:term":[{"taxonomy":"product_brand","embeddable":true,"href":"https:\/\/www.makitamarket.com.tr\/site\/wp-json\/wp\/v2\/product_brand?post=22774"},{"taxonomy":"product_cat","embeddable":true,"href":"https:\/\/www.makitamarket.com.tr\/site\/wp-json\/wp\/v2\/product_cat?post=22774"},{"taxonomy":"product_tag","embeddable":true,"href":"https:\/\/www.makitamarket.com.tr\/site\/wp-json\/wp\/v2\/product_tag?post=22774"}],"curies":[{"name":"wp","href":"https:\/\/api.w.org\/{rel}","templated":true}]}}