{"id":22775,"date":"2025-01-06T16:34:49","date_gmt":"2025-01-06T13:34:49","guid":{"rendered":"https:\/\/www.makitamarket.com.tr\/site\/urun\/gison-gp101h-havali-hidrolik-pop-percin-makinasi\/"},"modified":"2026-04-06T12:29:58","modified_gmt":"2026-04-06T09:29:58","slug":"gison-gp101h-havali-hidrolik-pop-percin-makinasi","status":"publish","type":"product","link":"https:\/\/www.makitamarket.com.tr\/site\/urun\/gison-gp101h-havali-hidrolik-pop-percin-makinasi\/","title":{"rendered":"Gison GP101H HAVALI H\u0130DROL\u0130K POP PER\u00c7\u0130N MAK\u0130NASI"},"content":{"rendered":"<div>\n\t\u2022 Y\u00fcksek \u00c7ekme G\u00fcc\u00fc<\/div>\n<div>\n\t\u2022 Geni\u015fPop Per\u00e7in Aral\u0131\u011f\u0131<\/div>\n<div>\n\t<strong>Kullan\u0131m Alanlar\u0131:<\/strong><\/div>\n<div>\n\tT\u00fcm genel per\u00e7inleme i\u015flerini seri ve kolay bir \u015fekilde yapmaya yarar. Geni\u015f pop per\u00e7in aral\u0131\u011f\u0131 ve y\u00fcksek \u00e7ekme g\u00fcc\u00fcne sahiptir.\u00a0<\/div>\n<table>\n<tr>\n<td>Pop Per\u00e7in \u00d6l\u00e7\u00fcs\u00fc<\/td>\n<td>2.4 mm &#8211; 3.2 mm &#8211; 4.0 mm &#8211; 4.8 mm &#8211; 6.0 mm &#8211; 6.4 m<\/td>\n<\/tr>\n<tr>\n<td>\u00c7ekme G\u00fcc\u00fc<\/td>\n<td>1.700 kg.f.<\/td>\n<\/tr>\n<tr>\n<td>Darbe Uzunlu\u011fu<\/td>\n<td>18 mm.<\/td>\n<\/tr>\n<tr>\n<td>Net A\u011f\u0131rl\u0131k<\/td>\n<td>1.75 kg.<\/td>\n<\/tr>\n<tr>\n<td>Y\u00fckseklik<\/td>\n<td>298 mm.<\/td>\n<\/tr>\n<tr>\n<td>Hava T\u00fcketimi<\/td>\n<td>0.18 m\u00b3\/dak.<\/td>\n<\/tr>\n<tr>\n<td>Hava Giri\u015fi<\/td>\n<td>1\/4&#8243;<\/td>\n<\/tr>\n<tr>\n<td>Hortum \u00d6l\u00e7\u00fcs\u00fc <\/td>\n<td>6.5 mm.<\/td>\n<\/tr>\n<tr>\n<td>Standart\u0131<\/td>\n<td>CE-Made in Taiwan<\/td>\n<\/tr>\n<\/table>\n","protected":false},"excerpt":{"rendered":"<div>\n\t\u2022 Y\u00fcksek \u00c7ekme G\u00fcc\u00fc<\/div>\n<div>\n\t\u2022 Geni\u015fPop Per\u00e7in Aral\u0131\u011f\u0131<\/div>\n<div>\n\t<strong>Kullan\u0131m Alanlar\u0131:<\/strong><\/div>\n<div>\n\tT\u00fcm genel per\u00e7inleme i\u015flerini seri ve kolay bir \u015fekilde yapmaya yarar. Geni\u015f pop per\u00e7in aral\u0131\u011f\u0131 ve y\u00fcksek \u00e7ekme g\u00fcc\u00fcne sahiptir.\u00a0<\/div>\n","protected":false},"featured_media":8920,"comment_status":"open","ping_status":"closed","template":"","meta":{"_acf_changed":false},"product_brand":[1512],"product_cat":[908],"product_tag":[],"class_list":{"0":"post-22775","1":"product","2":"type-product","3":"status-publish","4":"has-post-thumbnail","6":"product_brand-gison","7":"product_cat-havali-hidrolik-percin-makinalari","9":"first","10":"instock","11":"taxable","12":"shipping-taxable","13":"purchasable","14":"product-type-simple","15":"add-to-wishlist-after_add_to_cart"},"acf":[],"_links":{"self":[{"href":"https:\/\/www.makitamarket.com.tr\/site\/wp-json\/wp\/v2\/product\/22775","targetHints":{"allow":["GET"]}}],"collection":[{"href":"https:\/\/www.makitamarket.com.tr\/site\/wp-json\/wp\/v2\/product"}],"about":[{"href":"https:\/\/www.makitamarket.com.tr\/site\/wp-json\/wp\/v2\/types\/product"}],"replies":[{"embeddable":true,"href":"https:\/\/www.makitamarket.com.tr\/site\/wp-json\/wp\/v2\/comments?post=22775"}],"wp:featuredmedia":[{"embeddable":true,"href":"https:\/\/www.makitamarket.com.tr\/site\/wp-json\/wp\/v2\/media\/8920"}],"wp:attachment":[{"href":"https:\/\/www.makitamarket.com.tr\/site\/wp-json\/wp\/v2\/media?parent=22775"}],"wp:term":[{"taxonomy":"product_brand","embeddable":true,"href":"https:\/\/www.makitamarket.com.tr\/site\/wp-json\/wp\/v2\/product_brand?post=22775"},{"taxonomy":"product_cat","embeddable":true,"href":"https:\/\/www.makitamarket.com.tr\/site\/wp-json\/wp\/v2\/product_cat?post=22775"},{"taxonomy":"product_tag","embeddable":true,"href":"https:\/\/www.makitamarket.com.tr\/site\/wp-json\/wp\/v2\/product_tag?post=22775"}],"curies":[{"name":"wp","href":"https:\/\/api.w.org\/{rel}","templated":true}]}}