{"id":22776,"date":"2025-01-06T16:34:49","date_gmt":"2025-01-06T13:34:49","guid":{"rendered":"https:\/\/www.makitamarket.com.tr\/site\/urun\/virax-162307-tarak-1-2-3-4\/"},"modified":"2026-04-06T12:30:02","modified_gmt":"2026-04-06T09:30:02","slug":"virax-162307-tarak-1-2-3-4","status":"publish","type":"product","link":"https:\/\/www.makitamarket.com.tr\/site\/urun\/virax-162307-tarak-1-2-3-4\/","title":{"rendered":"Virax 162307 TARAK 1\/2&#8243; &#8211; 3\/4&#8243;"},"content":{"rendered":"<table>\n<tr>\n<td>Tarak Tipi<\/td>\n<td>NPT<\/td>\n<\/tr>\n<tr>\n<td>Uyumlu Makina<\/td>\n<td>1621<\/td>\n<\/tr>\n<tr>\n<td>Uygun Boru Tipi<\/td>\n<td>Paslanmaz \u00c7elik<\/td>\n<\/tr>\n<tr>\n<td>Boru \u00d6l\u00e7\u00fcs\u00fc<\/td>\n<td>1\/2&#8243; &#8211; 3\/4&#8243;<\/td>\n<\/tr>\n<tr>\n<td>Boru \u00d6l\u00e7\u00fcs\u00fc<\/td>\n<td>15\/21 &#8211; 20\/27 mm<\/td>\n<\/tr>\n<\/table>\n","protected":false},"excerpt":{"rendered":"<p>Tarak Tipi NPT Uyumlu Makina 1621 Uygun Boru Tipi Paslanmaz \u00c7elik Boru \u00d6l\u00e7\u00fcs\u00fc 1\/2&#8243; &#8211; 3\/4&#8243; Boru \u00d6l\u00e7\u00fcs\u00fc 15\/21 &#8211; 20\/27 mm<\/p>\n","protected":false},"featured_media":0,"comment_status":"open","ping_status":"closed","template":"","meta":{"_acf_changed":false},"product_brand":[1495],"product_cat":[854],"product_tag":[],"class_list":{"0":"post-22776","1":"product","2":"type-product","3":"status-publish","5":"product_brand-virax","6":"product_cat-pafta-taraklari","8":"first","9":"instock","10":"taxable","11":"shipping-taxable","12":"purchasable","13":"product-type-simple","14":"add-to-wishlist-after_add_to_cart"},"acf":[],"_links":{"self":[{"href":"https:\/\/www.makitamarket.com.tr\/site\/wp-json\/wp\/v2\/product\/22776","targetHints":{"allow":["GET"]}}],"collection":[{"href":"https:\/\/www.makitamarket.com.tr\/site\/wp-json\/wp\/v2\/product"}],"about":[{"href":"https:\/\/www.makitamarket.com.tr\/site\/wp-json\/wp\/v2\/types\/product"}],"replies":[{"embeddable":true,"href":"https:\/\/www.makitamarket.com.tr\/site\/wp-json\/wp\/v2\/comments?post=22776"}],"wp:attachment":[{"href":"https:\/\/www.makitamarket.com.tr\/site\/wp-json\/wp\/v2\/media?parent=22776"}],"wp:term":[{"taxonomy":"product_brand","embeddable":true,"href":"https:\/\/www.makitamarket.com.tr\/site\/wp-json\/wp\/v2\/product_brand?post=22776"},{"taxonomy":"product_cat","embeddable":true,"href":"https:\/\/www.makitamarket.com.tr\/site\/wp-json\/wp\/v2\/product_cat?post=22776"},{"taxonomy":"product_tag","embeddable":true,"href":"https:\/\/www.makitamarket.com.tr\/site\/wp-json\/wp\/v2\/product_tag?post=22776"}],"curies":[{"name":"wp","href":"https:\/\/api.w.org\/{rel}","templated":true}]}}