{"id":22779,"date":"2025-01-06T16:34:50","date_gmt":"2025-01-06T13:34:50","guid":{"rendered":"https:\/\/www.makitamarket.com.tr\/site\/urun\/factor-cngv3hp-omuz-tipi-beton-vibrator\/"},"modified":"2026-04-06T12:30:09","modified_gmt":"2026-04-06T09:30:09","slug":"factor-cngv3hp-omuz-tipi-beton-vibrator","status":"publish","type":"product","link":"https:\/\/www.makitamarket.com.tr\/site\/urun\/factor-cngv3hp-omuz-tipi-beton-vibrator\/","title":{"rendered":"Factor CNGV3HP OMUZ T\u0130P\u0130 BETON V\u0130BRAT\u00d6R"},"content":{"rendered":"<ul>\n<li>\n\t\tElektrikli y\u00fcksek h\u0131zl\u0131.<\/li>\n<li>\n\t\t\u00c7ift yal\u0131t\u0131ml\u0131 IP24 koruma s\u0131n\u0131f\u0131na sahiptir.<\/li>\n<li>\n\t\tTek ki\u015fi kullan\u0131m\u0131na uygun olarak dizayn edilmi\u015ftir.<\/li>\n<li>\n\t\tTemel, perde, kiri\u015f, kolon gibi beton yerlerde deprem y\u00f6netmeli\u011fine g\u00f6re yerle\u015fim a\u015famas\u0131nda vibrat\u00f6r kullan\u0131m\u0131 mecburudr.<\/li>\n<li>\n\t\tHortumda y\u00fcksek diren\u00e7 transmisyon mil bulunmaktad\u0131r.<\/li>\n<\/ul>\n<table>\n<tr>\n<td>G\u00fc\u00e7<\/td>\n<td>2.3 kW (3) hp<\/td>\n<\/tr>\n<tr>\n<td>\u00c7al\u0131\u015fma Voltaj\u0131<\/td>\n<td>230V-50Hz.<\/td>\n<\/tr>\n<tr>\n<td>Ak\u0131m<\/td>\n<td>3.6 A<\/td>\n<\/tr>\n<tr>\n<td>Devir<\/td>\n<td>18.000 r\/min.<\/td>\n<\/tr>\n<tr>\n<td>Hortum Uzunlu\u011fu<\/td>\n<td>4 m<\/td>\n<\/tr>\n<tr>\n<td>Hortum \u00c7ap\u0131<\/td>\n<td>48 mm<\/td>\n<\/tr>\n<tr>\n<td>A\u011f\u0131rl\u0131k<\/td>\n<td>6 kg<\/td>\n<\/tr>\n<\/table>\n","protected":false},"excerpt":{"rendered":"<ul>\n<li>\n\t\tElektrikli y\u00fcksek h\u0131zl\u0131.<\/li>\n<li>\n\t\t\u00c7ift yal\u0131t\u0131ml\u0131 IP24 koruma s\u0131n\u0131f\u0131na sahiptir.<\/li>\n<li>\n\t\tTek ki\u015fi kullan\u0131m\u0131na uygun olarak dizayn edilmi\u015ftir.<\/li>\n<li>\n\t\tTemel, perde, kiri\u015f, kolon gibi beton yerlerde deprem y\u00f6netmeli\u011fine g\u00f6re yerle\u015fim a\u015famas\u0131nda vibrat\u00f6r kullan\u0131m\u0131 mecburudr.<\/li>\n<li>\n\t\tHortumda y\u00fcksek diren\u00e7 transmisyon mil bulunmaktad\u0131r.<\/li>\n<\/ul>\n","protected":false},"featured_media":8938,"comment_status":"open","ping_status":"closed","template":"","meta":{"_acf_changed":false},"product_brand":[1494],"product_cat":[821],"product_tag":[],"class_list":{"0":"post-22779","1":"product","2":"type-product","3":"status-publish","4":"has-post-thumbnail","6":"product_brand-factor","7":"product_cat-beton-vibratorleri","9":"first","10":"instock","11":"taxable","12":"shipping-taxable","13":"purchasable","14":"product-type-simple","15":"add-to-wishlist-after_add_to_cart"},"acf":[],"_links":{"self":[{"href":"https:\/\/www.makitamarket.com.tr\/site\/wp-json\/wp\/v2\/product\/22779","targetHints":{"allow":["GET"]}}],"collection":[{"href":"https:\/\/www.makitamarket.com.tr\/site\/wp-json\/wp\/v2\/product"}],"about":[{"href":"https:\/\/www.makitamarket.com.tr\/site\/wp-json\/wp\/v2\/types\/product"}],"replies":[{"embeddable":true,"href":"https:\/\/www.makitamarket.com.tr\/site\/wp-json\/wp\/v2\/comments?post=22779"}],"wp:featuredmedia":[{"embeddable":true,"href":"https:\/\/www.makitamarket.com.tr\/site\/wp-json\/wp\/v2\/media\/8938"}],"wp:attachment":[{"href":"https:\/\/www.makitamarket.com.tr\/site\/wp-json\/wp\/v2\/media?parent=22779"}],"wp:term":[{"taxonomy":"product_brand","embeddable":true,"href":"https:\/\/www.makitamarket.com.tr\/site\/wp-json\/wp\/v2\/product_brand?post=22779"},{"taxonomy":"product_cat","embeddable":true,"href":"https:\/\/www.makitamarket.com.tr\/site\/wp-json\/wp\/v2\/product_cat?post=22779"},{"taxonomy":"product_tag","embeddable":true,"href":"https:\/\/www.makitamarket.com.tr\/site\/wp-json\/wp\/v2\/product_tag?post=22779"}],"curies":[{"name":"wp","href":"https:\/\/api.w.org\/{rel}","templated":true}]}}