{"id":22780,"date":"2025-01-06T16:34:50","date_gmt":"2025-01-06T13:34:50","guid":{"rendered":"https:\/\/www.makitamarket.com.tr\/site\/urun\/knipex-9577600-celik-halat-ve-kablo-makasi-600-mm\/"},"modified":"2025-07-11T18:55:06","modified_gmt":"2025-07-11T15:55:06","slug":"knipex-9577600-celik-halat-ve-kablo-makasi-600-mm","status":"publish","type":"product","link":"https:\/\/www.makitamarket.com.tr\/site\/urun\/knipex-9577600-celik-halat-ve-kablo-makasi-600-mm\/","title":{"rendered":"Knipex 9577600 \u00c7EL\u0130K HALAT VE KABLO MAKASI 600 mm"},"content":{"rendered":"<p><b>95 77 600 \u00c7el\u015fik tel ve kablo makas\u0131<\/b><br \/>\u00c7elik \u00e7ubuk ve tel kablo, bak\u0131r ve al\u00fcminyum kablolar i\u00e7in. Havai hat \u00e7elik halatlar\u0131n\u0131n kesilmesi i\u00e7in uygundur. A\u00e7\u0131l\u0131 kesici u\u00e7lar\u0131 sayesinde tek halat \u00e7ilelerinin kesilmesi m\u00fcmk\u00fcnd\u00fcr. Y\u00fcksek kesme performans\u0131 i\u00e7in optimum aktar\u0131m. De\u011fi\u015febilir d\u00f6v\u00fclm\u00fc\u015f b\u0131\u00e7a\u011f\u0131 ile. Hafif. <\/p>\n<li><b>Bak\u0131r kablo kesim de\u011feri, \u00e7ok telli: <\/b>150 mm\u00b2<\/li>\n<li><b>Bak\u0131r kablo kesim de\u011feri, ince telli (\u00e7ap): <\/b>\u00d8 14,0 mm<\/li>\n<li><b>\u00c7elik tel kesme de\u011feri (\u00e7ap): <\/b>\u00d8 14,0 mm<\/li>\n<li><b>Orta sert tel kesme de\u011feri (\u00e7ap): <\/b>\u00d8 9,0 mm<\/li>\n<li><b>Demir kesme de\u011feri (\u00e7ap): <\/b>\u00d8 9 mm<\/li>\n<li><b>AWG: <\/b>6 \/ 0 <\/li>\n<table>\n<tr>\n<td>Uzunluk<\/td>\n<td>600<\/td>\n<\/tr>\n<tr>\n<td>Kafa<\/td>\n<td>Polisaj<\/td>\n<\/tr>\n<tr>\n<td>Sap<\/td>\n<td>Sos \u0130zole<\/td>\n<\/tr>\n<tr>\n<td>\u00c7ok \u0130letkenli Kablo<\/td>\n<td>150 mm<\/td>\n<\/tr>\n<tr>\n<td>\u00c7elik Tel<\/td>\n<td>14 \u00f8mm\u00b2<\/td>\n<\/tr>\n<tr>\n<td>Orta Sert Tel<\/td>\n<td>9 \u00f8mm<\/td>\n<\/tr>\n<tr>\n<td>A\u011f\u0131rl\u0131k<\/td>\n<td>2300 gr<\/td>\n<\/tr>\n<\/table>\n","protected":false},"excerpt":{"rendered":"<p><b>95 77 600 \u00c7el\u015fik tel ve kablo makas\u0131<\/b><br \/>\u00c7elik \u00e7ubuk ve tel kablo, bak\u0131r ve al\u00fcminyum kablolar i\u00e7in. Havai hat \u00e7elik halatlar\u0131n\u0131n kesilmesi i\u00e7in uygundur. A\u00e7\u0131l\u0131 kesici u\u00e7lar\u0131 sayesinde tek halat \u00e7ilelerinin kesilmesi m\u00fcmk\u00fcnd\u00fcr. Y\u00fcksek kesme performans\u0131 i\u00e7in optimum aktar\u0131m. De\u011fi\u015febilir d\u00f6v\u00fclm\u00fc\u015f b\u0131\u00e7a\u011f\u0131 ile. Hafif. <\/p>\n<li><b>Bak\u0131r kablo kesim de\u011feri, \u00e7ok telli: <\/b>150 mm\u00b2<\/li>\n<li><b>Bak\u0131r kablo kesim de\u011feri, ince telli (\u00e7ap): <\/b>\u00d8 14,0 mm<\/li>\n<li><b>\u00c7elik tel kesme de\u011feri (\u00e7ap): <\/b>\u00d8 14,0 mm<\/li>\n<li><b>Orta sert tel kesme de\u011feri (\u00e7ap): <\/b>\u00d8 9,0 mm<\/li>\n<li><b>Demir kesme de\u011feri (\u00e7ap): <\/b>\u00d8 9 mm<\/li>\n<li><b>AWG: <\/b>6 \/ 0 <\/li>\n","protected":false},"featured_media":8940,"comment_status":"open","ping_status":"closed","template":"","meta":{"_acf_changed":false},"product_brand":[],"product_cat":[884],"product_tag":[],"class_list":{"0":"post-22780","1":"product","2":"type-product","3":"status-publish","4":"has-post-thumbnail","6":"product_cat-celik-tel-ve-halat-kesme-makaslari","8":"first","9":"instock","10":"taxable","11":"shipping-taxable","12":"purchasable","13":"product-type-simple","14":"add-to-wishlist-after_add_to_cart"},"acf":[],"_links":{"self":[{"href":"https:\/\/www.makitamarket.com.tr\/site\/wp-json\/wp\/v2\/product\/22780","targetHints":{"allow":["GET"]}}],"collection":[{"href":"https:\/\/www.makitamarket.com.tr\/site\/wp-json\/wp\/v2\/product"}],"about":[{"href":"https:\/\/www.makitamarket.com.tr\/site\/wp-json\/wp\/v2\/types\/product"}],"replies":[{"embeddable":true,"href":"https:\/\/www.makitamarket.com.tr\/site\/wp-json\/wp\/v2\/comments?post=22780"}],"wp:featuredmedia":[{"embeddable":true,"href":"https:\/\/www.makitamarket.com.tr\/site\/wp-json\/wp\/v2\/media\/8940"}],"wp:attachment":[{"href":"https:\/\/www.makitamarket.com.tr\/site\/wp-json\/wp\/v2\/media?parent=22780"}],"wp:term":[{"taxonomy":"product_brand","embeddable":true,"href":"https:\/\/www.makitamarket.com.tr\/site\/wp-json\/wp\/v2\/product_brand?post=22780"},{"taxonomy":"product_cat","embeddable":true,"href":"https:\/\/www.makitamarket.com.tr\/site\/wp-json\/wp\/v2\/product_cat?post=22780"},{"taxonomy":"product_tag","embeddable":true,"href":"https:\/\/www.makitamarket.com.tr\/site\/wp-json\/wp\/v2\/product_tag?post=22780"}],"curies":[{"name":"wp","href":"https:\/\/api.w.org\/{rel}","templated":true}]}}