{"id":22785,"date":"2025-01-06T16:34:52","date_gmt":"2025-01-06T13:34:52","guid":{"rendered":"https:\/\/www.makitamarket.com.tr\/site\/urun\/makita-duc355z-akulu-zincirli-testere-2x18v\/"},"modified":"2026-04-06T12:30:14","modified_gmt":"2026-04-06T09:30:14","slug":"makita-duc355z-akulu-zincirli-testere-2x18v","status":"publish","type":"product","link":"https:\/\/www.makitamarket.com.tr\/site\/urun\/makita-duc355z-akulu-zincirli-testere-2x18v\/","title":{"rendered":"Makita DUC355Z AK\u00dcL\u00dc Z\u0130NC\u0130RL\u0130 TESTERE 2x18V"},"content":{"rendered":"<p>Model DUC355Z<\/p>\n<p>Ak\u00fcl\u00fc Zincirli Testere<\/p>\n<p>18V X2 \u2022&nbsp;350mm&nbsp;\u2022 0-20m\/s<\/p>\n<p><strong style=\"color: rgb(0, 112, 192);\">Y\u00fcksek Performansl\u0131 \u00c7ift Ak\u00fcl\u00fc Zincirli Testere <\/strong><\/p>\n<p>A\u011fa\u00e7 kesimi ve odun i\u015fleme i\u00e7in tasarlanm\u0131\u015f bu model, 2x18V LXT Li-Ion ak\u00fc sistemi ile 36V g\u00fc\u00e7 sa\u011flayarak kablosuz kullan\u0131m avantaj\u0131 sunar. 350 mm b\u0131\u00e7ak uzunlu\u011fu ve 0-20 m\/s zincir h\u0131z\u0131 ile y\u00fcksek performansl\u0131 ve etkili bir kesim deneyimi sunar. Ergonomik tasar\u0131m\u0131 ve kau\u00e7uk kapl\u0131 tutma yeri, uzun s\u00fcreli kullan\u0131mlarda konfor sa\u011flarken de\u011fi\u015fken h\u0131z kontrol\u00fc farkl\u0131 uygulamalara uyum sa\u011flar. D\u00fc\u015f\u00fck titre\u015fim ve sessiz \u00e7al\u0131\u015fma \u00f6zellikleri ile \u00e7evre dostu olan bu model, bah\u00e7e bak\u0131m\u0131, profesyonel a\u011fa\u00e7 i\u015fleri ve odun kesimi i\u00e7in m\u00fckemmel bir \u00e7\u00f6z\u00fcmd\u00fcr.<\/p>\n<p><span style=\"color: red;\">Kullan\u0131m amac\u0131: <\/span>Bu zincir testere ah\u015fap malzemeleri kesmek i\u00e7in tasarlanm\u0131\u015ft\u0131r.<\/p>\n<p><u>\u00d6zellikleri:<\/u><\/p>\n<p>BL Motor\/K\u00f6m\u00fcrs\u00fcz Motor mevcuttur. K\u00f6m\u00fcrs\u00fcz motor sayesinde \u00e7al\u0131\u015fma esnas\u0131nda olu\u015fan \u0131s\u0131 enerjisi kaybolmaz ve makinenin g\u00fcc\u00fcne iletilir.<\/p>\n<p>XPT(Ekstra Koruma Teknolojisi) sayesinde nemli ve ya\u011fmurlu ortamlarda kullan\u0131labilir. D\u00fc\u015fmeye kar\u015f\u0131 ekstra dayan\u0131kl\u0131d\u0131r.<\/p>\n<p>Ak\u00fcl\u00fc yap\u0131s\u0131 kullan\u0131c\u0131ya kablosuz kullan\u0131m imkan\u0131 sunar ve bu sayede kullan\u0131c\u0131lar geni\u015f alanlarda kablo s\u0131n\u0131rlamalar\u0131 olmadan rahat\u00e7a \u00e7al\u0131\u015fabilirler.<\/p>\n<p>Li-ion; Bataryan\u0131n daha verimli \u00e7al\u0131\u015fmas\u0131n\u0131 sa\u011flayan teknolojidir.<\/p>\n<ol>\n<li data-list=\"bullet\"><span class=\"ql-ui\" contenteditable=\"false\"><\/span>De\u011fi\u015fken h\u0131z \u00f6zelli\u011fine sahiptir.<\/li>\n<li data-list=\"bullet\"><span class=\"ql-ui\" contenteditable=\"false\"><\/span>Elektrik freni mevcuttur.<\/li>\n<li data-list=\"bullet\"><span class=\"ql-ui\" contenteditable=\"false\"><\/span><span style=\"color: black;\">Sabit h\u0131z \u00f6zelli\u011fi vard\u0131r.<\/span><\/li>\n<li data-list=\"bullet\"><span class=\"ql-ui\" contenteditable=\"false\"><\/span>Otomatik zincir ya\u011flama vard\u0131r.<\/li>\n<li data-list=\"bullet\"><span class=\"ql-ui\" contenteditable=\"false\"><\/span>Zincir freni mevcuttur.<\/li>\n<\/ol>\n<p><span style=\"background-color: white; color: black;\">Ak\u00fc:BL1830\/1840\/1850B\/1860B<\/span><\/p>\n<p>\u015earj Cihaz\u0131:DC18RD \u00c7iftli\/ DC18RC<\/p>\n<p><span style=\"color: red;\">Ak\u00fc ve \u015farj cihaz\u0131 dahil de\u011fildir.<\/span><\/p>\n<table>\n<tr>\n<td>Kesim uzunlu\u011fu<\/td>\n<td>350 mm<\/td>\n<\/tr>\n<tr>\n<td>Kullan\u0131labilir Ak\u00fc<\/td>\n<td>2 adet 18V Li-ion<\/td>\n<\/tr>\n<tr>\n<td>Ses D\u00fczeyi<\/td>\n<td>87.7dBA<\/td>\n<\/tr>\n<tr>\n<td>Zincir \u00d6l\u00e7\u00fcs\u00fc<\/td>\n<td>3\/8\u201d &#8211; 1.1mm<\/td>\n<\/tr>\n<tr>\n<td>Zincir H\u0131z\u0131<\/td>\n<td>0-20m\/s<\/td>\n<\/tr>\n<tr>\n<td>Zincir Ya\u011f Kapasitesi<\/td>\n<td>200ml<\/td>\n<\/tr>\n<tr>\n<td>Titre\u015fim A\u011fa\u00e7 Kesiminde<\/td>\n<td>5.3m\/s2<\/td>\n<\/tr>\n<tr>\n<td>\u00d6l\u00e7\u00fcler<\/td>\n<td>762x211x235mm<\/td>\n<\/tr>\n<tr>\n<td>Net A\u011f\u0131rl\u0131k<\/td>\n<td>4.7 kg<\/td>\n<\/tr>\n<\/table>\n","protected":false},"excerpt":{"rendered":"<p>Model DUC355Z<\/p>\n<p>Ak\u00fcl\u00fc Zincirli Testere<\/p>\n<p>18V X2 \u2022&nbsp;350mm&nbsp;\u2022 0-20m\/s<\/p>\n<p><strong style=\"color: rgb(0, 112, 192);\">Y\u00fcksek Performansl\u0131 \u00c7ift Ak\u00fcl\u00fc Zincirli Testere <\/strong><\/p>\n<p>A\u011fa\u00e7 kesimi ve odun i\u015fleme i\u00e7in tasarlanm\u0131\u015f bu model, 2x18V LXT Li-Ion ak\u00fc sistemi ile 36V g\u00fc\u00e7 sa\u011flayarak kablosuz kullan\u0131m avantaj\u0131 sunar. 350 mm b\u0131\u00e7ak uzunlu\u011fu ve 0-20 m\/s zincir h\u0131z\u0131 ile y\u00fcksek performansl\u0131 ve etkili bir kesim deneyimi sunar. Ergonomik tasar\u0131m\u0131 ve kau\u00e7uk kapl\u0131 tutma yeri, uzun s\u00fcreli kullan\u0131mlarda konfor sa\u011flarken de\u011fi\u015fken h\u0131z kontrol\u00fc farkl\u0131 uygulamalara uyum sa\u011flar. D\u00fc\u015f\u00fck titre\u015fim ve sessiz \u00e7al\u0131\u015fma \u00f6zellikleri ile \u00e7evre dostu olan bu model, bah\u00e7e bak\u0131m\u0131, profesyonel a\u011fa\u00e7 i\u015fleri ve odun kesimi i\u00e7in m\u00fckemmel bir \u00e7\u00f6z\u00fcmd\u00fcr.<\/p>\n<p><span style=\"color: red;\">Kullan\u0131m amac\u0131: <\/span>Bu zincir testere ah\u015fap malzemeleri kesmek i\u00e7in tasarlanm\u0131\u015ft\u0131r.<\/p>\n<p><u>\u00d6zellikleri:<\/u><\/p>\n<p>BL Motor\/K\u00f6m\u00fcrs\u00fcz Motor mevcuttur. K\u00f6m\u00fcrs\u00fcz motor sayesinde \u00e7al\u0131\u015fma esnas\u0131nda olu\u015fan \u0131s\u0131 enerjisi kaybolmaz ve makinenin g\u00fcc\u00fcne iletilir.<\/p>\n<p>XPT(Ekstra Koruma Teknolojisi) sayesinde nemli ve ya\u011fmurlu ortamlarda kullan\u0131labilir. D\u00fc\u015fmeye kar\u015f\u0131 ekstra dayan\u0131kl\u0131d\u0131r.<\/p>\n<p>Ak\u00fcl\u00fc yap\u0131s\u0131 kullan\u0131c\u0131ya kablosuz kullan\u0131m imkan\u0131 sunar ve bu sayede kullan\u0131c\u0131lar geni\u015f alanlarda kablo s\u0131n\u0131rlamalar\u0131 olmadan rahat\u00e7a \u00e7al\u0131\u015fabilirler.<\/p>\n<p>Li-ion; Bataryan\u0131n daha verimli \u00e7al\u0131\u015fmas\u0131n\u0131 sa\u011flayan teknolojidir.<\/p>\n<ol>\n<li data-list=\"bullet\"><span class=\"ql-ui\" contenteditable=\"false\"><\/span>De\u011fi\u015fken h\u0131z \u00f6zelli\u011fine sahiptir.<\/li>\n<li data-list=\"bullet\"><span class=\"ql-ui\" contenteditable=\"false\"><\/span>Elektrik freni mevcuttur.<\/li>\n<li data-list=\"bullet\"><span class=\"ql-ui\" contenteditable=\"false\"><\/span><span style=\"color: black;\">Sabit h\u0131z \u00f6zelli\u011fi vard\u0131r.<\/span><\/li>\n<li data-list=\"bullet\"><span class=\"ql-ui\" contenteditable=\"false\"><\/span>Otomatik zincir ya\u011flama vard\u0131r.<\/li>\n<li data-list=\"bullet\"><span class=\"ql-ui\" contenteditable=\"false\"><\/span>Zincir freni mevcuttur.<\/li>\n<\/ol>\n<p><span style=\"background-color: white; color: black;\">Ak\u00fc:BL1830\/1840\/1850B\/1860B<\/span><\/p>\n<p>\u015earj Cihaz\u0131:DC18RD \u00c7iftli\/ DC18RC<\/p>\n<p><span style=\"color: red;\">Ak\u00fc ve \u015farj cihaz\u0131 dahil de\u011fildir.<\/span><\/p>\n","protected":false},"featured_media":8955,"comment_status":"open","ping_status":"closed","template":"","meta":{"_acf_changed":false},"product_brand":[1485],"product_cat":[912],"product_tag":[],"class_list":{"0":"post-22785","1":"product","2":"type-product","3":"status-publish","4":"has-post-thumbnail","6":"product_brand-makita","7":"product_cat-akulu-agac-kesim-makinalari","9":"first","10":"instock","11":"taxable","12":"shipping-taxable","13":"purchasable","14":"product-type-simple","15":"add-to-wishlist-after_add_to_cart"},"acf":[],"_links":{"self":[{"href":"https:\/\/www.makitamarket.com.tr\/site\/wp-json\/wp\/v2\/product\/22785","targetHints":{"allow":["GET"]}}],"collection":[{"href":"https:\/\/www.makitamarket.com.tr\/site\/wp-json\/wp\/v2\/product"}],"about":[{"href":"https:\/\/www.makitamarket.com.tr\/site\/wp-json\/wp\/v2\/types\/product"}],"replies":[{"embeddable":true,"href":"https:\/\/www.makitamarket.com.tr\/site\/wp-json\/wp\/v2\/comments?post=22785"}],"wp:featuredmedia":[{"embeddable":true,"href":"https:\/\/www.makitamarket.com.tr\/site\/wp-json\/wp\/v2\/media\/8955"}],"wp:attachment":[{"href":"https:\/\/www.makitamarket.com.tr\/site\/wp-json\/wp\/v2\/media?parent=22785"}],"wp:term":[{"taxonomy":"product_brand","embeddable":true,"href":"https:\/\/www.makitamarket.com.tr\/site\/wp-json\/wp\/v2\/product_brand?post=22785"},{"taxonomy":"product_cat","embeddable":true,"href":"https:\/\/www.makitamarket.com.tr\/site\/wp-json\/wp\/v2\/product_cat?post=22785"},{"taxonomy":"product_tag","embeddable":true,"href":"https:\/\/www.makitamarket.com.tr\/site\/wp-json\/wp\/v2\/product_tag?post=22785"}],"curies":[{"name":"wp","href":"https:\/\/api.w.org\/{rel}","templated":true}]}}