{"id":22801,"date":"2025-01-06T16:34:55","date_gmt":"2025-01-06T13:34:55","guid":{"rendered":"https:\/\/www.makitamarket.com.tr\/site\/urun\/makita-ddf484rtj-matkap-vidalama-18v\/"},"modified":"2026-03-30T07:21:40","modified_gmt":"2026-03-30T04:21:40","slug":"makita-ddf484rtj-matkap-vidalama-18v","status":"publish","type":"product","link":"https:\/\/www.makitamarket.com.tr\/site\/urun\/makita-ddf484rtj-matkap-vidalama-18v\/","title":{"rendered":"Makita DDF484RTJ MATKAP V\u0130DALAMA 18V"},"content":{"rendered":"<p><strong class=\"red-title\" style=\"font-size: 16px;\">A\u00e7\u0131klama:<\/strong> <span><\/p>\n<p><span style=\"color: rgb(33, 37, 41); background-color: white;\">Model DDF484RTJ<\/span><\/p>\n<p><span style=\"color: rgb(33, 37, 41); background-color: white;\">Matkap Vidalama 1\/2\u201d mm<\/span><\/p>\n<p>18V \u2022 54 Nm \u2022 2.000 dak\u207b\u00b9<\/p>\n<p><span style=\"color: rgb(0, 112, 192);\">Vidalama ve delme i\u00e7in g\u00fc\u00e7l\u00fc, k\u00f6m\u00fcrs\u00fcz matkap vidalama<\/span><\/p>\n<p>Profesyonel kullan\u0131m i\u00e7in vidalama ve delme i\u00e7in iki h\u0131z aral\u0131\u011f\u0131na sahip verimli k\u00f6m\u00fcrs\u00fcz alet. Maksimum tork 30 \/ 54 Nm. Montajc\u0131lar, in\u015faat\u00e7\u0131lar ve bak\u0131m personeli i\u00e7in \u00e7ok y\u00f6nl\u00fc bir alettir. K\u00f6m\u00fcrs\u00fcz BL motoru, uygulama s\u0131ras\u0131nda olu\u015fan \u0131s\u0131y\u0131 kaybetmeden makinenin g\u00fcc\u00fcne d\u00f6n\u00fc\u015ft\u00fcr\u00fcr, bu da daha verimli bir \u00e7al\u0131\u015fma sa\u011flar.Bu matkap, 18V 5.0Ah Li-Ion ak\u00fc ile \u00e7al\u0131\u015f\u0131r. 0-500\/2.000 bo\u015fta devire sahiptir. \u00c7elik i\u015f malzemelerinde 13 mm, ah\u015fapta ise 38 mm&#8217;ye kadar delme kapasitesi mevcuttur.<\/p>\n<p><span style=\"background-color: white; color: red;\">Kullan\u0131m amac\u0131:<\/span><span style=\"background-color: white; color: black;\"> Bu alet ah\u015fap, metal ve plastik malzemede delme ve vidalama i\u015flemleri&nbsp;i\u00e7in kullan\u0131lmas\u0131 ama\u00e7lanm\u0131\u015ft\u0131r. <\/span><\/p>\n<p><u>\u00d6zellikleri:<\/u><\/p>\n<p><span style=\"color: rgb(33, 37, 41); background-color: white;\">18V max Lithium-ion,BL MOTOR,XPT,\u00c7ift Ak\u00fcl\u00fc<\/span><\/p>\n<p>Li-ion;Bataryan\u0131n daha verimli \u00e7al\u0131\u015fmas\u0131n\u0131 sa\u011flayan teknolojidir.<\/p>\n<p>XPT(Ekstra Koruma Teknolojisi) sayesinde nemli ve ya\u011fmurlu ortamlarda kullan\u0131labilir. D\u00fc\u015fmeye kar\u015f\u0131 ekstra dayan\u0131kl\u0131d\u0131r.<\/p>\n<p>BL Motor\/K\u00f6m\u00fcrs\u00fcz Motor mevcuttur. K\u00f6m\u00fcrs\u00fcz motor sayesinde \u00e7al\u0131\u015fma esnas\u0131nda olu\u015fan \u0131s\u0131 enerjisi kaybolmaz ve makinenin g\u00fcc\u00fcne iletilir.<\/p>\n<p>Ak\u00fcl\u00fc yap\u0131s\u0131 kullan\u0131c\u0131ya kablosuz kullan\u0131m imkan\u0131 sunar ve bu sayede kullan\u0131c\u0131lar geni\u015f alanlarda kablo s\u0131n\u0131rlamalar\u0131 olmadan rahat\u00e7a \u00e7al\u0131\u015fabilirler.<\/p>\n<ol>\n<li data-list=\"bullet\"><span class=\"ql-ui\" contenteditable=\"false\"><\/span>De\u011fi\u015fken h\u0131z \u00f6zelli\u011fine sahiptir.<\/li>\n<li data-list=\"bullet\"><span class=\"ql-ui\" contenteditable=\"false\"><\/span>Sa\u011f-sol d\u00f6n\u00fc\u015f ayarl\u0131d\u0131r.<\/li>\n<li data-list=\"bullet\"><span class=\"ql-ui\" contenteditable=\"false\"><\/span>Manuel 2 h\u0131z mevcuttur.<\/li>\n<li data-list=\"bullet\"><span class=\"ql-ui\" contenteditable=\"false\"><\/span>Elektrik freni mevcuttur.<\/li>\n<li data-list=\"bullet\"><span class=\"ql-ui\" contenteditable=\"false\"><\/span>Otomatik mandrenlidir.<\/li>\n<li data-list=\"bullet\"><span class=\"ql-ui\" contenteditable=\"false\"><\/span>21 kademeli tork ayarlay\u0131c\u0131 vard\u0131r.<\/li>\n<li data-list=\"bullet\"><span class=\"ql-ui\" contenteditable=\"false\"><\/span><span style=\"color: rgb(33, 37, 41);\">Plastik ta\u015f\u0131ma \u00e7antal\u0131d\u0131r.<\/span><\/li>\n<li data-list=\"bullet\"><span class=\"ql-ui\" contenteditable=\"false\"><\/span>Led \u0131\u015f\u0131\u011f\u0131 vard\u0131r.<\/li>\n<\/ol>\n<p><span style=\"color: rgb(33, 37, 41); background-color: white;\">Ambalaj i\u00e7eri\u011fi: Bits u\u00e7, bel kancas\u0131, \u00e7ift ak\u00fc, \u015farj cihaz\u0131<\/span><\/p>\n<p><span style=\"color: rgb(33, 37, 41); background-color: white;\">&nbsp;<\/span><\/p>\n<p><\/span><strong class=\"red-title\" style=\"font-size: 16px;\">Kullan\u0131m Amac\u0131:<\/strong> <span><\/p>\n<p><\/p>\n<p><\/span><strong class=\"red-title\" style=\"font-size: 16px;\">\u00d6zellikler:<\/strong> <span><\/p>\n<p><\/p>\n<p><\/span><strong class=\"red-title\" style=\"font-size: 16px;\">Paket \u0130\u00e7eri\u011fi:<\/strong> <span><\/p>\n<p><\/p>\n<p><\/span><\/p>\n<table>\n<tr>\n<td>Kapasite<\/td>\n<td>\u00c7elik:13mm, Ah\u015fap:38mm<\/td>\n<\/tr>\n<tr>\n<td>Bo\u015fta Devir<\/td>\n<td>0-500\/2.000 dev\/dk<\/td>\n<\/tr>\n<tr>\n<td>Maksimum Tork<\/td>\n<td>30\/54 N.m<\/td>\n<\/tr>\n<tr>\n<td>Kilitleme Torku<\/td>\n<td>60 N.m<\/td>\n<\/tr>\n<tr>\n<td>Net A\u011f\u0131rl\u0131k<\/td>\n<td>1.5<\/td>\n<\/tr>\n<tr>\n<td>G\u00fc\u00e7-Kapasite<\/td>\n<td>18V\/5.0Ah\/Li-ion<\/td>\n<\/tr>\n<tr>\n<td>Ak\u00fc \/ \u015earj Cihaz\u0131<\/td>\n<td>BL1850B \/ DC18RC<\/td>\n<\/tr>\n<tr>\n<td>Mandren<\/td>\n<td>1\/2&#8243;<\/td>\n<\/tr>\n<\/table>\n","protected":false},"excerpt":{"rendered":"<p><strong class=\"red-title\" style=\"font-size: 16px;\">A\u00e7\u0131klama:<\/strong> <span><\/p>\n<p><span style=\"color: rgb(33, 37, 41); background-color: white;\">Model DDF484RTJ<\/span><\/p>\n<p><span style=\"color: rgb(33, 37, 41); background-color: white;\">Matkap Vidalama 1\/2\u201d mm<\/span><\/p>\n<p>18V \u2022 54 Nm \u2022 2.000 dak\u207b\u00b9<\/p>\n<p><span style=\"color: rgb(0, 112, 192);\">Vidalama ve delme i\u00e7in g\u00fc\u00e7l\u00fc, k\u00f6m\u00fcrs\u00fcz matkap vidalama<\/span><\/p>\n<p>Profesyonel kullan\u0131m i\u00e7in vidalama ve delme i\u00e7in iki h\u0131z aral\u0131\u011f\u0131na sahip verimli k\u00f6m\u00fcrs\u00fcz alet. Maksimum tork 30 \/ 54 Nm. Montajc\u0131lar, in\u015faat\u00e7\u0131lar ve bak\u0131m personeli i\u00e7in \u00e7ok y\u00f6nl\u00fc bir alettir. K\u00f6m\u00fcrs\u00fcz BL motoru, uygulama s\u0131ras\u0131nda olu\u015fan \u0131s\u0131y\u0131 kaybetmeden makinenin g\u00fcc\u00fcne d\u00f6n\u00fc\u015ft\u00fcr\u00fcr, bu da daha verimli bir \u00e7al\u0131\u015fma sa\u011flar.Bu matkap, 18V 5.0Ah Li-Ion ak\u00fc ile \u00e7al\u0131\u015f\u0131r. 0-500\/2.000 bo\u015fta devire sahiptir. \u00c7elik i\u015f malzemelerinde 13 mm, ah\u015fapta ise 38 mm&#8217;ye kadar delme kapasitesi mevcuttur.<\/p>\n<p><span style=\"background-color: white; color: red;\">Kullan\u0131m amac\u0131:<\/span><span style=\"background-color: white; color: black;\"> Bu alet ah\u015fap, metal ve plastik malzemede delme ve vidalama i\u015flemleri&nbsp;i\u00e7in kullan\u0131lmas\u0131 ama\u00e7lanm\u0131\u015ft\u0131r. <\/span><\/p>\n<p><u>\u00d6zellikleri:<\/u><\/p>\n<p><span style=\"color: rgb(33, 37, 41); background-color: white;\">18V max Lithium-ion,BL MOTOR,XPT,\u00c7ift Ak\u00fcl\u00fc<\/span><\/p>\n<p>Li-ion;Bataryan\u0131n daha verimli \u00e7al\u0131\u015fmas\u0131n\u0131 sa\u011flayan teknolojidir.<\/p>\n<p>XPT(Ekstra Koruma Teknolojisi) sayesinde nemli ve ya\u011fmurlu ortamlarda kullan\u0131labilir. D\u00fc\u015fmeye kar\u015f\u0131 ekstra dayan\u0131kl\u0131d\u0131r.<\/p>\n<p>BL Motor\/K\u00f6m\u00fcrs\u00fcz Motor mevcuttur. K\u00f6m\u00fcrs\u00fcz motor sayesinde \u00e7al\u0131\u015fma esnas\u0131nda olu\u015fan \u0131s\u0131 enerjisi kaybolmaz ve makinenin g\u00fcc\u00fcne iletilir.<\/p>\n<p>Ak\u00fcl\u00fc yap\u0131s\u0131 kullan\u0131c\u0131ya kablosuz kullan\u0131m imkan\u0131 sunar ve bu sayede kullan\u0131c\u0131lar geni\u015f alanlarda kablo s\u0131n\u0131rlamalar\u0131 olmadan rahat\u00e7a \u00e7al\u0131\u015fabilirler.<\/p>\n<ol>\n<li data-list=\"bullet\"><span class=\"ql-ui\" contenteditable=\"false\"><\/span>De\u011fi\u015fken h\u0131z \u00f6zelli\u011fine sahiptir.<\/li>\n<li data-list=\"bullet\"><span class=\"ql-ui\" contenteditable=\"false\"><\/span>Sa\u011f-sol d\u00f6n\u00fc\u015f ayarl\u0131d\u0131r.<\/li>\n<li data-list=\"bullet\"><span class=\"ql-ui\" contenteditable=\"false\"><\/span>Manuel 2 h\u0131z mevcuttur.<\/li>\n<li data-list=\"bullet\"><span class=\"ql-ui\" contenteditable=\"false\"><\/span>Elektrik freni mevcuttur.<\/li>\n<li data-list=\"bullet\"><span class=\"ql-ui\" contenteditable=\"false\"><\/span>Otomatik mandrenlidir.<\/li>\n<li data-list=\"bullet\"><span class=\"ql-ui\" contenteditable=\"false\"><\/span>21 kademeli tork ayarlay\u0131c\u0131 vard\u0131r.<\/li>\n<li data-list=\"bullet\"><span class=\"ql-ui\" contenteditable=\"false\"><\/span><span style=\"color: rgb(33, 37, 41);\">Plastik ta\u015f\u0131ma \u00e7antal\u0131d\u0131r.<\/span><\/li>\n<li data-list=\"bullet\"><span class=\"ql-ui\" contenteditable=\"false\"><\/span>Led \u0131\u015f\u0131\u011f\u0131 vard\u0131r.<\/li>\n<\/ol>\n<p><span style=\"color: rgb(33, 37, 41); background-color: white;\">Ambalaj i\u00e7eri\u011fi: Bits u\u00e7, bel kancas\u0131, \u00e7ift ak\u00fc, \u015farj cihaz\u0131<\/span><\/p>\n<p><span style=\"color: rgb(33, 37, 41); background-color: white;\">&nbsp;<\/span><\/p>\n<p><\/span><strong class=\"red-title\" style=\"font-size: 16px;\">Kullan\u0131m Amac\u0131:<\/strong> <span><\/p>\n<p><\/p>\n<p><\/span><strong class=\"red-title\" style=\"font-size: 16px;\">\u00d6zellikler:<\/strong> <span><\/p>\n<p><\/p>\n<p><\/span><strong class=\"red-title\" style=\"font-size: 16px;\">Paket \u0130\u00e7eri\u011fi:<\/strong> <span><\/p>\n<p><\/p>\n<p><\/span><\/p>\n","protected":false},"featured_media":8967,"comment_status":"open","ping_status":"closed","template":"","meta":{"_acf_changed":false},"product_brand":[1485],"product_cat":[755],"product_tag":[],"class_list":{"0":"post-22801","1":"product","2":"type-product","3":"status-publish","4":"has-post-thumbnail","6":"product_brand-makita","7":"product_cat-18-volt","9":"first","10":"instock","11":"taxable","12":"shipping-taxable","13":"purchasable","14":"product-type-simple","15":"add-to-wishlist-after_add_to_cart"},"acf":[],"_links":{"self":[{"href":"https:\/\/www.makitamarket.com.tr\/site\/wp-json\/wp\/v2\/product\/22801","targetHints":{"allow":["GET"]}}],"collection":[{"href":"https:\/\/www.makitamarket.com.tr\/site\/wp-json\/wp\/v2\/product"}],"about":[{"href":"https:\/\/www.makitamarket.com.tr\/site\/wp-json\/wp\/v2\/types\/product"}],"replies":[{"embeddable":true,"href":"https:\/\/www.makitamarket.com.tr\/site\/wp-json\/wp\/v2\/comments?post=22801"}],"wp:featuredmedia":[{"embeddable":true,"href":"https:\/\/www.makitamarket.com.tr\/site\/wp-json\/wp\/v2\/media\/8967"}],"wp:attachment":[{"href":"https:\/\/www.makitamarket.com.tr\/site\/wp-json\/wp\/v2\/media?parent=22801"}],"wp:term":[{"taxonomy":"product_brand","embeddable":true,"href":"https:\/\/www.makitamarket.com.tr\/site\/wp-json\/wp\/v2\/product_brand?post=22801"},{"taxonomy":"product_cat","embeddable":true,"href":"https:\/\/www.makitamarket.com.tr\/site\/wp-json\/wp\/v2\/product_cat?post=22801"},{"taxonomy":"product_tag","embeddable":true,"href":"https:\/\/www.makitamarket.com.tr\/site\/wp-json\/wp\/v2\/product_tag?post=22801"}],"curies":[{"name":"wp","href":"https:\/\/api.w.org\/{rel}","templated":true}]}}