{"id":22804,"date":"2025-01-06T16:34:56","date_gmt":"2025-01-06T13:34:56","guid":{"rendered":"https:\/\/www.makitamarket.com.tr\/site\/urun\/makita-4101rh-elmas-testereli-kesim-makinasi\/"},"modified":"2026-04-13T19:10:39","modified_gmt":"2026-04-13T16:10:39","slug":"makita-4101rh-elmas-testereli-kesim-makinasi","status":"publish","type":"product","link":"https:\/\/www.makitamarket.com.tr\/site\/urun\/makita-4101rh-elmas-testereli-kesim-makinasi\/","title":{"rendered":"Makita 4101RH ELMAS TESTEREL\u0130 KES\u0130M MAK\u0130NASI"},"content":{"rendered":"<p>Model 4101RH<\/p>\n<p>Elmas Testereli Kesim Makinas\u0131<\/p>\n<p>Fayans, mermer, Sulu kesim<\/p>\n<p>860 W \u2022 125 mm \u2022 12.000 dak\u207b\u00b9<\/p>\n<p><span style=\"color: rgb(0, 112, 192);\">Fayans,mermer,sulu kesim i\u00e7in elmas testereli kesim makinas\u0131 <\/span><\/p>\n<p>Kullan\u0131m\u0131 kolay, g\u00fcvenli elmas testereli kesim makinas\u0131. 125 mm elmas b\u0131\u00e7ak \u00e7ap\u0131, maksimum 41,5 mm kesme derinli\u011fi sa\u011flar. 860 W motor g\u00fcc\u00fcne sahiptir. Ek g\u00fcvenlik i\u00e7in yumu\u015fak ba\u015flang\u0131\u00e7 mevcuttur.<\/p>\n<p><span style=\"color: red;\">Kullan\u0131m amac\u0131:<\/span>Alet; tu\u011fla,beton ve ta\u015f\u0131 kesmek i\u00e7in tasarlanm\u0131\u015ft\u0131r.<\/p>\n<p><u>\u00d6zellikleri:<\/u><\/p>\n<p><span style=\"color: red;\">G\u00fc\u00e7 Kayna\u011f\u0131: <\/span>Alet,isim levhas\u0131nda belirtilenle ayn\u0131 voltaja sahip bir g\u00fc\u00e7 kayna\u011f\u0131na ba\u011flanmal\u0131d\u0131r ve sadece tek fazla AC hatlar\u0131nda kullan\u0131labilir. Kullan\u0131c\u0131ya elektrik \u00e7arpmas\u0131n\u0131 \u00f6nlemek i\u00e7in bu alet topraklanmal\u0131d\u0131r. Sadece \u00fc\u00e7 u\u00e7lu toprakl\u0131 prizleri olan ve aletin fi\u015fiyle uyumlu \u00fc\u00e7 kutuplu al\u0131c\u0131lar\u0131 olan \u00fc\u00e7 kablolu uzatma kablolar\u0131 kullan\u0131n.<\/p>\n<ol>\n<li data-list=\"bullet\"><span class=\"ql-ui\" contenteditable=\"false\"><\/span>45 derece sola a\u00e7\u0131l\u0131 kesme <\/li>\n<\/ol>\n<p><span style=\"color: red;\">Testere dahildir <\/span><\/p>\n<p>Ambalaj i\u00e7eri\u011fi: Elmas testere, Anahtar, Allen anahtar, Su hortumu, adapt\u00f6r <\/p>\n<table>\n<tr>\n<td>S\u00fcrekli Ak\u0131m Giri\u015fi<\/td>\n<td>860W<\/td>\n<\/tr>\n<tr>\n<td>Kapasite<\/td>\n<td>90\u00ba  :41.5mm, 45\u00ba :26mm<\/td>\n<\/tr>\n<tr>\n<td>Bo\u015fta Devir<\/td>\n<td>12.000 devir\/dk<\/td>\n<\/tr>\n<tr>\n<td>Net A\u011f\u0131rl\u0131k<\/td>\n<td>3.0<\/td>\n<\/tr>\n<tr>\n<td>Testere \u00d6l\u00e7\u00fcleri<\/td>\n<td>125&#215;1.5x20mm<\/td>\n<\/tr>\n<\/table>\n","protected":false},"excerpt":{"rendered":"<p>Model 4101RH<\/p>\n<p>Elmas Testereli Kesim Makinas\u0131<\/p>\n<p>Fayans, mermer, Sulu kesim<\/p>\n<p>860 W \u2022 125 mm \u2022 12.000 dak\u207b\u00b9<\/p>\n<p><span style=\"color: rgb(0, 112, 192);\">Fayans,mermer,sulu kesim i\u00e7in elmas testereli kesim makinas\u0131 <\/span><\/p>\n<p>Kullan\u0131m\u0131 kolay, g\u00fcvenli elmas testereli kesim makinas\u0131. 125 mm elmas b\u0131\u00e7ak \u00e7ap\u0131, maksimum 41,5 mm kesme derinli\u011fi sa\u011flar. 860 W motor g\u00fcc\u00fcne sahiptir. Ek g\u00fcvenlik i\u00e7in yumu\u015fak ba\u015flang\u0131\u00e7 mevcuttur.<\/p>\n<p><span style=\"color: red;\">Kullan\u0131m amac\u0131:<\/span>Alet; tu\u011fla,beton ve ta\u015f\u0131 kesmek i\u00e7in tasarlanm\u0131\u015ft\u0131r.<\/p>\n<p><u>\u00d6zellikleri:<\/u><\/p>\n<p><span style=\"color: red;\">G\u00fc\u00e7 Kayna\u011f\u0131: <\/span>Alet,isim levhas\u0131nda belirtilenle ayn\u0131 voltaja sahip bir g\u00fc\u00e7 kayna\u011f\u0131na ba\u011flanmal\u0131d\u0131r ve sadece tek fazla AC hatlar\u0131nda kullan\u0131labilir. Kullan\u0131c\u0131ya elektrik \u00e7arpmas\u0131n\u0131 \u00f6nlemek i\u00e7in bu alet topraklanmal\u0131d\u0131r. Sadece \u00fc\u00e7 u\u00e7lu toprakl\u0131 prizleri olan ve aletin fi\u015fiyle uyumlu \u00fc\u00e7 kutuplu al\u0131c\u0131lar\u0131 olan \u00fc\u00e7 kablolu uzatma kablolar\u0131 kullan\u0131n.<\/p>\n<ol>\n<li data-list=\"bullet\"><span class=\"ql-ui\" contenteditable=\"false\"><\/span>45 derece sola a\u00e7\u0131l\u0131 kesme <\/li>\n<\/ol>\n<p><span style=\"color: red;\">Testere dahildir <\/span><\/p>\n<p>Ambalaj i\u00e7eri\u011fi: Elmas testere, Anahtar, Allen anahtar, Su hortumu, adapt\u00f6r <\/p>\n","protected":false},"featured_media":0,"comment_status":"open","ping_status":"closed","template":"","meta":{"_acf_changed":false},"product_brand":[1485],"product_cat":[882],"product_tag":[],"class_list":{"0":"post-22804","1":"product","2":"type-product","3":"status-publish","5":"product_brand-makita","6":"product_cat-elmas-testereli-kesim-makinalari","8":"first","9":"instock","10":"taxable","11":"shipping-taxable","12":"purchasable","13":"product-type-simple","14":"add-to-wishlist-after_add_to_cart"},"acf":[],"_links":{"self":[{"href":"https:\/\/www.makitamarket.com.tr\/site\/wp-json\/wp\/v2\/product\/22804","targetHints":{"allow":["GET"]}}],"collection":[{"href":"https:\/\/www.makitamarket.com.tr\/site\/wp-json\/wp\/v2\/product"}],"about":[{"href":"https:\/\/www.makitamarket.com.tr\/site\/wp-json\/wp\/v2\/types\/product"}],"replies":[{"embeddable":true,"href":"https:\/\/www.makitamarket.com.tr\/site\/wp-json\/wp\/v2\/comments?post=22804"}],"wp:attachment":[{"href":"https:\/\/www.makitamarket.com.tr\/site\/wp-json\/wp\/v2\/media?parent=22804"}],"wp:term":[{"taxonomy":"product_brand","embeddable":true,"href":"https:\/\/www.makitamarket.com.tr\/site\/wp-json\/wp\/v2\/product_brand?post=22804"},{"taxonomy":"product_cat","embeddable":true,"href":"https:\/\/www.makitamarket.com.tr\/site\/wp-json\/wp\/v2\/product_cat?post=22804"},{"taxonomy":"product_tag","embeddable":true,"href":"https:\/\/www.makitamarket.com.tr\/site\/wp-json\/wp\/v2\/product_tag?post=22804"}],"curies":[{"name":"wp","href":"https:\/\/api.w.org\/{rel}","templated":true}]}}