{"id":22806,"date":"2025-01-06T16:34:56","date_gmt":"2025-01-06T13:34:56","guid":{"rendered":"https:\/\/www.makitamarket.com.tr\/site\/urun\/makita-dhp458rmj-darbeli-matkap-vidalama-18v\/"},"modified":"2026-03-30T07:22:31","modified_gmt":"2026-03-30T04:22:31","slug":"makita-dhp458rmj-darbeli-matkap-vidalama-18v","status":"publish","type":"product","link":"https:\/\/www.makitamarket.com.tr\/site\/urun\/makita-dhp458rmj-darbeli-matkap-vidalama-18v\/","title":{"rendered":"Makita DHP458RMJ DARBEL\u0130 MATKAP V\u0130DALAMA 18V"},"content":{"rendered":"<p>Model DHP458RMJ<\/p>\n<p><span style=\"background-color: white; color: rgb(33, 37, 41);\">Darbeli Matkap Vidalama 1\/2\u201d mm<\/span><\/p>\n<p><span style=\"background-color: white; color: rgb(33, 37, 41);\">18V \u2022 91 Nm \u2022 0 \u2013 2.000 dak\u207b\u00b9<\/span><\/p>\n<p><span style=\"background-color: white; color: rgb(0, 112, 192);\">A\u011f\u0131r hizmet tipi vidalama ve delme i\u00e7in sa\u011flam darbeli matkap vidalama<\/span><\/p>\n<p><span style=\"background-color: white; color: rgb(33, 37, 41);\">Profesyonel vidalama ve delme i\u00e7in darbeli veya darbesiz etkili g\u00fc\u00e7l\u00fc darbeli matkap vidalama modeli. Maksimum tork g\u00fcc\u00fc 58\/ 91Nm. Montajc\u0131lar, in\u015faat\u00e7\u0131lar ve bak\u0131m personeli i\u00e7in \u00e7ok y\u00f6nl\u00fc bir alettir.<\/span><\/p>\n<p><span style=\"background-color: white; color: red;\">Kullan\u0131m amac\u0131: <\/span><span style=\"background-color: white; color: rgb(33, 37, 41);\">Bu alet tu\u011fla, tu\u011fla duvar ve ta\u015f malzemelerde darbeli delme i\u015flemi i\u00e7in tasarlanm\u0131\u015ft\u0131r. Bu alet ah\u015fap, metal, seramik ve plastik malzemelerde darbesiz delme ve vidalama i\u015flemleri i\u00e7in de uygundur. <\/span><\/p>\n<p><u style=\"background-color: white; color: rgb(33, 37, 41);\">\u00d6zellikleri:<\/u><\/p>\n<p><span style=\"background-color: white; color: rgb(33, 37, 41);\">18V max Lithium-ion<\/span><\/p>\n<p><span style=\"background-color: white; color: rgb(33, 37, 41);\">XPT,\u00c7ift Ak\u00fcl\u00fc<\/span><\/p>\n<p>XPT(Ekstra Koruma Teknolojisi) sayesinde nemli ve ya\u011fmurlu ortamlarda kullan\u0131labilir. D\u00fc\u015fmeye kar\u015f\u0131 ekstra dayan\u0131kl\u0131d\u0131r.<\/p>\n<p>Ak\u00fcl\u00fc yap\u0131s\u0131 kullan\u0131c\u0131ya kablosuz kullan\u0131m imkan\u0131 sunar ve bu sayede kullan\u0131c\u0131lar geni\u015f alanlarda kablo s\u0131n\u0131rlamalar\u0131 olmadan rahat\u00e7a \u00e7al\u0131\u015fabilirler.<\/p>\n<p><\/p>\n<ol>\n<li data-list=\"bullet\"><span class=\"ql-ui\" contenteditable=\"false\"><\/span>De\u011fi\u015fken h\u0131z \u00f6zelli\u011fine sahiptir.<\/li>\n<li data-list=\"bullet\"><span class=\"ql-ui\" contenteditable=\"false\"><\/span>Sa\u011f-sol d\u00f6n\u00fc\u015f ayarl\u0131d\u0131r.<\/li>\n<li data-list=\"bullet\"><span class=\"ql-ui\" contenteditable=\"false\"><\/span>Manuel 2 h\u0131z mevcuttur.<\/li>\n<li data-list=\"bullet\"><span class=\"ql-ui\" contenteditable=\"false\"><\/span>Elektrik freni mevcuttur.<\/li>\n<li data-list=\"bullet\"><span class=\"ql-ui\" contenteditable=\"false\"><\/span>Otomatik mandrenlidir.<\/li>\n<li data-list=\"bullet\"><span class=\"ql-ui\" contenteditable=\"false\"><\/span>21 kademeli tork ayarlay\u0131c\u0131 vard\u0131r. <\/li>\n<li data-list=\"bullet\"><span class=\"ql-ui\" contenteditable=\"false\"><\/span><span style=\"color: rgb(33, 37, 41);\">Plastik ta\u015f\u0131ma \u00e7antal\u0131d\u0131r.<\/span><\/li>\n<li data-list=\"bullet\"><span class=\"ql-ui\" contenteditable=\"false\"><\/span><span style=\"color: rgb(33, 37, 41);\">Led \u0131\u015f\u0131\u011f\u0131 vard\u0131r.<\/span><\/li>\n<\/ol>\n<p>Ambalaj i\u00e7eri\u011fi: Bits u\u00e7,bel kancas\u0131,\u00e7ift ak\u00fc,\u015farj cihaz\u0131<\/p>\n<table>\n<tr>\n<td>Kapasite<\/td>\n<td>\u00c7elik: 13mm, Ah\u015fap: 76mm, Tu\u011fla: 16mm<\/td>\n<\/tr>\n<tr>\n<td>Bo\u015fta Devir<\/td>\n<td>0-400\/2.000 devir\/dk<\/td>\n<\/tr>\n<tr>\n<td>Maksimum Tork<\/td>\n<td>58 \/ 91 N.m<\/td>\n<\/tr>\n<tr>\n<td>Net A\u011f\u0131rl\u0131k<\/td>\n<td>2.2<\/td>\n<\/tr>\n<tr>\n<td>G\u00fc\u00e7-Kapasite<\/td>\n<td>18V\/4.0Ah\/Li-ion<\/td>\n<\/tr>\n<tr>\n<td>Ak\u00fc \/ \u015earj Cihaz\u0131<\/td>\n<td>BL1840\/DC18RC<\/td>\n<\/tr>\n<tr>\n<td>Mandren<\/td>\n<td>1\/2&#8243;<\/td>\n<\/tr>\n<\/table>\n","protected":false},"excerpt":{"rendered":"<p>Model DHP458RMJ<\/p>\n<p><span style=\"background-color: white; color: rgb(33, 37, 41);\">Darbeli Matkap Vidalama 1\/2\u201d mm<\/span><\/p>\n<p><span style=\"background-color: white; color: rgb(33, 37, 41);\">18V \u2022 91 Nm \u2022 0 \u2013 2.000 dak\u207b\u00b9<\/span><\/p>\n<p><span style=\"background-color: white; color: rgb(0, 112, 192);\">A\u011f\u0131r hizmet tipi vidalama ve delme i\u00e7in sa\u011flam darbeli matkap vidalama<\/span><\/p>\n<p><span style=\"background-color: white; color: rgb(33, 37, 41);\">Profesyonel vidalama ve delme i\u00e7in darbeli veya darbesiz etkili g\u00fc\u00e7l\u00fc darbeli matkap vidalama modeli. Maksimum tork g\u00fcc\u00fc 58\/ 91Nm. Montajc\u0131lar, in\u015faat\u00e7\u0131lar ve bak\u0131m personeli i\u00e7in \u00e7ok y\u00f6nl\u00fc bir alettir.<\/span><\/p>\n<p><span style=\"background-color: white; color: red;\">Kullan\u0131m amac\u0131: <\/span><span style=\"background-color: white; color: rgb(33, 37, 41);\">Bu alet tu\u011fla, tu\u011fla duvar ve ta\u015f malzemelerde darbeli delme i\u015flemi i\u00e7in tasarlanm\u0131\u015ft\u0131r. Bu alet ah\u015fap, metal, seramik ve plastik malzemelerde darbesiz delme ve vidalama i\u015flemleri i\u00e7in de uygundur. <\/span><\/p>\n<p><u style=\"background-color: white; color: rgb(33, 37, 41);\">\u00d6zellikleri:<\/u><\/p>\n<p><span style=\"background-color: white; color: rgb(33, 37, 41);\">18V max Lithium-ion<\/span><\/p>\n<p><span style=\"background-color: white; color: rgb(33, 37, 41);\">XPT,\u00c7ift Ak\u00fcl\u00fc<\/span><\/p>\n<p>XPT(Ekstra Koruma Teknolojisi) sayesinde nemli ve ya\u011fmurlu ortamlarda kullan\u0131labilir. D\u00fc\u015fmeye kar\u015f\u0131 ekstra dayan\u0131kl\u0131d\u0131r.<\/p>\n<p>Ak\u00fcl\u00fc yap\u0131s\u0131 kullan\u0131c\u0131ya kablosuz kullan\u0131m imkan\u0131 sunar ve bu sayede kullan\u0131c\u0131lar geni\u015f alanlarda kablo s\u0131n\u0131rlamalar\u0131 olmadan rahat\u00e7a \u00e7al\u0131\u015fabilirler.<\/p>\n<p><\/p>\n<ol>\n<li data-list=\"bullet\"><span class=\"ql-ui\" contenteditable=\"false\"><\/span>De\u011fi\u015fken h\u0131z \u00f6zelli\u011fine sahiptir.<\/li>\n<li data-list=\"bullet\"><span class=\"ql-ui\" contenteditable=\"false\"><\/span>Sa\u011f-sol d\u00f6n\u00fc\u015f ayarl\u0131d\u0131r.<\/li>\n<li data-list=\"bullet\"><span class=\"ql-ui\" contenteditable=\"false\"><\/span>Manuel 2 h\u0131z mevcuttur.<\/li>\n<li data-list=\"bullet\"><span class=\"ql-ui\" contenteditable=\"false\"><\/span>Elektrik freni mevcuttur.<\/li>\n<li data-list=\"bullet\"><span class=\"ql-ui\" contenteditable=\"false\"><\/span>Otomatik mandrenlidir.<\/li>\n<li data-list=\"bullet\"><span class=\"ql-ui\" contenteditable=\"false\"><\/span>21 kademeli tork ayarlay\u0131c\u0131 vard\u0131r. <\/li>\n<li data-list=\"bullet\"><span class=\"ql-ui\" contenteditable=\"false\"><\/span><span style=\"color: rgb(33, 37, 41);\">Plastik ta\u015f\u0131ma \u00e7antal\u0131d\u0131r.<\/span><\/li>\n<li data-list=\"bullet\"><span class=\"ql-ui\" contenteditable=\"false\"><\/span><span style=\"color: rgb(33, 37, 41);\">Led \u0131\u015f\u0131\u011f\u0131 vard\u0131r.<\/span><\/li>\n<\/ol>\n<p>Ambalaj i\u00e7eri\u011fi: Bits u\u00e7,bel kancas\u0131,\u00e7ift ak\u00fc,\u015farj cihaz\u0131<\/p>\n","protected":false},"featured_media":8979,"comment_status":"open","ping_status":"closed","template":"","meta":{"_acf_changed":false},"product_brand":[1485],"product_cat":[755],"product_tag":[],"class_list":{"0":"post-22806","1":"product","2":"type-product","3":"status-publish","4":"has-post-thumbnail","6":"product_brand-makita","7":"product_cat-18-volt","9":"first","10":"instock","11":"taxable","12":"shipping-taxable","13":"purchasable","14":"product-type-simple","15":"add-to-wishlist-after_add_to_cart"},"acf":[],"_links":{"self":[{"href":"https:\/\/www.makitamarket.com.tr\/site\/wp-json\/wp\/v2\/product\/22806","targetHints":{"allow":["GET"]}}],"collection":[{"href":"https:\/\/www.makitamarket.com.tr\/site\/wp-json\/wp\/v2\/product"}],"about":[{"href":"https:\/\/www.makitamarket.com.tr\/site\/wp-json\/wp\/v2\/types\/product"}],"replies":[{"embeddable":true,"href":"https:\/\/www.makitamarket.com.tr\/site\/wp-json\/wp\/v2\/comments?post=22806"}],"wp:featuredmedia":[{"embeddable":true,"href":"https:\/\/www.makitamarket.com.tr\/site\/wp-json\/wp\/v2\/media\/8979"}],"wp:attachment":[{"href":"https:\/\/www.makitamarket.com.tr\/site\/wp-json\/wp\/v2\/media?parent=22806"}],"wp:term":[{"taxonomy":"product_brand","embeddable":true,"href":"https:\/\/www.makitamarket.com.tr\/site\/wp-json\/wp\/v2\/product_brand?post=22806"},{"taxonomy":"product_cat","embeddable":true,"href":"https:\/\/www.makitamarket.com.tr\/site\/wp-json\/wp\/v2\/product_cat?post=22806"},{"taxonomy":"product_tag","embeddable":true,"href":"https:\/\/www.makitamarket.com.tr\/site\/wp-json\/wp\/v2\/product_tag?post=22806"}],"curies":[{"name":"wp","href":"https:\/\/api.w.org\/{rel}","templated":true}]}}