{"id":22807,"date":"2025-01-06T16:34:56","date_gmt":"2025-01-06T13:34:56","guid":{"rendered":"https:\/\/www.makitamarket.com.tr\/site\/urun\/mastech-ssw-1500a-lazer-menzil-bulucu\/"},"modified":"2026-03-30T07:22:32","modified_gmt":"2026-03-30T04:22:32","slug":"mastech-ssw-1500a-lazer-menzil-bulucu","status":"publish","type":"product","link":"https:\/\/www.makitamarket.com.tr\/site\/urun\/mastech-ssw-1500a-lazer-menzil-bulucu\/","title":{"rendered":"Mastech SSW-1500A LAZER MENZ\u0130L BULUCU"},"content":{"rendered":"<div>\n\tElektrik nakil hatlar\u0131 kurulumunda, otoyol yap\u0131m\u0131nda ve farkl\u0131 do\u011fa sporlar\u0131nda kullan\u0131ma uygundur.<\/div>\n<div>\n\tMesafe , yatay mesafe, a\u00e7\u0131 ve y\u00fckseklik \u00f6l\u00e7\u00fcm \u00f6zelli\u011fi .<\/div>\n<table>\n<tr>\n<td>Mesafe<\/td>\n<td>5-1500 m<\/td>\n<\/tr>\n<tr>\n<td>A\u00e7\u0131 ayar\u0131<\/td>\n<td>\u00b160\u00b0<\/td>\n<\/tr>\n<tr>\n<td>Optik b\u00fcy\u00fcltme<\/td>\n<td>6x<\/td>\n<\/tr>\n<tr>\n<td>Lens \u00e7ap\u0131<\/td>\n<td>25mm<\/td>\n<\/tr>\n<tr>\n<td>Lazer Dalga Boyu<\/td>\n<td>905Nm<\/td>\n<\/tr>\n<tr>\n<td>Ekran<\/td>\n<td>LCD<\/td>\n<\/tr>\n<tr>\n<td>Diopter ayar\u0131<\/td>\n<td>\u00b15<\/td>\n<\/tr>\n<tr>\n<td>Boyutlar<\/td>\n<td>104 x 72 x 41 mm<\/td>\n<\/tr>\n<tr>\n<td>Batarya<\/td>\n<td>3Vx1, CR2<\/td>\n<\/tr>\n<\/table>\n","protected":false},"excerpt":{"rendered":"<div>\n\tElektrik nakil hatlar\u0131 kurulumunda, otoyol yap\u0131m\u0131nda ve farkl\u0131 do\u011fa sporlar\u0131nda kullan\u0131ma uygundur.<\/div>\n<div>\n\tMesafe , yatay mesafe, a\u00e7\u0131 ve y\u00fckseklik \u00f6l\u00e7\u00fcm \u00f6zelli\u011fi .<\/div>\n","protected":false},"featured_media":8980,"comment_status":"open","ping_status":"closed","template":"","meta":{"_acf_changed":false},"product_brand":[1526],"product_cat":[913],"product_tag":[],"class_list":{"0":"post-22807","1":"product","2":"type-product","3":"status-publish","4":"has-post-thumbnail","6":"product_brand-mastech","7":"product_cat-lazer-menzil-bulucular","9":"first","10":"instock","11":"taxable","12":"shipping-taxable","13":"purchasable","14":"product-type-simple","15":"add-to-wishlist-after_add_to_cart"},"acf":[],"_links":{"self":[{"href":"https:\/\/www.makitamarket.com.tr\/site\/wp-json\/wp\/v2\/product\/22807","targetHints":{"allow":["GET"]}}],"collection":[{"href":"https:\/\/www.makitamarket.com.tr\/site\/wp-json\/wp\/v2\/product"}],"about":[{"href":"https:\/\/www.makitamarket.com.tr\/site\/wp-json\/wp\/v2\/types\/product"}],"replies":[{"embeddable":true,"href":"https:\/\/www.makitamarket.com.tr\/site\/wp-json\/wp\/v2\/comments?post=22807"}],"wp:featuredmedia":[{"embeddable":true,"href":"https:\/\/www.makitamarket.com.tr\/site\/wp-json\/wp\/v2\/media\/8980"}],"wp:attachment":[{"href":"https:\/\/www.makitamarket.com.tr\/site\/wp-json\/wp\/v2\/media?parent=22807"}],"wp:term":[{"taxonomy":"product_brand","embeddable":true,"href":"https:\/\/www.makitamarket.com.tr\/site\/wp-json\/wp\/v2\/product_brand?post=22807"},{"taxonomy":"product_cat","embeddable":true,"href":"https:\/\/www.makitamarket.com.tr\/site\/wp-json\/wp\/v2\/product_cat?post=22807"},{"taxonomy":"product_tag","embeddable":true,"href":"https:\/\/www.makitamarket.com.tr\/site\/wp-json\/wp\/v2\/product_tag?post=22807"}],"curies":[{"name":"wp","href":"https:\/\/api.w.org\/{rel}","templated":true}]}}