{"id":22835,"date":"2025-01-06T16:35:08","date_gmt":"2025-01-06T13:35:08","guid":{"rendered":"https:\/\/www.makitamarket.com.tr\/site\/urun\/makita-js3201j-sac-kesme-makinasi\/"},"modified":"2026-04-21T00:32:13","modified_gmt":"2026-04-20T21:32:13","slug":"makita-js3201j-sac-kesme-makinasi","status":"publish","type":"product","link":"https:\/\/www.makitamarket.com.tr\/site\/urun\/makita-js3201j-sac-kesme-makinasi\/","title":{"rendered":"Makita JS3201J SAC KESME MAK\u0130NASI"},"content":{"rendered":"<p><span style=\"color: black;\">Model JS3201J<\/span><\/p>\n<p><span style=\"color: black;\">Sac Kesmeler<\/span><\/p>\n<p>710 W \u2022 3.2 mm \u2022 1.600 dak\u207b\u00b9<\/p>\n<p><strong style=\"color: rgb(0, 112, 192);\">Metal Kesimi i\u00e7in Y\u00fcksek Performansl\u0131 Sac Kesme Makinesi<\/strong><\/p>\n<p><span style=\"color: black;\">Metal sac kesme i\u015flemleri i\u00e7in tasarlanm\u0131\u015f, g\u00fc\u00e7l\u00fc ve dayan\u0131kl\u0131 bir sac kesme makinesi modelidir. <\/span><strong style=\"color: black;\">710 W motor g\u00fcc\u00fc<\/strong><span style=\"color: black;\"> ve <\/span><strong style=\"color: black;\">3.2 <\/strong><span style=\"color: black;\">mm pens kapasitesi ile zorlu i\u015fler i\u00e7in y\u00fcksek performans sunar. Ergonomik tasar\u0131m\u0131, rahat tutu\u015f ve d\u00fc\u015f\u00fck titre\u015fim seviyesi sayesinde uzun s\u00fcreli kullan\u0131mda konfor sa\u011flar. Metal i\u015fleme, \u00e7at\u0131 kaplama ve profesyonel sac kesme projelerinde tercih edilen bir modeldir.<\/span><\/p>\n<p><span style=\"color: red;\">Kullan\u0131m amac\u0131: <\/span><span style=\"color: black;\">Bu aletin kullan\u0131m amac\u0131 \u00e7elik ve paslanmaz \u00e7elik sac kesmektir. <\/span><\/p>\n<p><u>\u00d6zellikleri:<\/u><\/p>\n<p><span style=\"color: red;\">G\u00fc\u00e7 Kayna\u011f\u0131: <\/span>Makinan\u0131n, yaln\u0131zca isim levhas\u0131nda belirtilenle ayn\u0131 voltajl\u0131 g\u00fc\u00e7 kayna\u011f\u0131na ba\u011flanmas\u0131 gerekir ve yaln\u0131zca tek fazl\u0131 AC g\u00fc\u00e7 kayna\u011f\u0131yla \u00e7al\u0131\u015ft\u0131r\u0131labilir. \u00c7ifte yal\u0131t\u0131ml\u0131d\u0131r ve topraklamas\u0131z prizlerle de kullan\u0131labilir.<\/p>\n<ol>\n<li data-list=\"bullet\"><span class=\"ql-ui\" contenteditable=\"false\"><\/span>\u00c7ift yal\u0131t\u0131ml\u0131d\u0131r.<\/li>\n<li data-list=\"bullet\"><span class=\"ql-ui\" contenteditable=\"false\"><\/span>Plastik ta\u015f\u0131ma \u00e7antal\u0131d\u0131r.<\/li>\n<\/ol>\n<p><span style=\"color: rgb(33, 37, 41); background-color: white;\">Ambalaj i\u00e7eri\u011fi: Sac kesme b\u0131\u00e7a\u011f\u0131, anahtar, kal\u0131nl\u0131k k\u0131lavuzu<\/span><\/p>\n<p><span style=\"color: red; background-color: white;\">D\u00fcz ve \u015fekilli kesimler i\u00e7in, At\u0131ks\u0131z<\/span><\/p>\n<table>\n<tr>\n<td>S\u00fcrekli Ak\u0131m Giri\u015fi<\/td>\n<td>710W<\/td>\n<\/tr>\n<tr>\n<td>Kapasite<\/td>\n<td>400Nm ile \u00e7elik:3.2mm,600Nm ile \u00e7elik:2.5mm,800Nm ile \u00e7elik:1.5mm,200Nm ile al\u00fcminyum:4.0mm<\/td>\n<\/tr>\n<tr>\n<td>Net A\u011f\u0131rl\u0131k<\/td>\n<td>3.5kg<\/td>\n<\/tr>\n<tr>\n<td>Ak\u0131m<\/td>\n<td>3.0Ah<\/td>\n<\/tr>\n<tr>\n<td>Min.KesmeYar\u0131\u00e7ap\u0131<\/td>\n<td>50mm<\/td>\n<\/tr>\n<tr>\n<td>Dakikada kesme say\u0131s\u0131<\/td>\n<td>1.600<\/td>\n<\/tr>\n<\/table>\n","protected":false},"excerpt":{"rendered":"<p><span style=\"color: black;\">Model JS3201J<\/span><\/p>\n<p><span style=\"color: black;\">Sac Kesmeler<\/span><\/p>\n<p>710 W \u2022 3.2 mm \u2022 1.600 dak\u207b\u00b9<\/p>\n<p><strong style=\"color: rgb(0, 112, 192);\">Metal Kesimi i\u00e7in Y\u00fcksek Performansl\u0131 Sac Kesme Makinesi<\/strong><\/p>\n<p><span style=\"color: black;\">Metal sac kesme i\u015flemleri i\u00e7in tasarlanm\u0131\u015f, g\u00fc\u00e7l\u00fc ve dayan\u0131kl\u0131 bir sac kesme makinesi modelidir. <\/span><strong style=\"color: black;\">710 W motor g\u00fcc\u00fc<\/strong><span style=\"color: black;\"> ve <\/span><strong style=\"color: black;\">3.2 <\/strong><span style=\"color: black;\">mm pens kapasitesi ile zorlu i\u015fler i\u00e7in y\u00fcksek performans sunar. Ergonomik tasar\u0131m\u0131, rahat tutu\u015f ve d\u00fc\u015f\u00fck titre\u015fim seviyesi sayesinde uzun s\u00fcreli kullan\u0131mda konfor sa\u011flar. Metal i\u015fleme, \u00e7at\u0131 kaplama ve profesyonel sac kesme projelerinde tercih edilen bir modeldir.<\/span><\/p>\n<p><span style=\"color: red;\">Kullan\u0131m amac\u0131: <\/span><span style=\"color: black;\">Bu aletin kullan\u0131m amac\u0131 \u00e7elik ve paslanmaz \u00e7elik sac kesmektir. <\/span><\/p>\n<p><u>\u00d6zellikleri:<\/u><\/p>\n<p><span style=\"color: red;\">G\u00fc\u00e7 Kayna\u011f\u0131: <\/span>Makinan\u0131n, yaln\u0131zca isim levhas\u0131nda belirtilenle ayn\u0131 voltajl\u0131 g\u00fc\u00e7 kayna\u011f\u0131na ba\u011flanmas\u0131 gerekir ve yaln\u0131zca tek fazl\u0131 AC g\u00fc\u00e7 kayna\u011f\u0131yla \u00e7al\u0131\u015ft\u0131r\u0131labilir. \u00c7ifte yal\u0131t\u0131ml\u0131d\u0131r ve topraklamas\u0131z prizlerle de kullan\u0131labilir.<\/p>\n<ol>\n<li data-list=\"bullet\"><span class=\"ql-ui\" contenteditable=\"false\"><\/span>\u00c7ift yal\u0131t\u0131ml\u0131d\u0131r.<\/li>\n<li data-list=\"bullet\"><span class=\"ql-ui\" contenteditable=\"false\"><\/span>Plastik ta\u015f\u0131ma \u00e7antal\u0131d\u0131r.<\/li>\n<\/ol>\n<p><span style=\"color: rgb(33, 37, 41); background-color: white;\">Ambalaj i\u00e7eri\u011fi: Sac kesme b\u0131\u00e7a\u011f\u0131, anahtar, kal\u0131nl\u0131k k\u0131lavuzu<\/span><\/p>\n<p><span style=\"color: red; background-color: white;\">D\u00fcz ve \u015fekilli kesimler i\u00e7in, At\u0131ks\u0131z<\/span><\/p>\n","protected":false},"featured_media":9070,"comment_status":"open","ping_status":"closed","template":"","meta":{"_acf_changed":false},"product_brand":[1485],"product_cat":[901],"product_tag":[],"class_list":{"0":"post-22835","1":"product","2":"type-product","3":"status-publish","4":"has-post-thumbnail","6":"product_brand-makita","7":"product_cat-sac-kesmeler","9":"first","10":"instock","11":"taxable","12":"shipping-taxable","13":"purchasable","14":"product-type-simple","15":"add-to-wishlist-after_add_to_cart"},"acf":[],"_links":{"self":[{"href":"https:\/\/www.makitamarket.com.tr\/site\/wp-json\/wp\/v2\/product\/22835","targetHints":{"allow":["GET"]}}],"collection":[{"href":"https:\/\/www.makitamarket.com.tr\/site\/wp-json\/wp\/v2\/product"}],"about":[{"href":"https:\/\/www.makitamarket.com.tr\/site\/wp-json\/wp\/v2\/types\/product"}],"replies":[{"embeddable":true,"href":"https:\/\/www.makitamarket.com.tr\/site\/wp-json\/wp\/v2\/comments?post=22835"}],"wp:featuredmedia":[{"embeddable":true,"href":"https:\/\/www.makitamarket.com.tr\/site\/wp-json\/wp\/v2\/media\/9070"}],"wp:attachment":[{"href":"https:\/\/www.makitamarket.com.tr\/site\/wp-json\/wp\/v2\/media?parent=22835"}],"wp:term":[{"taxonomy":"product_brand","embeddable":true,"href":"https:\/\/www.makitamarket.com.tr\/site\/wp-json\/wp\/v2\/product_brand?post=22835"},{"taxonomy":"product_cat","embeddable":true,"href":"https:\/\/www.makitamarket.com.tr\/site\/wp-json\/wp\/v2\/product_cat?post=22835"},{"taxonomy":"product_tag","embeddable":true,"href":"https:\/\/www.makitamarket.com.tr\/site\/wp-json\/wp\/v2\/product_tag?post=22835"}],"curies":[{"name":"wp","href":"https:\/\/api.w.org\/{rel}","templated":true}]}}