{"id":22838,"date":"2025-01-06T16:35:09","date_gmt":"2025-01-06T13:35:09","guid":{"rendered":"https:\/\/www.makitamarket.com.tr\/site\/urun\/makita-dga452rmj-avuc-taslama-18v\/"},"modified":"2026-04-06T12:35:54","modified_gmt":"2026-04-06T09:35:54","slug":"makita-dga452rmj-avuc-taslama-18v","status":"publish","type":"product","link":"https:\/\/www.makitamarket.com.tr\/site\/urun\/makita-dga452rmj-avuc-taslama-18v\/","title":{"rendered":"Makita DGA452RMJ AVU\u00c7 TA\u015eLAMA 18V"},"content":{"rendered":"<p><span style=\"color: rgb(33, 37, 41);\">Model DGA452RMJ<\/span><\/p>\n<p><span style=\"color: rgb(33, 37, 41);\">Avu\u00e7 Ta\u015flama (115mm)<\/span><\/p>\n<p><span style=\"color: rgb(33, 37, 41);\">18V \u2022 115 mm \u2022 11.000 dak\u207b\u00b9<\/span><\/p>\n<p><span style=\"color: rgb(0, 112, 192);\">G\u00fc\u00e7l\u00fc avu\u00e7 ta\u015flama makinesi<\/span><\/p>\n<p><span style=\"color: rgb(33, 37, 41);\">18V g\u00fc\u00e7l\u00fc ak\u00fcl\u00fc avu\u00e7 ta\u015flama makinesi. Standart avu\u00e7 ta\u015flama makinesi diskleri mevcuttur. Ekstra konfor i\u00e7in ince g\u00f6vde tasar\u0131m\u0131 vard\u0131r. Dakikada 8.500 bo\u015fta devire sahiptir. <\/span><\/p>\n<p><span style=\"color: red;\">Kullan\u0131m amac\u0131<\/span><span style=\"color: rgb(33, 37, 41);\">: Bu alet,metal ve ta\u015f malzemelerin su kullanmadan ta\u015flanmas\u0131,z\u0131mparalanmas\u0131,telle f\u0131r\u00e7alanmas\u0131, delik a\u00e7\u0131lmas\u0131 ve kesilmesi amac\u0131yla tasarlanm\u0131\u015ft\u0131r.<\/span><\/p>\n<p><u style=\"color: rgb(33, 37, 41);\">\u00d6zellikleri:<\/u><\/p>\n<p><span style=\"background-color: white; color: rgb(33, 37, 41);\">18V max Lithium-ion,\u00c7ift Ak\u00fcl\u00fc<\/span><\/p>\n<p>Ak\u00fcl\u00fc yap\u0131s\u0131 kullan\u0131c\u0131ya kablosuz kullan\u0131m imkan\u0131 sunar ve bu sayede kullan\u0131c\u0131lar geni\u015f alanlarda kablo s\u0131n\u0131rlamalar\u0131 olmadan rahat\u00e7a \u00e7al\u0131\u015fabilirler.<\/p>\n<p>Li-ion;Bataryan\u0131n daha verimli \u00e7al\u0131\u015fmas\u0131n\u0131 sa\u011flayan teknolojidir.<\/p>\n<ol>\n<li data-list=\"bullet\"><span class=\"ql-ui\" contenteditable=\"false\"><\/span><span style=\"color: rgb(33, 37, 41);\">Plastik ta\u015f\u0131ma \u00e7antal\u0131d\u0131r.<\/span><\/li>\n<\/ol>\n<p><span style=\"color: rgb(33, 37, 41);\">Ambalaj i\u00e7eri\u011fi: Ta\u015flama ta\u015f\u0131, siper, yan sap, anahtar, \u00e7ift ak\u00fc, \u015farj cihaz\u0131<\/span><\/p>\n<table>\n<tr>\n<td>Kapasite<\/td>\n<td>Kesici, A\u015f\u0131nd\u0131r\u0131c\u0131, Elmas : 115mm<\/td>\n<\/tr>\n<tr>\n<td>Bo\u015fta Devir<\/td>\n<td>11.000 devir\/dk<\/td>\n<\/tr>\n<tr>\n<td>Net A\u011f\u0131rl\u0131k<\/td>\n<td>2.0kg<\/td>\n<\/tr>\n<tr>\n<td>G\u00fc\u00e7-Kapasite<\/td>\n<td>18V\/4.0Ah\/Li-\u0130on<\/td>\n<\/tr>\n<tr>\n<td>Ak\u00fc \/ \u015earj Cihaz\u0131<\/td>\n<td>BL1840\/DC18RC<\/td>\n<\/tr>\n<tr>\n<td>Mil \u00c7ap\u0131<\/td>\n<td>M14<\/td>\n<\/tr>\n<\/table>\n","protected":false},"excerpt":{"rendered":"<p><span style=\"color: rgb(33, 37, 41);\">Model DGA452RMJ<\/span><\/p>\n<p><span style=\"color: rgb(33, 37, 41);\">Avu\u00e7 Ta\u015flama (115mm)<\/span><\/p>\n<p><span style=\"color: rgb(33, 37, 41);\">18V \u2022 115 mm \u2022 11.000 dak\u207b\u00b9<\/span><\/p>\n<p><span style=\"color: rgb(0, 112, 192);\">G\u00fc\u00e7l\u00fc avu\u00e7 ta\u015flama makinesi<\/span><\/p>\n<p><span style=\"color: rgb(33, 37, 41);\">18V g\u00fc\u00e7l\u00fc ak\u00fcl\u00fc avu\u00e7 ta\u015flama makinesi. Standart avu\u00e7 ta\u015flama makinesi diskleri mevcuttur. Ekstra konfor i\u00e7in ince g\u00f6vde tasar\u0131m\u0131 vard\u0131r. Dakikada 8.500 bo\u015fta devire sahiptir. <\/span><\/p>\n<p><span style=\"color: red;\">Kullan\u0131m amac\u0131<\/span><span style=\"color: rgb(33, 37, 41);\">: Bu alet,metal ve ta\u015f malzemelerin su kullanmadan ta\u015flanmas\u0131,z\u0131mparalanmas\u0131,telle f\u0131r\u00e7alanmas\u0131, delik a\u00e7\u0131lmas\u0131 ve kesilmesi amac\u0131yla tasarlanm\u0131\u015ft\u0131r.<\/span><\/p>\n<p><u style=\"color: rgb(33, 37, 41);\">\u00d6zellikleri:<\/u><\/p>\n<p><span style=\"background-color: white; color: rgb(33, 37, 41);\">18V max Lithium-ion,\u00c7ift Ak\u00fcl\u00fc<\/span><\/p>\n<p>Ak\u00fcl\u00fc yap\u0131s\u0131 kullan\u0131c\u0131ya kablosuz kullan\u0131m imkan\u0131 sunar ve bu sayede kullan\u0131c\u0131lar geni\u015f alanlarda kablo s\u0131n\u0131rlamalar\u0131 olmadan rahat\u00e7a \u00e7al\u0131\u015fabilirler.<\/p>\n<p>Li-ion;Bataryan\u0131n daha verimli \u00e7al\u0131\u015fmas\u0131n\u0131 sa\u011flayan teknolojidir.<\/p>\n<ol>\n<li data-list=\"bullet\"><span class=\"ql-ui\" contenteditable=\"false\"><\/span><span style=\"color: rgb(33, 37, 41);\">Plastik ta\u015f\u0131ma \u00e7antal\u0131d\u0131r.<\/span><\/li>\n<\/ol>\n<p><span style=\"color: rgb(33, 37, 41);\">Ambalaj i\u00e7eri\u011fi: Ta\u015flama ta\u015f\u0131, siper, yan sap, anahtar, \u00e7ift ak\u00fc, \u015farj cihaz\u0131<\/span><\/p>\n","protected":false},"featured_media":9087,"comment_status":"open","ping_status":"closed","template":"","meta":{"_acf_changed":false},"product_brand":[1485],"product_cat":[755],"product_tag":[],"class_list":{"0":"post-22838","1":"product","2":"type-product","3":"status-publish","4":"has-post-thumbnail","6":"product_brand-makita","7":"product_cat-18-volt","9":"first","10":"instock","11":"taxable","12":"shipping-taxable","13":"purchasable","14":"product-type-simple","15":"add-to-wishlist-after_add_to_cart"},"acf":[],"_links":{"self":[{"href":"https:\/\/www.makitamarket.com.tr\/site\/wp-json\/wp\/v2\/product\/22838","targetHints":{"allow":["GET"]}}],"collection":[{"href":"https:\/\/www.makitamarket.com.tr\/site\/wp-json\/wp\/v2\/product"}],"about":[{"href":"https:\/\/www.makitamarket.com.tr\/site\/wp-json\/wp\/v2\/types\/product"}],"replies":[{"embeddable":true,"href":"https:\/\/www.makitamarket.com.tr\/site\/wp-json\/wp\/v2\/comments?post=22838"}],"wp:featuredmedia":[{"embeddable":true,"href":"https:\/\/www.makitamarket.com.tr\/site\/wp-json\/wp\/v2\/media\/9087"}],"wp:attachment":[{"href":"https:\/\/www.makitamarket.com.tr\/site\/wp-json\/wp\/v2\/media?parent=22838"}],"wp:term":[{"taxonomy":"product_brand","embeddable":true,"href":"https:\/\/www.makitamarket.com.tr\/site\/wp-json\/wp\/v2\/product_brand?post=22838"},{"taxonomy":"product_cat","embeddable":true,"href":"https:\/\/www.makitamarket.com.tr\/site\/wp-json\/wp\/v2\/product_cat?post=22838"},{"taxonomy":"product_tag","embeddable":true,"href":"https:\/\/www.makitamarket.com.tr\/site\/wp-json\/wp\/v2\/product_tag?post=22838"}],"curies":[{"name":"wp","href":"https:\/\/api.w.org\/{rel}","templated":true}]}}