{"id":22839,"date":"2025-01-06T16:35:10","date_gmt":"2025-01-06T13:35:10","guid":{"rendered":"https:\/\/www.makitamarket.com.tr\/site\/urun\/makita-dga504rfe-avuc-taslama-18v\/"},"modified":"2025-07-11T18:59:09","modified_gmt":"2025-07-11T15:59:09","slug":"makita-dga504rfe-avuc-taslama-18v","status":"publish","type":"product","link":"https:\/\/www.makitamarket.com.tr\/site\/urun\/makita-dga504rfe-avuc-taslama-18v\/","title":{"rendered":"Makita DGA504RFE AVU\u00c7 TA\u015eLAMA 18V"},"content":{"rendered":"<p><span style=\"color: rgb(33, 37, 41);\">Model DGA504RFE<\/span><\/p>\n<p><span style=\"color: rgb(33, 37, 41);\">Avu\u00e7 Ta\u015flama (115mm)<\/span><\/p>\n<p><span style=\"background-color: white; color: rgb(33, 37, 41);\">18V max Lithium-ion<\/span><\/p>\n<p><span style=\"background-color: white; color: rgb(33, 37, 41);\">18V \u2022 125 mm \u2022 8 500 dak\u207b\u00b9<\/span><\/p>\n<p><span style=\"background-color: white; color: rgb(0, 112, 192);\">Kesme ve ta\u015flama i\u00e7in etkili k\u00f6m\u00fcrs\u00fcz avu\u00e7 ta\u015flama makinesi<\/span><\/p>\n<p><span style=\"background-color: white; color: rgb(33, 37, 41);\">Zorlu profesyonel kullan\u0131m i\u00e7in kesici\/a\u015f\u0131nd\u0131r\u0131c\u0131 \/elmas 125 mm kapasiteye sahip k\u00fc\u00e7\u00fck, k\u00f6m\u00fcrs\u00fcz avu\u00e7 ta\u015flama makinesidir. <\/span><\/p>\n<p><span style=\"background-color: white; color: red;\">Kullan\u0131m amac\u0131: <\/span><span style=\"background-color: white; color: rgb(33, 37, 41);\">Bu alet, metal ve ta\u015f malzemelerin su kullanmadan ta\u015flanmas\u0131, z\u0131mparalanmas\u0131, telle f\u0131r\u00e7alanmas\u0131, delik a\u00e7\u0131lmas\u0131 ve kesilmesi amac\u0131yla tasarlanm\u0131\u015ft\u0131r. <\/span><\/p>\n<p><u style=\"color: rgb(33, 37, 41);\">\u00d6zellikleri:<\/u><\/p>\n<p><span style=\"background-color: white; color: rgb(33, 37, 41);\">BL MOTOR,ADT,AFT,XPT,\u00c7ift Ak\u00fcl\u00fc<\/span><\/p>\n<p>Ak\u00fcl\u00fc yap\u0131s\u0131 kullan\u0131c\u0131ya kablosuz kullan\u0131m imkan\u0131 sunar ve bu sayede kullan\u0131c\u0131lar geni\u015f alanlarda kablo s\u0131n\u0131rlamalar\u0131 olmadan rahat\u00e7a \u00e7al\u0131\u015fabilirler.<\/p>\n<p>Li-ion;Bataryan\u0131n daha verimli \u00e7al\u0131\u015fmas\u0131n\u0131 sa\u011flayan teknolojidir.<\/p>\n<p>BL Motor\/K\u00f6m\u00fcrs\u00fcz Motor mevcuttur. K\u00f6m\u00fcrs\u00fcz motor sayesinde \u00e7al\u0131\u015fma esnas\u0131nda olu\u015fan \u0131s\u0131 enerjisi kaybolmaz ve makinenin g\u00fcc\u00fcne iletilir.<\/p>\n<p>XPT(Ekstra Koruma Teknolojisi) sayesinde nemli ve ya\u011fmurlu ortamlarda kullan\u0131labilir. D\u00fc\u015fmeye kar\u015f\u0131 ekstra dayan\u0131kl\u0131d\u0131r.<\/p>\n<p>ADT(Otomatik Tork Ayar Teknolojisi);\u00e7al\u0131\u015fma \u015fartlar\u0131na g\u00f6re kesme h\u0131z\u0131 otomatik olarak ayarlan\u0131r. <\/p>\n<p>AFT(A\u015f\u0131r\u0131 Y\u00fck Alg\u0131lama Teknolojisi);\u00e7al\u0131\u015fma s\u0131ras\u0131nda cihaza a\u015f\u0131r\u0131 y\u00fck bindi\u011finde cihaz otomatik olarak durur. <\/p>\n<ol>\n<li data-list=\"bullet\"><span class=\"ql-ui\" contenteditable=\"false\"><\/span>Yumu\u015fak ba\u015flama \u00f6zelli\u011fi mevcuttur.<\/li>\n<li data-list=\"bullet\"><span class=\"ql-ui\" contenteditable=\"false\"><\/span>Plastik ta\u015f\u0131ma \u00e7antal\u0131d\u0131r.<\/li>\n<li data-list=\"bullet\"><span class=\"ql-ui\" contenteditable=\"false\"><\/span>Toz emme \u00fcnitesi mevcuttur.<\/li>\n<\/ol>\n<p><span style=\"color: rgb(33, 37, 41);\">Ambalaj i\u00e7eri\u011fi: Ta\u015flama ta\u015f\u0131, siper, yan sap, anahtar, \u00e7ift ak\u00fc, \u015farj cihaz\u0131 <\/span><\/p>\n<table>\n<tr>\n<td>Kapasite<\/td>\n<td>Kesici, A\u015f\u0131nd\u0131r\u0131c\u0131, Elmas : 125mm<\/td>\n<\/tr>\n<tr>\n<td>Bo\u015fta Devir<\/td>\n<td>8500devir\/dk<\/td>\n<\/tr>\n<tr>\n<td>Mil \u00c7ap\u0131<\/td>\n<td>M14<\/td>\n<\/tr>\n<tr>\n<td>Net A\u011f\u0131rl\u0131k<\/td>\n<td>2.3kg<\/td>\n<\/tr>\n<tr>\n<td>G\u00fc\u00e7-Kapasite<\/td>\n<td>18V\/3.0Ah\/Li-ion<\/td>\n<\/tr>\n<tr>\n<td>Ak\u00fc \/ \u015earj Cihaz\u0131<\/td>\n<td>BL1830B \/ DC18RC<\/td>\n<\/tr>\n<\/table>\n","protected":false},"excerpt":{"rendered":"<p><span style=\"color: rgb(33, 37, 41);\">Model DGA504RFE<\/span><\/p>\n<p><span style=\"color: rgb(33, 37, 41);\">Avu\u00e7 Ta\u015flama (115mm)<\/span><\/p>\n<p><span style=\"background-color: white; color: rgb(33, 37, 41);\">18V max Lithium-ion<\/span><\/p>\n<p><span style=\"background-color: white; color: rgb(33, 37, 41);\">18V \u2022 125 mm \u2022 8 500 dak\u207b\u00b9<\/span><\/p>\n<p><span style=\"background-color: white; color: rgb(0, 112, 192);\">Kesme ve ta\u015flama i\u00e7in etkili k\u00f6m\u00fcrs\u00fcz avu\u00e7 ta\u015flama makinesi<\/span><\/p>\n<p><span style=\"background-color: white; color: rgb(33, 37, 41);\">Zorlu profesyonel kullan\u0131m i\u00e7in kesici\/a\u015f\u0131nd\u0131r\u0131c\u0131 \/elmas 125 mm kapasiteye sahip k\u00fc\u00e7\u00fck, k\u00f6m\u00fcrs\u00fcz avu\u00e7 ta\u015flama makinesidir. <\/span><\/p>\n<p><span style=\"background-color: white; color: red;\">Kullan\u0131m amac\u0131: <\/span><span style=\"background-color: white; color: rgb(33, 37, 41);\">Bu alet, metal ve ta\u015f malzemelerin su kullanmadan ta\u015flanmas\u0131, z\u0131mparalanmas\u0131, telle f\u0131r\u00e7alanmas\u0131, delik a\u00e7\u0131lmas\u0131 ve kesilmesi amac\u0131yla tasarlanm\u0131\u015ft\u0131r. <\/span><\/p>\n<p><u style=\"color: rgb(33, 37, 41);\">\u00d6zellikleri:<\/u><\/p>\n<p><span style=\"background-color: white; color: rgb(33, 37, 41);\">BL MOTOR,ADT,AFT,XPT,\u00c7ift Ak\u00fcl\u00fc<\/span><\/p>\n<p>Ak\u00fcl\u00fc yap\u0131s\u0131 kullan\u0131c\u0131ya kablosuz kullan\u0131m imkan\u0131 sunar ve bu sayede kullan\u0131c\u0131lar geni\u015f alanlarda kablo s\u0131n\u0131rlamalar\u0131 olmadan rahat\u00e7a \u00e7al\u0131\u015fabilirler.<\/p>\n<p>Li-ion;Bataryan\u0131n daha verimli \u00e7al\u0131\u015fmas\u0131n\u0131 sa\u011flayan teknolojidir.<\/p>\n<p>BL Motor\/K\u00f6m\u00fcrs\u00fcz Motor mevcuttur. K\u00f6m\u00fcrs\u00fcz motor sayesinde \u00e7al\u0131\u015fma esnas\u0131nda olu\u015fan \u0131s\u0131 enerjisi kaybolmaz ve makinenin g\u00fcc\u00fcne iletilir.<\/p>\n<p>XPT(Ekstra Koruma Teknolojisi) sayesinde nemli ve ya\u011fmurlu ortamlarda kullan\u0131labilir. D\u00fc\u015fmeye kar\u015f\u0131 ekstra dayan\u0131kl\u0131d\u0131r.<\/p>\n<p>ADT(Otomatik Tork Ayar Teknolojisi);\u00e7al\u0131\u015fma \u015fartlar\u0131na g\u00f6re kesme h\u0131z\u0131 otomatik olarak ayarlan\u0131r. <\/p>\n<p>AFT(A\u015f\u0131r\u0131 Y\u00fck Alg\u0131lama Teknolojisi);\u00e7al\u0131\u015fma s\u0131ras\u0131nda cihaza a\u015f\u0131r\u0131 y\u00fck bindi\u011finde cihaz otomatik olarak durur. <\/p>\n<ol>\n<li data-list=\"bullet\"><span class=\"ql-ui\" contenteditable=\"false\"><\/span>Yumu\u015fak ba\u015flama \u00f6zelli\u011fi mevcuttur.<\/li>\n<li data-list=\"bullet\"><span class=\"ql-ui\" contenteditable=\"false\"><\/span>Plastik ta\u015f\u0131ma \u00e7antal\u0131d\u0131r.<\/li>\n<li data-list=\"bullet\"><span class=\"ql-ui\" contenteditable=\"false\"><\/span>Toz emme \u00fcnitesi mevcuttur.<\/li>\n<\/ol>\n<p><span style=\"color: rgb(33, 37, 41);\">Ambalaj i\u00e7eri\u011fi: Ta\u015flama ta\u015f\u0131, siper, yan sap, anahtar, \u00e7ift ak\u00fc, \u015farj cihaz\u0131 <\/span><\/p>\n","protected":false},"featured_media":9088,"comment_status":"open","ping_status":"closed","template":"","meta":{"_acf_changed":false},"product_brand":[],"product_cat":[755],"product_tag":[],"class_list":{"0":"post-22839","1":"product","2":"type-product","3":"status-publish","4":"has-post-thumbnail","6":"product_cat-18-volt","8":"first","9":"instock","10":"taxable","11":"shipping-taxable","12":"purchasable","13":"product-type-simple","14":"add-to-wishlist-after_add_to_cart"},"acf":[],"_links":{"self":[{"href":"https:\/\/www.makitamarket.com.tr\/site\/wp-json\/wp\/v2\/product\/22839","targetHints":{"allow":["GET"]}}],"collection":[{"href":"https:\/\/www.makitamarket.com.tr\/site\/wp-json\/wp\/v2\/product"}],"about":[{"href":"https:\/\/www.makitamarket.com.tr\/site\/wp-json\/wp\/v2\/types\/product"}],"replies":[{"embeddable":true,"href":"https:\/\/www.makitamarket.com.tr\/site\/wp-json\/wp\/v2\/comments?post=22839"}],"wp:featuredmedia":[{"embeddable":true,"href":"https:\/\/www.makitamarket.com.tr\/site\/wp-json\/wp\/v2\/media\/9088"}],"wp:attachment":[{"href":"https:\/\/www.makitamarket.com.tr\/site\/wp-json\/wp\/v2\/media?parent=22839"}],"wp:term":[{"taxonomy":"product_brand","embeddable":true,"href":"https:\/\/www.makitamarket.com.tr\/site\/wp-json\/wp\/v2\/product_brand?post=22839"},{"taxonomy":"product_cat","embeddable":true,"href":"https:\/\/www.makitamarket.com.tr\/site\/wp-json\/wp\/v2\/product_cat?post=22839"},{"taxonomy":"product_tag","embeddable":true,"href":"https:\/\/www.makitamarket.com.tr\/site\/wp-json\/wp\/v2\/product_tag?post=22839"}],"curies":[{"name":"wp","href":"https:\/\/api.w.org\/{rel}","templated":true}]}}