{"id":22843,"date":"2025-01-06T16:35:10","date_gmt":"2025-01-06T13:35:10","guid":{"rendered":"https:\/\/www.makitamarket.com.tr\/site\/urun\/bea-90-25-552-zimba-teli-cakma-tabancasi-9-25-mm\/"},"modified":"2026-04-06T12:36:02","modified_gmt":"2026-04-06T09:36:02","slug":"bea-90-25-552-zimba-teli-cakma-tabancasi-9-25-mm","status":"publish","type":"product","link":"https:\/\/www.makitamarket.com.tr\/site\/urun\/bea-90-25-552-zimba-teli-cakma-tabancasi-9-25-mm\/","title":{"rendered":"Bea 90\/25-552 ZIMBA TEL\u0130 \u00c7AKMA TABANCASI 9\/25 mm"},"content":{"rendered":"<div>\n\t<span style=\"font-size:11.0pt;line-height:107%;\nfont-family:\">\u2022 <\/span>K\u00f6\u015fe birle\u015ftirme<\/div>\n<div>\n\t<span style=\"font-size:11.0pt;line-height:107%;\nfont-family:\">\u2022<\/span> Kafes montaj<\/div>\n<div>\n\t<span style=\"font-size:11.0pt;line-height:107%;\nfont-family:\">\u2022 <\/span>Resim \u00c7er\u00e7eveleri<\/div>\n<div>\n\t<span style=\"font-size:11.0pt;line-height:107%;\nfont-family:\">\u2022 <\/span>Hal\u0131 d\u00f6\u015feme<\/div>\n<div>\n\t<span style=\"font-size:11.0pt;line-height:107%;\nfont-family:\">\u2022 <\/span>Sand\u0131k imalat\u0131<\/div>\n<div>\n\t<span style=\"font-size:11.0pt;line-height:107%;\nfont-family:\">\u2022 <\/span>\u00c7ekmece montaj<\/div>\n<table>\n<tr>\n<td>Z\u0131mba Teli<\/td>\n<td>90 serisi 10-25mm kadar z\u0131mba teli uzunlu\u011fu<\/td>\n<\/tr>\n<tr>\n<td>Magazin Tipi<\/td>\n<td>Alttan doldurma<\/td>\n<\/tr>\n<tr>\n<td>Magazin Kapasitesi<\/td>\n<td>120<\/td>\n<\/tr>\n<tr>\n<td>\u00c7al\u0131\u015fma Bas\u0131nc\u0131<\/td>\n<td>5-6 BAR<\/td>\n<\/tr>\n<tr>\n<td>A\u011f\u0131rl\u0131k<\/td>\n<td>1.2 kg<\/td>\n<\/tr>\n<\/table>\n","protected":false},"excerpt":{"rendered":"<div>\n\t<span style=\"font-size:11.0pt;line-height:107%;\nfont-family:\">\u2022 <\/span>K\u00f6\u015fe birle\u015ftirme<\/div>\n<div>\n\t<span style=\"font-size:11.0pt;line-height:107%;\nfont-family:\">\u2022<\/span> Kafes montaj<\/div>\n<div>\n\t<span style=\"font-size:11.0pt;line-height:107%;\nfont-family:\">\u2022 <\/span>Resim \u00c7er\u00e7eveleri<\/div>\n<div>\n\t<span style=\"font-size:11.0pt;line-height:107%;\nfont-family:\">\u2022 <\/span>Hal\u0131 d\u00f6\u015feme<\/div>\n<div>\n\t<span style=\"font-size:11.0pt;line-height:107%;\nfont-family:\">\u2022 <\/span>Sand\u0131k imalat\u0131<\/div>\n<div>\n\t<span style=\"font-size:11.0pt;line-height:107%;\nfont-family:\">\u2022 <\/span>\u00c7ekmece montaj<\/div>\n","protected":false},"featured_media":9097,"comment_status":"open","ping_status":"closed","template":"","meta":{"_acf_changed":false},"product_brand":[1508],"product_cat":[778],"product_tag":[],"class_list":{"0":"post-22843","1":"product","2":"type-product","3":"status-publish","4":"has-post-thumbnail","6":"product_brand-bea","7":"product_cat-havali-zimba-cakma-tabancalari","9":"first","10":"outofstock","11":"taxable","12":"shipping-taxable","13":"purchasable","14":"product-type-simple","15":"add-to-wishlist-after_add_to_cart"},"acf":[],"_links":{"self":[{"href":"https:\/\/www.makitamarket.com.tr\/site\/wp-json\/wp\/v2\/product\/22843","targetHints":{"allow":["GET"]}}],"collection":[{"href":"https:\/\/www.makitamarket.com.tr\/site\/wp-json\/wp\/v2\/product"}],"about":[{"href":"https:\/\/www.makitamarket.com.tr\/site\/wp-json\/wp\/v2\/types\/product"}],"replies":[{"embeddable":true,"href":"https:\/\/www.makitamarket.com.tr\/site\/wp-json\/wp\/v2\/comments?post=22843"}],"wp:featuredmedia":[{"embeddable":true,"href":"https:\/\/www.makitamarket.com.tr\/site\/wp-json\/wp\/v2\/media\/9097"}],"wp:attachment":[{"href":"https:\/\/www.makitamarket.com.tr\/site\/wp-json\/wp\/v2\/media?parent=22843"}],"wp:term":[{"taxonomy":"product_brand","embeddable":true,"href":"https:\/\/www.makitamarket.com.tr\/site\/wp-json\/wp\/v2\/product_brand?post=22843"},{"taxonomy":"product_cat","embeddable":true,"href":"https:\/\/www.makitamarket.com.tr\/site\/wp-json\/wp\/v2\/product_cat?post=22843"},{"taxonomy":"product_tag","embeddable":true,"href":"https:\/\/www.makitamarket.com.tr\/site\/wp-json\/wp\/v2\/product_tag?post=22843"}],"curies":[{"name":"wp","href":"https:\/\/api.w.org\/{rel}","templated":true}]}}