{"id":22845,"date":"2025-01-06T16:35:12","date_gmt":"2025-01-06T13:35:12","guid":{"rendered":"https:\/\/www.makitamarket.com.tr\/site\/urun\/rainpump-4sgm4-18-derinkuyu-dalgic-pompa\/"},"modified":"2025-11-16T04:45:11","modified_gmt":"2025-11-16T01:45:11","slug":"rainpump-4sgm4-18-derinkuyu-dalgic-pompa","status":"publish","type":"product","link":"https:\/\/www.makitamarket.com.tr\/site\/urun\/rainpump-4sgm4-18-derinkuyu-dalgic-pompa\/","title":{"rendered":"Rainpump 4SGM4-18 DER\u0130NKUYU DALGI\u00c7 POMPA"},"content":{"rendered":"<table>\n<tr>\n<td>Faz Say\u0131s\u0131<\/td>\n<td>1 (Monofaze)<\/td>\n<\/tr>\n<tr>\n<td>Kw<\/td>\n<td>1,5<\/td>\n<\/tr>\n<tr>\n<td>Kademe Say\u0131s\u0131<\/td>\n<td>18<\/td>\n<\/tr>\n<tr>\n<td>\u00c7\u0131k\u0131\u015f \u00e7ap\u0131<\/td>\n<td>1&#8221; 1\/4<\/td>\n<\/tr>\n<tr>\n<td>Boyutlar<\/td>\n<td>1500x110x185<\/td>\n<\/tr>\n<tr>\n<td>Hp<\/td>\n<td>2<\/td>\n<\/tr>\n<tr>\n<td>A\u011f\u0131rl\u0131k (Kg)<\/td>\n<td>25<\/td>\n<\/tr>\n<\/table>\n","protected":false},"excerpt":{"rendered":"<p>Faz Say\u0131s\u0131 1 (Monofaze) Kw 1,5 Kademe Say\u0131s\u0131 18 \u00c7\u0131k\u0131\u015f \u00e7ap\u0131 1&#8221; 1\/4 Boyutlar 1500x110x185 Hp 2 A\u011f\u0131rl\u0131k (Kg) 25<\/p>\n","protected":false},"featured_media":9108,"comment_status":"open","ping_status":"closed","template":"","meta":{"_acf_changed":false},"product_brand":[1517],"product_cat":[683],"product_tag":[],"class_list":{"0":"post-22845","1":"product","2":"type-product","3":"status-publish","4":"has-post-thumbnail","6":"product_brand-rainpump","7":"product_cat-derinkuyu-dalgic-pompalar","9":"first","10":"outofstock","11":"taxable","12":"shipping-taxable","13":"purchasable","14":"product-type-simple","15":"add-to-wishlist-after_add_to_cart"},"acf":[],"_links":{"self":[{"href":"https:\/\/www.makitamarket.com.tr\/site\/wp-json\/wp\/v2\/product\/22845","targetHints":{"allow":["GET"]}}],"collection":[{"href":"https:\/\/www.makitamarket.com.tr\/site\/wp-json\/wp\/v2\/product"}],"about":[{"href":"https:\/\/www.makitamarket.com.tr\/site\/wp-json\/wp\/v2\/types\/product"}],"replies":[{"embeddable":true,"href":"https:\/\/www.makitamarket.com.tr\/site\/wp-json\/wp\/v2\/comments?post=22845"}],"wp:featuredmedia":[{"embeddable":true,"href":"https:\/\/www.makitamarket.com.tr\/site\/wp-json\/wp\/v2\/media\/9108"}],"wp:attachment":[{"href":"https:\/\/www.makitamarket.com.tr\/site\/wp-json\/wp\/v2\/media?parent=22845"}],"wp:term":[{"taxonomy":"product_brand","embeddable":true,"href":"https:\/\/www.makitamarket.com.tr\/site\/wp-json\/wp\/v2\/product_brand?post=22845"},{"taxonomy":"product_cat","embeddable":true,"href":"https:\/\/www.makitamarket.com.tr\/site\/wp-json\/wp\/v2\/product_cat?post=22845"},{"taxonomy":"product_tag","embeddable":true,"href":"https:\/\/www.makitamarket.com.tr\/site\/wp-json\/wp\/v2\/product_tag?post=22845"}],"curies":[{"name":"wp","href":"https:\/\/api.w.org\/{rel}","templated":true}]}}