{"id":22855,"date":"2025-01-06T16:35:14","date_gmt":"2025-01-06T13:35:14","guid":{"rendered":"https:\/\/www.makitamarket.com.tr\/site\/urun\/mapa-ultrane526-8-iptal\/"},"modified":"2026-04-06T12:36:57","modified_gmt":"2026-04-06T09:36:57","slug":"mapa-ultrane526-8-iptal","status":"publish","type":"product","link":"https:\/\/www.makitamarket.com.tr\/site\/urun\/mapa-ultrane526-8-iptal\/","title":{"rendered":"Mapa ULTRANE526-8 \u0130PTAL"},"content":{"rendered":"<div>\n\t<strong>Kaplama:<\/strong><\/div>\n<div>\n\tNitril<\/div>\n<div>\n\t\u00a0<\/div>\n<div>\n<div>\n\t\t<strong>\u0130\u00e7 \/ D\u0131\u015f Y\u00fczey:<\/strong><\/div>\n<div>\n<div id=\"cke_pastebin\">\n<div id=\"cke_pastebin\">\n<div id=\"cke_pastebin\">\n<div id=\"cke_pastebin\">\n\t\t\t\t\t\t\u2022 Ya\u011f ge\u00e7irmez, Tamamen Kaplanm\u0131\u015ft\u0131r, ya\u011f\u0131 geri iter ve dermatit riskini azalt\u0131r.<\/div>\n<div id=\"cke_pastebin\">\n\t\t\t\t\t\t\u2022 Nitril kaplama sayesinde m\u00fckemmel a\u015f\u0131nma dayan\u0131kl\u0131l\u0131\u011f\u0131.<\/div>\n<div id=\"cke_pastebin\">\n\t\t\t\t\t\t\u2022 Uzun \u00f6m\u00fcrl\u00fc ve maliyet etkin eldiven: 5 defaya kadar yeniden y\u0131kanabilir.<\/div><\/div><\/div><\/div><\/div>\n<\/div>\n<div>\n\t\u00a0<\/div>\n<div>\n\t<strong>Tan\u0131m:<\/strong><\/div>\n<div>\n<div id=\"cke_pastebin\">\n<div id=\"cke_pastebin\">\n<div id=\"cke_pastebin\">\n<div id=\"cke_pastebin\">\n\t\t\t\t\tY\u00fcksek tutu\u015f kabiliyeti, \u00fcst\u00fcn cilt korumas\u0131 ve \u00e7ok ya\u011fl\u0131 ortamlarda bile \u00fcst\u00fcn parmak ucu hassasiyeti sa\u011flan\u0131r.<\/div>\n<div id=\"cke_pastebin\">\n\t\t\t\t\t<span style=\"font-size:12px;\"><strong>Tam nitril kaplama<\/strong><\/span><\/div><\/div><\/div><\/div>\n<div>\n\t\t\u00a0<\/div>\n<\/div>\n<div>\n\t<strong>Kullan\u0131m Alanlar\u0131:<\/strong><\/p>\n<div id=\"cke_pastebin\">\n<div id=\"cke_pastebin\">\n<div id=\"cke_pastebin\">\n<div id=\"cke_pastebin\">\n<div id=\"cke_pastebin\">\n\t\t\t\t\t\tOtomotiv\/mekanik end\u00fcstrisi:<\/div>\n<div id=\"cke_pastebin\">\n\t\t\t\t\t\tMekanik bak\u0131m<\/div>\n<div id=\"cke_pastebin\">\n\t\t\t\t\t\tKesme ya\u011f\u0131 kullanarak par\u00e7alar\u0131 mekanik i\u015fleme<\/div>\n<div id=\"cke_pastebin\">\n\t\t\t\t\t\tYa\u011fl\u0131 mekanik par\u00e7alar\u0131n ta\u015f\u0131nmas\u0131<\/div>\n<div id=\"cke_pastebin\">\n\t\t\t\t\t\tK\u00fc\u00e7\u00fck keskin par\u00e7alar\u0131n ta\u015f\u0131nmas\u0131 ve ayr\u0131lmas\u0131<\/div>\n<div>\n\t\t\t\t\t\t\u00a0<\/div>\n<div id=\"cke_pastebin\">\n\t\t\t\t\t\tCam end\u00fcstrisi:<\/div>\n<div id=\"cke_pastebin\">\n\t\t\t\t\t\tCam levhalar\u0131n ta\u015f\u0131nmas\u0131, Mekanik end\u00fcstrisi Islak ortamlarda bak\u0131m (su, ya\u011f, gres ya\u011f\u0131, hidrokarbonlar)<\/div>\n<div id=\"cke_pastebin\">\n\t\t\t\t\t\tK\u00fc\u00e7\u00fck ya\u011fl\u0131 par\u00e7alar\u0131n montaj\u0131<\/div>\n<div>\n\t\t\t\t\t\t\u00a0<\/div>\n<div id=\"cke_pastebin\">\n\t\t\t\t\t\tYerel Y\u00f6netimler (Parklar ve Halka A\u00e7\u0131k Alanlar):<\/div>\n<div>\n\t\t\t\t\t\tHalka a\u00e7\u0131k park temizli\u011fi<\/div><\/div><\/div><\/div><\/div>\n<\/div>\n<table>\n<tr>\n<td>Uzunluk<\/td>\n<td>25 cm<\/td>\n<\/tr>\n<tr>\n<td>Kal\u0131nl\u0131k<\/td>\n<td>27 mm<\/td>\n<\/tr>\n<tr>\n<td>\u00d6l\u00e7\u00fc<\/td>\n<td>8 &#8211; 9 &#8211; 10<\/td>\n<\/tr>\n<tr>\n<td>Standard\u0131<\/td>\n<td>EN 388 &#8211; 4121<\/td>\n<\/tr>\n<tr>\n<td>Standard\u0131<\/td>\n<td>EN 420 &#8211; CAT2<\/td>\n<\/tr>\n<tr>\n<td>Koli Miktar\u0131<\/td>\n<td>96 \u00c7ift<\/td>\n<\/tr>\n<\/table>\n","protected":false},"excerpt":{"rendered":"<div>\n\t<strong>Kaplama:<\/strong><\/div>\n<div>\n\tNitril<\/div>\n<div>\n\t\u00a0<\/div>\n<div>\n<div>\n\t\t<strong>\u0130\u00e7 \/ D\u0131\u015f Y\u00fczey:<\/strong><\/div>\n<div>\n<div id=\"cke_pastebin\">\n<div id=\"cke_pastebin\">\n<div id=\"cke_pastebin\">\n<div id=\"cke_pastebin\">\n\t\t\t\t\t\t\u2022 Ya\u011f ge\u00e7irmez, Tamamen Kaplanm\u0131\u015ft\u0131r, ya\u011f\u0131 geri iter ve dermatit riskini azalt\u0131r.<\/div>\n<div id=\"cke_pastebin\">\n\t\t\t\t\t\t\u2022 Nitril kaplama sayesinde m\u00fckemmel a\u015f\u0131nma dayan\u0131kl\u0131l\u0131\u011f\u0131.<\/div>\n<div id=\"cke_pastebin\">\n\t\t\t\t\t\t\u2022 Uzun \u00f6m\u00fcrl\u00fc ve maliyet etkin eldiven: 5 defaya kadar yeniden y\u0131kanabilir.<\/div>\n<\/p><\/div>\n<\/p><\/div>\n<\/p><\/div>\n<\/p><\/div>\n<\/div>\n<div>\n\t\u00a0<\/div>\n<div>\n\t<strong>Tan\u0131m:<\/strong><\/div>\n<div>\n<div id=\"cke_pastebin\">\n<div id=\"cke_pastebin\">\n<div id=\"cke_pastebin\">\n<div id=\"cke_pastebin\">\n\t\t\t\t\tY\u00fcksek tutu\u015f kabiliyeti, \u00fcst\u00fcn cilt korumas\u0131 ve \u00e7ok ya\u011fl\u0131 ortamlarda bile \u00fcst\u00fcn parmak ucu hassasiyeti sa\u011flan\u0131r.<\/div>\n<div id=\"cke_pastebin\">\n\t\t\t\t\t<span style=\"font-size:12px;\"><strong>Tam nitril kaplama<\/strong><\/span><\/div>\n<\/p><\/div>\n<\/p><\/div>\n<\/p><\/div>\n<div>\n\t\t\u00a0<\/div>\n<\/div>\n<div>\n\t<strong>Kullan\u0131m Alanlar\u0131:<\/strong><\/p>\n<div id=\"cke_pastebin\">\n<div id=\"cke_pastebin\">\n<div id=\"cke_pastebin\">\n<div id=\"cke_pastebin\">\n<div id=\"cke_pastebin\">\n\t\t\t\t\t\tOtomotiv\/mekanik end\u00fcstrisi:<\/div>\n<div id=\"cke_pastebin\">\n\t\t\t\t\t\tMekanik bak\u0131m<\/div>\n<div id=\"cke_pastebin\">\n\t\t\t\t\t\tKesme ya\u011f\u0131 kullanarak par\u00e7alar\u0131 mekanik i\u015fleme<\/div>\n<div id=\"cke_pastebin\">\n\t\t\t\t\t\tYa\u011fl\u0131 mekanik par\u00e7alar\u0131n ta\u015f\u0131nmas\u0131<\/div>\n<div id=\"cke_pastebin\">\n\t\t\t\t\t\tK\u00fc\u00e7\u00fck keskin par\u00e7alar\u0131n ta\u015f\u0131nmas\u0131 ve ayr\u0131lmas\u0131<\/div>\n<div>\n\t\t\t\t\t\t\u00a0<\/div>\n<div id=\"cke_pastebin\">\n\t\t\t\t\t\tCam end\u00fcstrisi:<\/div>\n<div id=\"cke_pastebin\">\n\t\t\t\t\t\tCam levhalar\u0131n ta\u015f\u0131nmas\u0131, Mekanik end\u00fcstrisi Islak ortamlarda bak\u0131m (su, ya\u011f, gres ya\u011f\u0131, hidrokarbonlar)<\/div>\n<div id=\"cke_pastebin\">\n\t\t\t\t\t\tK\u00fc\u00e7\u00fck ya\u011fl\u0131 par\u00e7alar\u0131n montaj\u0131<\/div>\n<div>\n\t\t\t\t\t\t\u00a0<\/div>\n<div id=\"cke_pastebin\">\n\t\t\t\t\t\tYerel Y\u00f6netimler (Parklar ve Halka A\u00e7\u0131k Alanlar):<\/div>\n<div>\n\t\t\t\t\t\tHalka a\u00e7\u0131k park temizli\u011fi<\/div>\n<\/p><\/div>\n<\/p><\/div>\n<\/p><\/div>\n<\/p><\/div>\n<\/div>\n","protected":false},"featured_media":0,"comment_status":"open","ping_status":"closed","template":"","meta":{"_acf_changed":false},"product_brand":[1521],"product_cat":[708],"product_tag":[],"class_list":{"0":"post-22855","1":"product","2":"type-product","3":"status-publish","5":"product_brand-mapa","6":"product_cat-el-koruyucular","8":"first","9":"instock","10":"taxable","11":"shipping-taxable","12":"purchasable","13":"product-type-simple","14":"add-to-wishlist-after_add_to_cart"},"acf":[],"_links":{"self":[{"href":"https:\/\/www.makitamarket.com.tr\/site\/wp-json\/wp\/v2\/product\/22855","targetHints":{"allow":["GET"]}}],"collection":[{"href":"https:\/\/www.makitamarket.com.tr\/site\/wp-json\/wp\/v2\/product"}],"about":[{"href":"https:\/\/www.makitamarket.com.tr\/site\/wp-json\/wp\/v2\/types\/product"}],"replies":[{"embeddable":true,"href":"https:\/\/www.makitamarket.com.tr\/site\/wp-json\/wp\/v2\/comments?post=22855"}],"wp:attachment":[{"href":"https:\/\/www.makitamarket.com.tr\/site\/wp-json\/wp\/v2\/media?parent=22855"}],"wp:term":[{"taxonomy":"product_brand","embeddable":true,"href":"https:\/\/www.makitamarket.com.tr\/site\/wp-json\/wp\/v2\/product_brand?post=22855"},{"taxonomy":"product_cat","embeddable":true,"href":"https:\/\/www.makitamarket.com.tr\/site\/wp-json\/wp\/v2\/product_cat?post=22855"},{"taxonomy":"product_tag","embeddable":true,"href":"https:\/\/www.makitamarket.com.tr\/site\/wp-json\/wp\/v2\/product_tag?post=22855"}],"curies":[{"name":"wp","href":"https:\/\/api.w.org\/{rel}","templated":true}]}}