{"id":22856,"date":"2025-01-06T16:35:14","date_gmt":"2025-01-06T13:35:14","guid":{"rendered":"https:\/\/www.makitamarket.com.tr\/site\/urun\/mapa-ultrane526-9-montaj-ve-genel-kullanim-eldiveni-no-8-9-10\/"},"modified":"2026-04-06T12:36:58","modified_gmt":"2026-04-06T09:36:58","slug":"mapa-ultrane526-9-montaj-ve-genel-kullanim-eldiveni-no-8-9-10","status":"publish","type":"product","link":"https:\/\/www.makitamarket.com.tr\/site\/urun\/mapa-ultrane526-9-montaj-ve-genel-kullanim-eldiveni-no-8-9-10\/","title":{"rendered":"Mapa ULTRANE526-9 MONTAJ VE GENEL KULLANIM ELD\u0130VEN\u0130 NO: 8 &#8211; 9 &#8211; 10"},"content":{"rendered":"<div>\n\t<strong>\u0130\u00e7 \/ D\u0131\u015f Y\u00fczey:<\/strong><\/div>\n<div>\n\t\u2022 Ya\u011f ge\u00e7irmez, tamamen kaplanm\u0131\u015ft\u0131r, ya\u011f\u0131 geri iter ve dermatit riskini azalt\u0131r.<\/div>\n<div>\n\t\u2022 Nitril kaplama sayesinde m\u00fckemmel a\u015f\u0131nma dayan\u0131kl\u0131l\u0131\u011f\u0131.<\/div>\n<div>\n\t\u2022 Uzun \u00f6m\u00fcrl\u00fc ve maliyet etkin eldiven: 5 defaya kadar yeniden y\u0131kanabilir.<\/div>\n<div>\n\t\u00a0<\/div>\n<div>\n\t<strong>Kullan\u0131m Alanlar\u0131<\/strong><\/div>\n<div>\n\tOtomotiv\/Mekanik End\u00fcstrisi :<\/div>\n<div>\n\tMekanik bak\u0131m<\/div>\n<div>\n\tKesme ya\u011f\u0131 kullanarak par\u00e7alar\u0131 mekanik i\u015fleme<\/div>\n<div>\n\tYa\u011fl\u0131 mekanik par\u00e7alar\u0131n ta\u015f\u0131nmas\u0131<\/div>\n<div>\n\tK\u00fc\u00e7\u00fck keskin par\u00e7alar\u0131n ta\u015f\u0131nmas\u0131 ve ayr\u0131lmas\u0131<\/div>\n<div>\n\t\u00a0<\/div>\n<div>\n\tCam End\u00fcstrisi:<\/div>\n<div>\n\tCam levhalar\u0131n ta\u015f\u0131nmas\u0131,<\/div>\n<div>\n\tMekanik end\u00fcstrisi Islak ortamlarda bak\u0131m (su, ya\u011f, gres ya\u011f\u0131, hidrokarbonlar)<\/div>\n<div>\n\tK\u00fc\u00e7\u00fck ya\u011fl\u0131 par\u00e7alar\u0131n montaj\u0131<\/div>\n<div>\n\t\u00a0<\/div>\n<div>\n\tYerel Y\u00f6netimler (Parklar ve Halka A\u00e7\u0131k Alanlar):<\/div>\n<div>\n\tHalka a\u00e7\u0131k park temizli\u011fi<\/div>\n<table>\n<tr>\n<td>\u00d6l\u00e7\u00fc<\/td>\n<td>8 &#8211; 9 &#8211; 10<\/td>\n<\/tr>\n<tr>\n<td>Koli Miktar\u0131<\/td>\n<td>96 \u00c7ift<\/td>\n<\/tr>\n<tr>\n<td>Standard\u0131<\/td>\n<td>EN 388 &#8211; 4121<\/td>\n<\/tr>\n<tr>\n<td>Uzunluk \/ Kal\u0131nl\u0131k<\/td>\n<td>25cm \/ 27mm<\/td>\n<\/tr>\n<tr>\n<td>Kaplama<\/td>\n<td>Nitril<\/td>\n<\/tr>\n<tr>\n<td>Tan\u0131m<\/td>\n<td>Y\u00fcksek tutu\u015f kabiliyeti, \u00fcst\u00fcn cilt  korumas\u0131 ve \u00e7ok ya\u011fl\u0131 ortamlarda  bile \u00fcst\u00fcn parmak ucu hassasiyeti  sa\u011flan\u0131r. Tam nitril kaplama<\/td>\n<\/tr>\n<tr>\n<td>Standard\u0131<\/td>\n<td>EN 420 &#8211; CAT2<\/td>\n<\/tr>\n<\/table>\n","protected":false},"excerpt":{"rendered":"<div>\n\t<strong>\u0130\u00e7 \/ D\u0131\u015f Y\u00fczey:<\/strong><\/div>\n<div>\n\t\u2022 Ya\u011f ge\u00e7irmez, tamamen kaplanm\u0131\u015ft\u0131r, ya\u011f\u0131 geri iter ve dermatit riskini azalt\u0131r.<\/div>\n<div>\n\t\u2022 Nitril kaplama sayesinde m\u00fckemmel a\u015f\u0131nma dayan\u0131kl\u0131l\u0131\u011f\u0131.<\/div>\n<div>\n\t\u2022 Uzun \u00f6m\u00fcrl\u00fc ve maliyet etkin eldiven: 5 defaya kadar yeniden y\u0131kanabilir.<\/div>\n<div>\n\t\u00a0<\/div>\n<div>\n\t<strong>Kullan\u0131m Alanlar\u0131<\/strong><\/div>\n<div>\n\tOtomotiv\/Mekanik End\u00fcstrisi :<\/div>\n<div>\n\tMekanik bak\u0131m<\/div>\n<div>\n\tKesme ya\u011f\u0131 kullanarak par\u00e7alar\u0131 mekanik i\u015fleme<\/div>\n<div>\n\tYa\u011fl\u0131 mekanik par\u00e7alar\u0131n ta\u015f\u0131nmas\u0131<\/div>\n<div>\n\tK\u00fc\u00e7\u00fck keskin par\u00e7alar\u0131n ta\u015f\u0131nmas\u0131 ve ayr\u0131lmas\u0131<\/div>\n<div>\n\t\u00a0<\/div>\n<div>\n\tCam End\u00fcstrisi:<\/div>\n<div>\n\tCam levhalar\u0131n ta\u015f\u0131nmas\u0131,<\/div>\n<div>\n\tMekanik end\u00fcstrisi Islak ortamlarda bak\u0131m (su, ya\u011f, gres ya\u011f\u0131, hidrokarbonlar)<\/div>\n<div>\n\tK\u00fc\u00e7\u00fck ya\u011fl\u0131 par\u00e7alar\u0131n montaj\u0131<\/div>\n<div>\n\t\u00a0<\/div>\n<div>\n\tYerel Y\u00f6netimler (Parklar ve Halka A\u00e7\u0131k Alanlar):<\/div>\n<div>\n\tHalka a\u00e7\u0131k park temizli\u011fi<\/div>\n","protected":false},"featured_media":9129,"comment_status":"open","ping_status":"closed","template":"","meta":{"_acf_changed":false},"product_brand":[1521],"product_cat":[708],"product_tag":[],"class_list":{"0":"post-22856","1":"product","2":"type-product","3":"status-publish","4":"has-post-thumbnail","6":"product_brand-mapa","7":"product_cat-el-koruyucular","9":"first","10":"outofstock","11":"taxable","12":"shipping-taxable","13":"purchasable","14":"product-type-simple","15":"add-to-wishlist-after_add_to_cart"},"acf":[],"_links":{"self":[{"href":"https:\/\/www.makitamarket.com.tr\/site\/wp-json\/wp\/v2\/product\/22856","targetHints":{"allow":["GET"]}}],"collection":[{"href":"https:\/\/www.makitamarket.com.tr\/site\/wp-json\/wp\/v2\/product"}],"about":[{"href":"https:\/\/www.makitamarket.com.tr\/site\/wp-json\/wp\/v2\/types\/product"}],"replies":[{"embeddable":true,"href":"https:\/\/www.makitamarket.com.tr\/site\/wp-json\/wp\/v2\/comments?post=22856"}],"wp:featuredmedia":[{"embeddable":true,"href":"https:\/\/www.makitamarket.com.tr\/site\/wp-json\/wp\/v2\/media\/9129"}],"wp:attachment":[{"href":"https:\/\/www.makitamarket.com.tr\/site\/wp-json\/wp\/v2\/media?parent=22856"}],"wp:term":[{"taxonomy":"product_brand","embeddable":true,"href":"https:\/\/www.makitamarket.com.tr\/site\/wp-json\/wp\/v2\/product_brand?post=22856"},{"taxonomy":"product_cat","embeddable":true,"href":"https:\/\/www.makitamarket.com.tr\/site\/wp-json\/wp\/v2\/product_cat?post=22856"},{"taxonomy":"product_tag","embeddable":true,"href":"https:\/\/www.makitamarket.com.tr\/site\/wp-json\/wp\/v2\/product_tag?post=22856"}],"curies":[{"name":"wp","href":"https:\/\/api.w.org\/{rel}","templated":true}]}}