{"id":22864,"date":"2025-01-06T16:35:17","date_gmt":"2025-01-06T13:35:17","guid":{"rendered":"https:\/\/www.makitamarket.com.tr\/site\/urun\/makita-dtd152rtj-darbeli-vidalama-18v\/"},"modified":"2026-04-06T12:37:56","modified_gmt":"2026-04-06T09:37:56","slug":"makita-dtd152rtj-darbeli-vidalama-18v","status":"publish","type":"product","link":"https:\/\/www.makitamarket.com.tr\/site\/urun\/makita-dtd152rtj-darbeli-vidalama-18v\/","title":{"rendered":"Makita DTD152RTJ DARBEL\u0130 V\u0130DALAMA 18V"},"content":{"rendered":"<p>Model DTD152RTJ<\/p>\n<p>Darbeli Vidalama<\/p>\n<p>18V \u2022 1\/4&#8243; \u2022 165 Nm \u2022 0 \u2013 2 900 dak\u207b\u00b9<\/p>\n<p><span style=\"color: rgb(0, 112, 192);\">Kullan\u0131m\u0131 kolay kompakt darbeli vidalama<\/span><\/p>\n<p>Alt\u0131gen 1\/4&#8243; u\u00e7 tutucu ile &nbsp;kompakt ve hafif darbeli vidalama.Kullan\u0131m\u0131 kolay ve Maksimum 165 Nm&#8217;lik maksimum s\u0131kma torku sunan darbeli model. K\u00fc\u00e7\u00fck ve hafif bir alet. Dakikada 0-2.900 bo\u015fta devire sahiptir. Darbeli vidalama modeli darbeli mekanizmas\u0131 sayesinde sert y\u00fczeylerde de rahatl\u0131kla kullan\u0131labilir.<\/p>\n<p><span style=\"color: red;\">Kullan\u0131m amac\u0131: <\/span>Bu alet ah\u015fap,metal ve plastik malzemede vidalama i\u015flemleri i\u00e7in tasarlanm\u0131\u015ft\u0131r. <\/p>\n<p><u style=\"background-color: white; color: rgb(33, 37, 41);\">\u00d6zellikleri:<\/u><\/p>\n<p><span style=\"background-color: white; color: rgb(33, 37, 41);\">18V,XPT,Li-ion, \u00c7ift Ak\u00fcl\u00fc<\/span><\/p>\n<p>Ak\u00fcl\u00fc yap\u0131s\u0131 kullan\u0131c\u0131ya kablosuz kullan\u0131m imkan\u0131 sunar ve bu sayede kullan\u0131c\u0131lar geni\u015f alanlarda kablo s\u0131n\u0131rlamalar\u0131 olmadan rahat\u00e7a \u00e7al\u0131\u015fabilirler.<\/p>\n<p>Li-ion;Bataryan\u0131n daha verimli \u00e7al\u0131\u015fmas\u0131n\u0131 sa\u011flayan teknolojidir.<\/p>\n<p>XPT(Ekstra Koruma Teknolojisi) sayesinde nemli ve ya\u011fmurlu ortamlarda kullan\u0131labilir. D\u00fc\u015fmeye kar\u015f\u0131 ekstra dayan\u0131kl\u0131d\u0131r.<\/p>\n<ol>\n<li data-list=\"bullet\"><span class=\"ql-ui\" contenteditable=\"false\"><\/span>De\u011fi\u015fken h\u0131z \u00f6zelli\u011fine sahiptir.<\/li>\n<li data-list=\"bullet\"><span class=\"ql-ui\" contenteditable=\"false\"><\/span>Sa\u011f-sol d\u00f6n\u00fc\u015f ayarl\u0131d\u0131r.<\/li>\n<li data-list=\"bullet\"><span class=\"ql-ui\" contenteditable=\"false\"><\/span>Otomatik 2 h\u0131z mevcuttur.<\/li>\n<li data-list=\"bullet\"><span class=\"ql-ui\" contenteditable=\"false\"><\/span>Elektrik freni mevcuttur.<\/li>\n<li data-list=\"bullet\"><span class=\"ql-ui\" contenteditable=\"false\"><\/span><span style=\"color: rgb(33, 37, 41);\">Plastik ta\u015f\u0131ma \u00e7antal\u0131d\u0131r.<\/span><\/li>\n<li data-list=\"bullet\"><span class=\"ql-ui\" contenteditable=\"false\"><\/span><span style=\"color: rgb(33, 37, 41);\">Led \u0131\u015f\u0131\u011f\u0131 vard\u0131r.<\/span><\/li>\n<\/ol>\n<p>Ambalaj i\u00e7eri\u011fi: Bel kancas\u0131,\u00e7ift ak\u00fc,\u015farj cihaz\u0131<\/p>\n<table>\n<tr>\n<td>Kapasite<\/td>\n<td>Makina vidas\u0131: M4-M8, Standart civata: M5-M16, Kaba di\u015fli vida (uzunluk): 22-125mm, Y\u00fcksek germeli civata: M5-M12<\/td>\n<\/tr>\n<tr>\n<td>Bo\u015fta Devir<\/td>\n<td>0-2900 devir\/dak<\/td>\n<\/tr>\n<tr>\n<td>Darbe say\u0131s\u0131<\/td>\n<td>0-3500 darbe\/dak<\/td>\n<\/tr>\n<tr>\n<td>Maksimum Tork<\/td>\n<td>165 N.m<\/td>\n<\/tr>\n<tr>\n<td>Net A\u011f\u0131rl\u0131k<\/td>\n<td>1.3kg<\/td>\n<\/tr>\n<tr>\n<td>G\u00fc\u00e7-Kapasite<\/td>\n<td>18V\/5.0Ah\/Li-ion<\/td>\n<\/tr>\n<tr>\n<td>Ak\u00fc \/ \u015earj Cihaz\u0131<\/td>\n<td>BL1850B-DC18RC<\/td>\n<\/tr>\n<\/table>\n","protected":false},"excerpt":{"rendered":"<p>Model DTD152RTJ<\/p>\n<p>Darbeli Vidalama<\/p>\n<p>18V \u2022 1\/4&#8243; \u2022 165 Nm \u2022 0 \u2013 2 900 dak\u207b\u00b9<\/p>\n<p><span style=\"color: rgb(0, 112, 192);\">Kullan\u0131m\u0131 kolay kompakt darbeli vidalama<\/span><\/p>\n<p>Alt\u0131gen 1\/4&#8243; u\u00e7 tutucu ile &nbsp;kompakt ve hafif darbeli vidalama.Kullan\u0131m\u0131 kolay ve Maksimum 165 Nm&#8217;lik maksimum s\u0131kma torku sunan darbeli model. K\u00fc\u00e7\u00fck ve hafif bir alet. Dakikada 0-2.900 bo\u015fta devire sahiptir. Darbeli vidalama modeli darbeli mekanizmas\u0131 sayesinde sert y\u00fczeylerde de rahatl\u0131kla kullan\u0131labilir.<\/p>\n<p><span style=\"color: red;\">Kullan\u0131m amac\u0131: <\/span>Bu alet ah\u015fap,metal ve plastik malzemede vidalama i\u015flemleri i\u00e7in tasarlanm\u0131\u015ft\u0131r. <\/p>\n<p><u style=\"background-color: white; color: rgb(33, 37, 41);\">\u00d6zellikleri:<\/u><\/p>\n<p><span style=\"background-color: white; color: rgb(33, 37, 41);\">18V,XPT,Li-ion, \u00c7ift Ak\u00fcl\u00fc<\/span><\/p>\n<p>Ak\u00fcl\u00fc yap\u0131s\u0131 kullan\u0131c\u0131ya kablosuz kullan\u0131m imkan\u0131 sunar ve bu sayede kullan\u0131c\u0131lar geni\u015f alanlarda kablo s\u0131n\u0131rlamalar\u0131 olmadan rahat\u00e7a \u00e7al\u0131\u015fabilirler.<\/p>\n<p>Li-ion;Bataryan\u0131n daha verimli \u00e7al\u0131\u015fmas\u0131n\u0131 sa\u011flayan teknolojidir.<\/p>\n<p>XPT(Ekstra Koruma Teknolojisi) sayesinde nemli ve ya\u011fmurlu ortamlarda kullan\u0131labilir. D\u00fc\u015fmeye kar\u015f\u0131 ekstra dayan\u0131kl\u0131d\u0131r.<\/p>\n<ol>\n<li data-list=\"bullet\"><span class=\"ql-ui\" contenteditable=\"false\"><\/span>De\u011fi\u015fken h\u0131z \u00f6zelli\u011fine sahiptir.<\/li>\n<li data-list=\"bullet\"><span class=\"ql-ui\" contenteditable=\"false\"><\/span>Sa\u011f-sol d\u00f6n\u00fc\u015f ayarl\u0131d\u0131r.<\/li>\n<li data-list=\"bullet\"><span class=\"ql-ui\" contenteditable=\"false\"><\/span>Otomatik 2 h\u0131z mevcuttur.<\/li>\n<li data-list=\"bullet\"><span class=\"ql-ui\" contenteditable=\"false\"><\/span>Elektrik freni mevcuttur.<\/li>\n<li data-list=\"bullet\"><span class=\"ql-ui\" contenteditable=\"false\"><\/span><span style=\"color: rgb(33, 37, 41);\">Plastik ta\u015f\u0131ma \u00e7antal\u0131d\u0131r.<\/span><\/li>\n<li data-list=\"bullet\"><span class=\"ql-ui\" contenteditable=\"false\"><\/span><span style=\"color: rgb(33, 37, 41);\">Led \u0131\u015f\u0131\u011f\u0131 vard\u0131r.<\/span><\/li>\n<\/ol>\n<p>Ambalaj i\u00e7eri\u011fi: Bel kancas\u0131,\u00e7ift ak\u00fc,\u015farj cihaz\u0131<\/p>\n","protected":false},"featured_media":9155,"comment_status":"open","ping_status":"closed","template":"","meta":{"_acf_changed":false},"product_brand":[1485],"product_cat":[755],"product_tag":[],"class_list":{"0":"post-22864","1":"product","2":"type-product","3":"status-publish","4":"has-post-thumbnail","6":"product_brand-makita","7":"product_cat-18-volt","9":"first","10":"outofstock","11":"taxable","12":"shipping-taxable","13":"purchasable","14":"product-type-simple","15":"add-to-wishlist-after_add_to_cart"},"acf":[],"_links":{"self":[{"href":"https:\/\/www.makitamarket.com.tr\/site\/wp-json\/wp\/v2\/product\/22864","targetHints":{"allow":["GET"]}}],"collection":[{"href":"https:\/\/www.makitamarket.com.tr\/site\/wp-json\/wp\/v2\/product"}],"about":[{"href":"https:\/\/www.makitamarket.com.tr\/site\/wp-json\/wp\/v2\/types\/product"}],"replies":[{"embeddable":true,"href":"https:\/\/www.makitamarket.com.tr\/site\/wp-json\/wp\/v2\/comments?post=22864"}],"wp:featuredmedia":[{"embeddable":true,"href":"https:\/\/www.makitamarket.com.tr\/site\/wp-json\/wp\/v2\/media\/9155"}],"wp:attachment":[{"href":"https:\/\/www.makitamarket.com.tr\/site\/wp-json\/wp\/v2\/media?parent=22864"}],"wp:term":[{"taxonomy":"product_brand","embeddable":true,"href":"https:\/\/www.makitamarket.com.tr\/site\/wp-json\/wp\/v2\/product_brand?post=22864"},{"taxonomy":"product_cat","embeddable":true,"href":"https:\/\/www.makitamarket.com.tr\/site\/wp-json\/wp\/v2\/product_cat?post=22864"},{"taxonomy":"product_tag","embeddable":true,"href":"https:\/\/www.makitamarket.com.tr\/site\/wp-json\/wp\/v2\/product_tag?post=22864"}],"curies":[{"name":"wp","href":"https:\/\/api.w.org\/{rel}","templated":true}]}}