{"id":22877,"date":"2025-01-06T16:35:22","date_gmt":"2025-01-06T13:35:22","guid":{"rendered":"https:\/\/www.makitamarket.com.tr\/site\/urun\/makita-tl064dwae-kose-vidalama-ve-somun-sikma-12v\/"},"modified":"2026-03-30T07:25:43","modified_gmt":"2026-03-30T04:25:43","slug":"makita-tl064dwae-kose-vidalama-ve-somun-sikma-12v","status":"publish","type":"product","link":"https:\/\/www.makitamarket.com.tr\/site\/urun\/makita-tl064dwae-kose-vidalama-ve-somun-sikma-12v\/","title":{"rendered":"Makita TL064DWAE K\u00d6\u015eE V\u0130DALAMA VE SOMUN SIKMA 12V"},"content":{"rendered":"<p><span style=\"color: rgb(33, 37, 41); background-color: white;\">Model TL064DWAE<\/span><\/p>\n<p><span style=\"color: rgb(33, 37, 41); background-color: white;\">K\u00f6\u015fe vidalama ve somun s\u0131kmalar<\/span><\/p>\n<p><span style=\"color: rgb(33, 37, 41); background-color: white;\">K\u00f6\u015fe Vidalama 1\/4\u201d <\/span><\/p>\n<p><span style=\"color: rgb(33, 37, 41); background-color: white;\">12Vmax \u2022 1\/4&#8243; \u2022 60 Nm \u2022 0 \u2013 2.000 dak\u207b\u00b9<\/span><\/p>\n<p><span style=\"color: rgb(0, 112, 192); background-color: white;\">Dar alanlar i\u00e7in k\u00f6\u015fe vidalama<\/span><\/p>\n<p><span style=\"color: rgb(33, 37, 41); background-color: white;\">Kompakt ve hafif 1\/4&#8243; k\u00f6\u015fe vidalama kolay u\u00e7 de\u011fi\u015ftirme tip modelidir. Vidalama i\u015flevinin yan\u0131 s\u0131ra somun s\u0131kma ve s\u00f6kme i\u015flevlerini de yerine getirebilmektedir. Makine vidas\u0131nda M4-M8, standart c\u0131vatada M4-M12, y\u00fcksek germeli c\u0131vatada M4-M8 ve kaba di\u015fli vidada 27-75 mm kapasiteye sahiptir. Kullan\u0131m\u0131 konforludur ve dar alanlar i\u00e7in ideal bir se\u00e7imdir.<\/span><\/p>\n<p><span style=\"color: red; background-color: white;\">Kullan\u0131m amac\u0131: <\/span><span style=\"color: rgb(33, 37, 41); background-color: white;\">Bu alet ah\u015fap, metal be plastik malzemede vidalama i\u015flemleri i\u00e7in kullan\u0131lmas\u0131 ama\u00e7lanm\u0131\u015ft\u0131r.<\/span><\/p>\n<p><span style=\"color: rgb(33, 37, 41); background-color: white;\">Kolay u\u00e7 de\u011fi\u015ftirme tip ,12V max Lithium-ion,CXT,\u00c7ift Ak\u00fcl\u00fc<\/span><\/p>\n<p>Li-ion;Bataryan\u0131n daha verimli \u00e7al\u0131\u015fmas\u0131n\u0131 sa\u011flayan teknolojidir.<\/p>\n<p>Ak\u00fcl\u00fc yap\u0131s\u0131 kullan\u0131c\u0131ya kablosuz kullan\u0131m imkan\u0131 sunar ve bu sayede kullan\u0131c\u0131lar geni\u015f alanlarda kablo s\u0131n\u0131rlamalar\u0131 olmadan rahat\u00e7a \u00e7al\u0131\u015fabilirler.<\/p>\n<p>CXT(Compact Extreme Technology); 12V Max CXT serisi, \u00fcst\u00fcn makine g\u00fcc\u00fc performans\u0131n\u0131 m\u00fcmk\u00fcn olan en k\u00fc\u00e7\u00fck makine profiline entegre eder.<\/p>\n<ol>\n<li data-list=\"bullet\"><span class=\"ql-ui\" contenteditable=\"false\"><\/span>De\u011fi\u015fken h\u0131z \u00f6zelli\u011fine sahiptir.<\/li>\n<li data-list=\"bullet\"><span class=\"ql-ui\" contenteditable=\"false\"><\/span>Sa\u011f-sol d\u00f6n\u00fc\u015f ayarl\u0131d\u0131r.<\/li>\n<li data-list=\"bullet\"><span class=\"ql-ui\" contenteditable=\"false\"><\/span>Elektrik freni mevcuttur.<\/li>\n<li data-list=\"bullet\"><span class=\"ql-ui\" contenteditable=\"false\"><\/span>Led \u0131\u015f\u0131\u011f\u0131 vard\u0131r.<\/li>\n<li data-list=\"bullet\"><span class=\"ql-ui\" contenteditable=\"false\"><\/span><span style=\"color: rgb(33, 37, 41);\">Plastik ta\u015f\u0131ma \u00e7antal\u0131d\u0131r.<\/span><\/li>\n<\/ol>\n<p>Ambalaj i\u00e7eri\u011fi: Bits u\u00e7,bel kancas\u0131,\u00e7ift ak\u00fc,\u015farj cihaz\u0131<\/p>\n<table>\n<tr>\n<td>Kapasite<\/td>\n<td>Makina vidas\u0131:M4-M8, Standart Civata:M4-M12, Y\u00fcksek germeli civata:M4-M8, Kaba di\u015fli vida:22-75mm<\/td>\n<\/tr>\n<tr>\n<td>Bo\u015fta Devir<\/td>\n<td>0-2.000 devir\/dak<\/td>\n<\/tr>\n<tr>\n<td>Darbe say\u0131s\u0131<\/td>\n<td>0-3.000 darbe\/dak<\/td>\n<\/tr>\n<tr>\n<td>Maksimum Tork<\/td>\n<td>60 N.m<\/td>\n<\/tr>\n<tr>\n<td>Mandren<\/td>\n<td>1\/4&#8243;<\/td>\n<\/tr>\n<tr>\n<td>Net A\u011f\u0131rl\u0131k<\/td>\n<td>1.4kg<\/td>\n<\/tr>\n<tr>\n<td>G\u00fc\u00e7-Kapasite<\/td>\n<td>12V\/2.0Ah\/Li-on<\/td>\n<\/tr>\n<tr>\n<td>Ak\u00fc \/ \u015earj Cihaz\u0131<\/td>\n<td>BL1020B \/ DC10WC<\/td>\n<\/tr>\n<\/table>\n","protected":false},"excerpt":{"rendered":"<p><span style=\"color: rgb(33, 37, 41); background-color: white;\">Model TL064DWAE<\/span><\/p>\n<p><span style=\"color: rgb(33, 37, 41); background-color: white;\">K\u00f6\u015fe vidalama ve somun s\u0131kmalar<\/span><\/p>\n<p><span style=\"color: rgb(33, 37, 41); background-color: white;\">K\u00f6\u015fe Vidalama 1\/4\u201d <\/span><\/p>\n<p><span style=\"color: rgb(33, 37, 41); background-color: white;\">12Vmax \u2022 1\/4&#8243; \u2022 60 Nm \u2022 0 \u2013 2.000 dak\u207b\u00b9<\/span><\/p>\n<p><span style=\"color: rgb(0, 112, 192); background-color: white;\">Dar alanlar i\u00e7in k\u00f6\u015fe vidalama<\/span><\/p>\n<p><span style=\"color: rgb(33, 37, 41); background-color: white;\">Kompakt ve hafif 1\/4&#8243; k\u00f6\u015fe vidalama kolay u\u00e7 de\u011fi\u015ftirme tip modelidir. Vidalama i\u015flevinin yan\u0131 s\u0131ra somun s\u0131kma ve s\u00f6kme i\u015flevlerini de yerine getirebilmektedir. Makine vidas\u0131nda M4-M8, standart c\u0131vatada M4-M12, y\u00fcksek germeli c\u0131vatada M4-M8 ve kaba di\u015fli vidada 27-75 mm kapasiteye sahiptir. Kullan\u0131m\u0131 konforludur ve dar alanlar i\u00e7in ideal bir se\u00e7imdir.<\/span><\/p>\n<p><span style=\"color: red; background-color: white;\">Kullan\u0131m amac\u0131: <\/span><span style=\"color: rgb(33, 37, 41); background-color: white;\">Bu alet ah\u015fap, metal be plastik malzemede vidalama i\u015flemleri i\u00e7in kullan\u0131lmas\u0131 ama\u00e7lanm\u0131\u015ft\u0131r.<\/span><\/p>\n<p><span style=\"color: rgb(33, 37, 41); background-color: white;\">Kolay u\u00e7 de\u011fi\u015ftirme tip ,12V max Lithium-ion,CXT,\u00c7ift Ak\u00fcl\u00fc<\/span><\/p>\n<p>Li-ion;Bataryan\u0131n daha verimli \u00e7al\u0131\u015fmas\u0131n\u0131 sa\u011flayan teknolojidir.<\/p>\n<p>Ak\u00fcl\u00fc yap\u0131s\u0131 kullan\u0131c\u0131ya kablosuz kullan\u0131m imkan\u0131 sunar ve bu sayede kullan\u0131c\u0131lar geni\u015f alanlarda kablo s\u0131n\u0131rlamalar\u0131 olmadan rahat\u00e7a \u00e7al\u0131\u015fabilirler.<\/p>\n<p>CXT(Compact Extreme Technology); 12V Max CXT serisi, \u00fcst\u00fcn makine g\u00fcc\u00fc performans\u0131n\u0131 m\u00fcmk\u00fcn olan en k\u00fc\u00e7\u00fck makine profiline entegre eder.<\/p>\n<ol>\n<li data-list=\"bullet\"><span class=\"ql-ui\" contenteditable=\"false\"><\/span>De\u011fi\u015fken h\u0131z \u00f6zelli\u011fine sahiptir.<\/li>\n<li data-list=\"bullet\"><span class=\"ql-ui\" contenteditable=\"false\"><\/span>Sa\u011f-sol d\u00f6n\u00fc\u015f ayarl\u0131d\u0131r.<\/li>\n<li data-list=\"bullet\"><span class=\"ql-ui\" contenteditable=\"false\"><\/span>Elektrik freni mevcuttur.<\/li>\n<li data-list=\"bullet\"><span class=\"ql-ui\" contenteditable=\"false\"><\/span>Led \u0131\u015f\u0131\u011f\u0131 vard\u0131r.<\/li>\n<li data-list=\"bullet\"><span class=\"ql-ui\" contenteditable=\"false\"><\/span><span style=\"color: rgb(33, 37, 41);\">Plastik ta\u015f\u0131ma \u00e7antal\u0131d\u0131r.<\/span><\/li>\n<\/ol>\n<p>Ambalaj i\u00e7eri\u011fi: Bits u\u00e7,bel kancas\u0131,\u00e7ift ak\u00fc,\u015farj cihaz\u0131<\/p>\n","protected":false},"featured_media":9191,"comment_status":"open","ping_status":"closed","template":"","meta":{"_acf_changed":false},"product_brand":[1485],"product_cat":[921],"product_tag":[],"class_list":{"0":"post-22877","1":"product","2":"type-product","3":"status-publish","4":"has-post-thumbnail","6":"product_brand-makita","7":"product_cat-12-volt","9":"first","10":"instock","11":"taxable","12":"shipping-taxable","13":"purchasable","14":"product-type-simple","15":"add-to-wishlist-after_add_to_cart"},"acf":[],"_links":{"self":[{"href":"https:\/\/www.makitamarket.com.tr\/site\/wp-json\/wp\/v2\/product\/22877","targetHints":{"allow":["GET"]}}],"collection":[{"href":"https:\/\/www.makitamarket.com.tr\/site\/wp-json\/wp\/v2\/product"}],"about":[{"href":"https:\/\/www.makitamarket.com.tr\/site\/wp-json\/wp\/v2\/types\/product"}],"replies":[{"embeddable":true,"href":"https:\/\/www.makitamarket.com.tr\/site\/wp-json\/wp\/v2\/comments?post=22877"}],"wp:featuredmedia":[{"embeddable":true,"href":"https:\/\/www.makitamarket.com.tr\/site\/wp-json\/wp\/v2\/media\/9191"}],"wp:attachment":[{"href":"https:\/\/www.makitamarket.com.tr\/site\/wp-json\/wp\/v2\/media?parent=22877"}],"wp:term":[{"taxonomy":"product_brand","embeddable":true,"href":"https:\/\/www.makitamarket.com.tr\/site\/wp-json\/wp\/v2\/product_brand?post=22877"},{"taxonomy":"product_cat","embeddable":true,"href":"https:\/\/www.makitamarket.com.tr\/site\/wp-json\/wp\/v2\/product_cat?post=22877"},{"taxonomy":"product_tag","embeddable":true,"href":"https:\/\/www.makitamarket.com.tr\/site\/wp-json\/wp\/v2\/product_tag?post=22877"}],"curies":[{"name":"wp","href":"https:\/\/api.w.org\/{rel}","templated":true}]}}