{"id":22878,"date":"2025-01-06T16:35:22","date_gmt":"2025-01-06T13:35:22","guid":{"rendered":"https:\/\/www.makitamarket.com.tr\/site\/urun\/makita-dtw180rfe-darbeli-somun-sikma-18v\/"},"modified":"2026-04-06T12:43:46","modified_gmt":"2026-04-06T09:43:46","slug":"makita-dtw180rfe-darbeli-somun-sikma-18v","status":"publish","type":"product","link":"https:\/\/www.makitamarket.com.tr\/site\/urun\/makita-dtw180rfe-darbeli-somun-sikma-18v\/","title":{"rendered":"Makita DTW180RFE DARBEL\u0130 SOMUN SIKMA 18V"},"content":{"rendered":"<p>Model DTW180RFE<\/p>\n<p>Darbeli Somun S\u0131kma 3\/8\u201d 9.5mm<\/p>\n<p>18V \u2022 3\/8&#8243; \u2022 180 Nm \u2022 0 \u2013 2.400 dak\u207b\u00b9<\/p>\n<p><span style=\"color: rgb(0, 112, 192);\">Dar alanlar i\u00e7in iki g\u00fc\u00e7 ayar\u0131na sahip ekstra kompakt ve etkili k\u00f6m\u00fcrs\u00fcz darbeli somun s\u0131kma<\/span><\/p>\n<p>Kompakt, k\u00f6m\u00fcrs\u00fcz &nbsp;3\/8&#8243; darbeli somun s\u0131kma. K\u00fc\u00e7\u00fck boyutu ve hafif a\u011f\u0131rl\u0131\u011f\u0131 ile bu aletin kullan\u0131m\u0131 kolayd\u0131r ve maksimum 180 Nm s\u0131kma torku g\u00fcc\u00fc &nbsp;sunar. \u0130ki g\u00fc\u00e7 ayar\u0131na sahiptir. C\u0131vata gev\u015fedi\u011finde 0,2 saniyede otomatik d\u00f6n\u00fc\u015f durdurmas\u0131 vard\u0131r. <\/p>\n<p><span style=\"color: red;\">Kullan\u0131m amac\u0131: <\/span>Bu alet c\u0131vata ve somunlar\u0131 s\u0131kmak i\u00e7in kullan\u0131lmas\u0131 ama\u00e7lanm\u0131\u015ft\u0131r.<\/p>\n<p><u style=\"color: rgb(33, 37, 41);\">\u00d6zellikleri:<\/u><\/p>\n<p><span style=\"background-color: white; color: rgb(33, 37, 41);\">18V max Lithium-ion,BL MOTOR,XPT,\u00c7ift Ak\u00fcl\u00fc<\/span><\/p>\n<p>Ak\u00fcl\u00fc yap\u0131s\u0131 kullan\u0131c\u0131ya kablosuz kullan\u0131m imkan\u0131 sunar ve bu sayede kullan\u0131c\u0131lar geni\u015f alanlarda kablo s\u0131n\u0131rlamalar\u0131 olmadan rahat\u00e7a \u00e7al\u0131\u015fabilirler.<\/p>\n<p>Li-ion;Bataryan\u0131n daha verimli \u00e7al\u0131\u015fmas\u0131n\u0131 sa\u011flayan teknolojidir.<\/p>\n<p>BL Motor\/K\u00f6m\u00fcrs\u00fcz Motor mevcuttur. K\u00f6m\u00fcrs\u00fcz motor sayesinde \u00e7al\u0131\u015fma esnas\u0131nda olu\u015fan \u0131s\u0131 enerjisi kaybolmaz ve makinenin g\u00fcc\u00fcne iletilir.<\/p>\n<p>XPT(Ekstra Koruma Teknolojisi) sayesinde nemli ve ya\u011fmurlu ortamlarda kullan\u0131labilir. D\u00fc\u015fmeye kar\u015f\u0131 ekstra dayan\u0131kl\u0131d\u0131r.<\/p>\n<p>S\u00f6kme Torku: 310 N.m<\/p>\n<ol>\n<li data-list=\"bullet\"><span class=\"ql-ui\" contenteditable=\"false\"><\/span>De\u011fi\u015fken h\u0131z \u00f6zelli\u011fine sahiptir.<\/li>\n<li data-list=\"bullet\"><span class=\"ql-ui\" contenteditable=\"false\"><\/span>Sa\u011f-sol d\u00f6n\u00fc\u015f ayarl\u0131d\u0131r.<\/li>\n<li data-list=\"bullet\"><span class=\"ql-ui\" contenteditable=\"false\"><\/span>Otomatik 2 h\u0131z mevcuttur.<\/li>\n<li data-list=\"bullet\"><span class=\"ql-ui\" contenteditable=\"false\"><\/span>Elektrik freni mevcuttur.<\/li>\n<li data-list=\"bullet\"><span class=\"ql-ui\" contenteditable=\"false\"><\/span><span style=\"color: rgb(33, 37, 41);\">Plastik ta\u015f\u0131ma \u00e7antal\u0131d\u0131r.<\/span><\/li>\n<li data-list=\"bullet\"><span class=\"ql-ui\" contenteditable=\"false\"><\/span><span style=\"color: rgb(33, 37, 41);\">Led \u0131\u015f\u0131\u011f\u0131 vard\u0131r.<\/span><\/li>\n<\/ol>\n<p>Ambalaj i\u00e7eri\u011fi: Bel kancas\u0131, \u00e7ift ak\u00fc, \u015farj cihaz\u0131 <\/p>\n<table>\n<tr>\n<td>Kapasite<\/td>\n<td>Standart civata: M8-M16, Y\u00fcksek germeli civata:M6-M12<\/td>\n<\/tr>\n<tr>\n<td>Bo\u015fta Devir<\/td>\n<td>0-1.300\/2.400 devir\/dak<\/td>\n<\/tr>\n<tr>\n<td>Maksimum Tork<\/td>\n<td>180 N.m<\/td>\n<\/tr>\n<tr>\n<td>Net A\u011f\u0131rl\u0131k<\/td>\n<td>1.2 kg<\/td>\n<\/tr>\n<tr>\n<td>G\u00fc\u00e7-Kapasite<\/td>\n<td>18V\/3.0Ah\/Li-ion<\/td>\n<\/tr>\n<tr>\n<td>Ak\u00fc \/ \u015earj Cihaz\u0131<\/td>\n<td>BL1830B \/ DC18RC<\/td>\n<\/tr>\n<\/table>\n","protected":false},"excerpt":{"rendered":"<p>Model DTW180RFE<\/p>\n<p>Darbeli Somun S\u0131kma 3\/8\u201d 9.5mm<\/p>\n<p>18V \u2022 3\/8&#8243; \u2022 180 Nm \u2022 0 \u2013 2.400 dak\u207b\u00b9<\/p>\n<p><span style=\"color: rgb(0, 112, 192);\">Dar alanlar i\u00e7in iki g\u00fc\u00e7 ayar\u0131na sahip ekstra kompakt ve etkili k\u00f6m\u00fcrs\u00fcz darbeli somun s\u0131kma<\/span><\/p>\n<p>Kompakt, k\u00f6m\u00fcrs\u00fcz &nbsp;3\/8&#8243; darbeli somun s\u0131kma. K\u00fc\u00e7\u00fck boyutu ve hafif a\u011f\u0131rl\u0131\u011f\u0131 ile bu aletin kullan\u0131m\u0131 kolayd\u0131r ve maksimum 180 Nm s\u0131kma torku g\u00fcc\u00fc &nbsp;sunar. \u0130ki g\u00fc\u00e7 ayar\u0131na sahiptir. C\u0131vata gev\u015fedi\u011finde 0,2 saniyede otomatik d\u00f6n\u00fc\u015f durdurmas\u0131 vard\u0131r. <\/p>\n<p><span style=\"color: red;\">Kullan\u0131m amac\u0131: <\/span>Bu alet c\u0131vata ve somunlar\u0131 s\u0131kmak i\u00e7in kullan\u0131lmas\u0131 ama\u00e7lanm\u0131\u015ft\u0131r.<\/p>\n<p><u style=\"color: rgb(33, 37, 41);\">\u00d6zellikleri:<\/u><\/p>\n<p><span style=\"background-color: white; color: rgb(33, 37, 41);\">18V max Lithium-ion,BL MOTOR,XPT,\u00c7ift Ak\u00fcl\u00fc<\/span><\/p>\n<p>Ak\u00fcl\u00fc yap\u0131s\u0131 kullan\u0131c\u0131ya kablosuz kullan\u0131m imkan\u0131 sunar ve bu sayede kullan\u0131c\u0131lar geni\u015f alanlarda kablo s\u0131n\u0131rlamalar\u0131 olmadan rahat\u00e7a \u00e7al\u0131\u015fabilirler.<\/p>\n<p>Li-ion;Bataryan\u0131n daha verimli \u00e7al\u0131\u015fmas\u0131n\u0131 sa\u011flayan teknolojidir.<\/p>\n<p>BL Motor\/K\u00f6m\u00fcrs\u00fcz Motor mevcuttur. K\u00f6m\u00fcrs\u00fcz motor sayesinde \u00e7al\u0131\u015fma esnas\u0131nda olu\u015fan \u0131s\u0131 enerjisi kaybolmaz ve makinenin g\u00fcc\u00fcne iletilir.<\/p>\n<p>XPT(Ekstra Koruma Teknolojisi) sayesinde nemli ve ya\u011fmurlu ortamlarda kullan\u0131labilir. D\u00fc\u015fmeye kar\u015f\u0131 ekstra dayan\u0131kl\u0131d\u0131r.<\/p>\n<p>S\u00f6kme Torku: 310 N.m<\/p>\n<ol>\n<li data-list=\"bullet\"><span class=\"ql-ui\" contenteditable=\"false\"><\/span>De\u011fi\u015fken h\u0131z \u00f6zelli\u011fine sahiptir.<\/li>\n<li data-list=\"bullet\"><span class=\"ql-ui\" contenteditable=\"false\"><\/span>Sa\u011f-sol d\u00f6n\u00fc\u015f ayarl\u0131d\u0131r.<\/li>\n<li data-list=\"bullet\"><span class=\"ql-ui\" contenteditable=\"false\"><\/span>Otomatik 2 h\u0131z mevcuttur.<\/li>\n<li data-list=\"bullet\"><span class=\"ql-ui\" contenteditable=\"false\"><\/span>Elektrik freni mevcuttur.<\/li>\n<li data-list=\"bullet\"><span class=\"ql-ui\" contenteditable=\"false\"><\/span><span style=\"color: rgb(33, 37, 41);\">Plastik ta\u015f\u0131ma \u00e7antal\u0131d\u0131r.<\/span><\/li>\n<li data-list=\"bullet\"><span class=\"ql-ui\" contenteditable=\"false\"><\/span><span style=\"color: rgb(33, 37, 41);\">Led \u0131\u015f\u0131\u011f\u0131 vard\u0131r.<\/span><\/li>\n<\/ol>\n<p>Ambalaj i\u00e7eri\u011fi: Bel kancas\u0131, \u00e7ift ak\u00fc, \u015farj cihaz\u0131 <\/p>\n","protected":false},"featured_media":9198,"comment_status":"open","ping_status":"closed","template":"","meta":{"_acf_changed":false},"product_brand":[1485],"product_cat":[755],"product_tag":[],"class_list":{"0":"post-22878","1":"product","2":"type-product","3":"status-publish","4":"has-post-thumbnail","6":"product_brand-makita","7":"product_cat-18-volt","9":"first","10":"instock","11":"taxable","12":"shipping-taxable","13":"purchasable","14":"product-type-simple","15":"add-to-wishlist-after_add_to_cart"},"acf":[],"_links":{"self":[{"href":"https:\/\/www.makitamarket.com.tr\/site\/wp-json\/wp\/v2\/product\/22878","targetHints":{"allow":["GET"]}}],"collection":[{"href":"https:\/\/www.makitamarket.com.tr\/site\/wp-json\/wp\/v2\/product"}],"about":[{"href":"https:\/\/www.makitamarket.com.tr\/site\/wp-json\/wp\/v2\/types\/product"}],"replies":[{"embeddable":true,"href":"https:\/\/www.makitamarket.com.tr\/site\/wp-json\/wp\/v2\/comments?post=22878"}],"wp:featuredmedia":[{"embeddable":true,"href":"https:\/\/www.makitamarket.com.tr\/site\/wp-json\/wp\/v2\/media\/9198"}],"wp:attachment":[{"href":"https:\/\/www.makitamarket.com.tr\/site\/wp-json\/wp\/v2\/media?parent=22878"}],"wp:term":[{"taxonomy":"product_brand","embeddable":true,"href":"https:\/\/www.makitamarket.com.tr\/site\/wp-json\/wp\/v2\/product_brand?post=22878"},{"taxonomy":"product_cat","embeddable":true,"href":"https:\/\/www.makitamarket.com.tr\/site\/wp-json\/wp\/v2\/product_cat?post=22878"},{"taxonomy":"product_tag","embeddable":true,"href":"https:\/\/www.makitamarket.com.tr\/site\/wp-json\/wp\/v2\/product_tag?post=22878"}],"curies":[{"name":"wp","href":"https:\/\/api.w.org\/{rel}","templated":true}]}}