{"id":22884,"date":"2025-01-06T16:35:23","date_gmt":"2025-01-06T13:35:23","guid":{"rendered":"https:\/\/www.makitamarket.com.tr\/site\/urun\/lavor-pro-worker-kul-vakum-makinasi\/"},"modified":"2026-03-30T07:26:28","modified_gmt":"2026-03-30T04:26:28","slug":"lavor-pro-worker-kul-vakum-makinasi","status":"publish","type":"product","link":"https:\/\/www.makitamarket.com.tr\/site\/urun\/lavor-pro-worker-kul-vakum-makinasi\/","title":{"rendered":"Lavor PRO WORKER K\u00dcL VAKUM MAK\u0130NASI"},"content":{"rendered":"<table>\n<tr>\n<td>Performans<\/td>\n<td>1400W maks.<\/td>\n<\/tr>\n<tr>\n<td>Vakum<\/td>\n<td>240 mbar-24kPa<\/td>\n<\/tr>\n<tr>\n<td>Kapasite<\/td>\n<td>37 lt kazan<\/td>\n<\/tr>\n<tr>\n<td>\u00d6l\u00e7\u00fcler<\/td>\n<td>51x36x56<\/td>\n<\/tr>\n<tr>\n<td>A\u011f\u0131rl\u0131k<\/td>\n<td>11<\/td>\n<\/tr>\n<tr>\n<td>Hava Aktar\u0131m\u0131<\/td>\n<td>70 L\/s<\/td>\n<\/tr>\n<tr>\n<td>Sistem<\/td>\n<td>Islak&#038;Kuru<\/td>\n<\/tr>\n<tr>\n<td>Ses seviyesi<\/td>\n<td>75 dBA<\/td>\n<\/tr>\n<\/table>\n","protected":false},"excerpt":{"rendered":"<p>Performans 1400W maks. Vakum 240 mbar-24kPa Kapasite 37 lt kazan \u00d6l\u00e7\u00fcler 51x36x56 A\u011f\u0131rl\u0131k 11 Hava Aktar\u0131m\u0131 70 L\/s Sistem Islak&#038;Kuru Ses seviyesi 75 dBA<\/p>\n","protected":false},"featured_media":9213,"comment_status":"open","ping_status":"closed","template":"","meta":{"_acf_changed":false},"product_brand":[1493],"product_cat":[942],"product_tag":[],"class_list":{"0":"post-22884","1":"product","2":"type-product","3":"status-publish","4":"has-post-thumbnail","6":"product_brand-lavor","7":"product_cat-kul-vakum-makinalari","9":"first","10":"instock","11":"taxable","12":"shipping-taxable","13":"purchasable","14":"product-type-simple","15":"add-to-wishlist-after_add_to_cart"},"acf":[],"_links":{"self":[{"href":"https:\/\/www.makitamarket.com.tr\/site\/wp-json\/wp\/v2\/product\/22884","targetHints":{"allow":["GET"]}}],"collection":[{"href":"https:\/\/www.makitamarket.com.tr\/site\/wp-json\/wp\/v2\/product"}],"about":[{"href":"https:\/\/www.makitamarket.com.tr\/site\/wp-json\/wp\/v2\/types\/product"}],"replies":[{"embeddable":true,"href":"https:\/\/www.makitamarket.com.tr\/site\/wp-json\/wp\/v2\/comments?post=22884"}],"wp:featuredmedia":[{"embeddable":true,"href":"https:\/\/www.makitamarket.com.tr\/site\/wp-json\/wp\/v2\/media\/9213"}],"wp:attachment":[{"href":"https:\/\/www.makitamarket.com.tr\/site\/wp-json\/wp\/v2\/media?parent=22884"}],"wp:term":[{"taxonomy":"product_brand","embeddable":true,"href":"https:\/\/www.makitamarket.com.tr\/site\/wp-json\/wp\/v2\/product_brand?post=22884"},{"taxonomy":"product_cat","embeddable":true,"href":"https:\/\/www.makitamarket.com.tr\/site\/wp-json\/wp\/v2\/product_cat?post=22884"},{"taxonomy":"product_tag","embeddable":true,"href":"https:\/\/www.makitamarket.com.tr\/site\/wp-json\/wp\/v2\/product_tag?post=22884"}],"curies":[{"name":"wp","href":"https:\/\/api.w.org\/{rel}","templated":true}]}}