{"id":22888,"date":"2025-01-06T16:35:26","date_gmt":"2025-01-06T13:35:26","guid":{"rendered":"https:\/\/www.makitamarket.com.tr\/site\/urun\/makita-js-1601-sac-kesme-makinasi\/"},"modified":"2026-04-06T12:44:38","modified_gmt":"2026-04-06T09:44:38","slug":"makita-js-1601-sac-kesme-makinasi","status":"publish","type":"product","link":"https:\/\/www.makitamarket.com.tr\/site\/urun\/makita-js-1601-sac-kesme-makinasi\/","title":{"rendered":"Makita JS 1601 SAC KESME MAK\u0130NASI"},"content":{"rendered":"<p><span style=\"color: black;\">Model JS1601<\/span><\/p>\n<p><span style=\"color: black;\">Sac Kesmeler<\/span><\/p>\n<p>380 W \u2022 1.6 mm \u2022 4.500 dak\u207b\u00b9<\/p>\n<p><strong style=\"color: rgb(0, 112, 192);\">Metal Kesimi i\u00e7in Y\u00fcksek Performansl\u0131 Sac Kesme Makinesi<\/strong><\/p>\n<p>Metal sac kesme i\u015flemleri i\u00e7in tasarlanm\u0131\u015f, kompakt ve dayan\u0131kl\u0131 bir sac kesme makinesi modelidir. <strong>380 W motor g\u00fcc\u00fc<\/strong> ve <strong>1.6 <\/strong><span style=\"color: black;\">mm pens kapasitesi <\/span>ile ince metal malzemelerde hassas kesimler sa\u011flar. <span style=\"color: black;\">Dakikada 4.500 kesme say\u0131s\u0131na sahiptir. <\/span>Ergonomik tasar\u0131m\u0131, d\u00fc\u015f\u00fck titre\u015fim seviyesi ve rahat tutu\u015fu sayesinde uzun s\u00fcreli kullan\u0131mlarda konfor sunar. Metal i\u015fleme, \u00e7at\u0131 kaplama ve profesyonel sac projelerinde s\u0131k\u00e7a tercih edilen bir modeldir.<\/p>\n<p><span style=\"color: red;\">Kullan\u0131m amac\u0131: <\/span><span style=\"color: black;\">Bu aletin kullan\u0131m amac\u0131 \u00e7elik ve paslanmaz \u00e7elik sac kesmektir. <\/span><\/p>\n<p><u>\u00d6zellikleri:<\/u><\/p>\n<p><span style=\"color: red;\">G\u00fc\u00e7 Kayna\u011f\u0131: <\/span>Makinan\u0131n, yaln\u0131zca isim levhas\u0131nda belirtilenle ayn\u0131 voltajl\u0131 g\u00fc\u00e7 kayna\u011f\u0131na ba\u011flanmas\u0131 gerekir ve yaln\u0131zca tek fazl\u0131 AC g\u00fc\u00e7 kayna\u011f\u0131yla \u00e7al\u0131\u015ft\u0131r\u0131labilir. \u00c7ifte yal\u0131t\u0131ml\u0131d\u0131r ve topraklamas\u0131z prizlerle de kullan\u0131labilir.<\/p>\n<ol>\n<li data-list=\"bullet\"><span class=\"ql-ui\" contenteditable=\"false\"><\/span>\u00c7ift yal\u0131t\u0131ml\u0131d\u0131r.<\/li>\n<\/ol>\n<p>Ambalaj i\u00e7eri\u011fi: Allen Anahtar, Kal\u0131nl\u0131k k\u0131lavuzu<\/p>\n<p><span style=\"color: red; background-color: white;\">D\u00fcz ve \u015fekilli kesimler i\u00e7in<\/span><\/p>\n<p><\/p>\n<table>\n<tr>\n<td>S\u00fcrekli Ak\u0131m Giri\u015fi<\/td>\n<td>380W<\/td>\n<\/tr>\n<tr>\n<td>Kapasite<\/td>\n<td>400Nm ile \u00e7elik:1.6mm,600Nm ile \u00e7elik:1.2mm,800Nm ile \u00e7elik:0.8mm,200Nm ile al\u00fcminyum:2.5mm<\/td>\n<\/tr>\n<tr>\n<td>Min.KesmeYar\u0131\u00e7ap\u0131<\/td>\n<td>250mm<\/td>\n<\/tr>\n<tr>\n<td>Dakikada kesme say\u0131s\u0131<\/td>\n<td>4.500<\/td>\n<\/tr>\n<tr>\n<td>Net A\u011f\u0131rl\u0131k<\/td>\n<td>1.4kg<\/td>\n<\/tr>\n<tr>\n<td>Ak\u0131m<\/td>\n<td>1.73Ah<\/td>\n<\/tr>\n<\/table>\n","protected":false},"excerpt":{"rendered":"<p><span style=\"color: black;\">Model JS1601<\/span><\/p>\n<p><span style=\"color: black;\">Sac Kesmeler<\/span><\/p>\n<p>380 W \u2022 1.6 mm \u2022 4.500 dak\u207b\u00b9<\/p>\n<p><strong style=\"color: rgb(0, 112, 192);\">Metal Kesimi i\u00e7in Y\u00fcksek Performansl\u0131 Sac Kesme Makinesi<\/strong><\/p>\n<p>Metal sac kesme i\u015flemleri i\u00e7in tasarlanm\u0131\u015f, kompakt ve dayan\u0131kl\u0131 bir sac kesme makinesi modelidir. <strong>380 W motor g\u00fcc\u00fc<\/strong> ve <strong>1.6 <\/strong><span style=\"color: black;\">mm pens kapasitesi <\/span>ile ince metal malzemelerde hassas kesimler sa\u011flar. <span style=\"color: black;\">Dakikada 4.500 kesme say\u0131s\u0131na sahiptir. <\/span>Ergonomik tasar\u0131m\u0131, d\u00fc\u015f\u00fck titre\u015fim seviyesi ve rahat tutu\u015fu sayesinde uzun s\u00fcreli kullan\u0131mlarda konfor sunar. Metal i\u015fleme, \u00e7at\u0131 kaplama ve profesyonel sac projelerinde s\u0131k\u00e7a tercih edilen bir modeldir.<\/p>\n<p><span style=\"color: red;\">Kullan\u0131m amac\u0131: <\/span><span style=\"color: black;\">Bu aletin kullan\u0131m amac\u0131 \u00e7elik ve paslanmaz \u00e7elik sac kesmektir. <\/span><\/p>\n<p><u>\u00d6zellikleri:<\/u><\/p>\n<p><span style=\"color: red;\">G\u00fc\u00e7 Kayna\u011f\u0131: <\/span>Makinan\u0131n, yaln\u0131zca isim levhas\u0131nda belirtilenle ayn\u0131 voltajl\u0131 g\u00fc\u00e7 kayna\u011f\u0131na ba\u011flanmas\u0131 gerekir ve yaln\u0131zca tek fazl\u0131 AC g\u00fc\u00e7 kayna\u011f\u0131yla \u00e7al\u0131\u015ft\u0131r\u0131labilir. \u00c7ifte yal\u0131t\u0131ml\u0131d\u0131r ve topraklamas\u0131z prizlerle de kullan\u0131labilir.<\/p>\n<ol>\n<li data-list=\"bullet\"><span class=\"ql-ui\" contenteditable=\"false\"><\/span>\u00c7ift yal\u0131t\u0131ml\u0131d\u0131r.<\/li>\n<\/ol>\n<p>Ambalaj i\u00e7eri\u011fi: Allen Anahtar, Kal\u0131nl\u0131k k\u0131lavuzu<\/p>\n<p><span style=\"color: red; background-color: white;\">D\u00fcz ve \u015fekilli kesimler i\u00e7in<\/span><\/p>\n<p><\/p>\n","protected":false},"featured_media":9227,"comment_status":"open","ping_status":"closed","template":"","meta":{"_acf_changed":false},"product_brand":[1485],"product_cat":[901],"product_tag":[],"class_list":{"0":"post-22888","1":"product","2":"type-product","3":"status-publish","4":"has-post-thumbnail","6":"product_brand-makita","7":"product_cat-sac-kesmeler","9":"first","10":"instock","11":"taxable","12":"shipping-taxable","13":"purchasable","14":"product-type-simple","15":"add-to-wishlist-after_add_to_cart"},"acf":[],"_links":{"self":[{"href":"https:\/\/www.makitamarket.com.tr\/site\/wp-json\/wp\/v2\/product\/22888","targetHints":{"allow":["GET"]}}],"collection":[{"href":"https:\/\/www.makitamarket.com.tr\/site\/wp-json\/wp\/v2\/product"}],"about":[{"href":"https:\/\/www.makitamarket.com.tr\/site\/wp-json\/wp\/v2\/types\/product"}],"replies":[{"embeddable":true,"href":"https:\/\/www.makitamarket.com.tr\/site\/wp-json\/wp\/v2\/comments?post=22888"}],"wp:featuredmedia":[{"embeddable":true,"href":"https:\/\/www.makitamarket.com.tr\/site\/wp-json\/wp\/v2\/media\/9227"}],"wp:attachment":[{"href":"https:\/\/www.makitamarket.com.tr\/site\/wp-json\/wp\/v2\/media?parent=22888"}],"wp:term":[{"taxonomy":"product_brand","embeddable":true,"href":"https:\/\/www.makitamarket.com.tr\/site\/wp-json\/wp\/v2\/product_brand?post=22888"},{"taxonomy":"product_cat","embeddable":true,"href":"https:\/\/www.makitamarket.com.tr\/site\/wp-json\/wp\/v2\/product_cat?post=22888"},{"taxonomy":"product_tag","embeddable":true,"href":"https:\/\/www.makitamarket.com.tr\/site\/wp-json\/wp\/v2\/product_tag?post=22888"}],"curies":[{"name":"wp","href":"https:\/\/api.w.org\/{rel}","templated":true}]}}