{"id":22898,"date":"2025-01-06T16:35:28","date_gmt":"2025-01-06T13:35:28","guid":{"rendered":"https:\/\/www.makitamarket.com.tr\/site\/urun\/makita-b-54259-kilic-testere-bicagi-200-mm\/"},"modified":"2025-11-16T04:53:14","modified_gmt":"2025-11-16T01:53:14","slug":"makita-b-54259-kilic-testere-bicagi-200-mm","status":"publish","type":"product","link":"https:\/\/www.makitamarket.com.tr\/site\/urun\/makita-b-54259-kilic-testere-bicagi-200-mm\/","title":{"rendered":"Makita B-54259 KILI\u00c7 TESTERE BI\u00c7A\u011eI 200 mm"},"content":{"rendered":"<p>\n\tPalet tamiri, \u00e7ivi ah\u015fap i\u00e7in 5-150 mm<\/p>\n<p>\n\tSac, boru ve al\u00fcminyum profiller i\u00e7in 3-12 mm aras\u0131nda kesim yapmak i\u00e7in kullan\u0131lmaktad\u0131r.<\/p>\n<p>\n\t(vernikli-\u0131slak ve y\u00fcksek nemli ortamlarda)<\/p>\n<table>\n<tr>\n<td>Uzunluk<\/td>\n<td>200 mm<\/td>\n<\/tr>\n<tr>\n<td>\u0130nch Ba\u015f\u0131 Di\u015f<\/td>\n<td>10<\/td>\n<\/tr>\n<tr>\n<td>B\u0131\u00e7ak Materyali<\/td>\n<td>Bi-Metal<\/td>\n<\/tr>\n<\/table>\n","protected":false},"excerpt":{"rendered":"<p>\n\tPalet tamiri, \u00e7ivi ah\u015fap i\u00e7in 5-150 mm<\/p>\n<p>\n\tSac, boru ve al\u00fcminyum profiller i\u00e7in 3-12 mm aras\u0131nda kesim yapmak i\u00e7in kullan\u0131lmaktad\u0131r.<\/p>\n<p>\n\t(vernikli-\u0131slak ve y\u00fcksek nemli ortamlarda)<\/p>\n","protected":false},"featured_media":9264,"comment_status":"open","ping_status":"closed","template":"","meta":{"_acf_changed":false},"product_brand":[1485],"product_cat":[1565],"product_tag":[],"class_list":{"0":"post-22898","1":"product","2":"type-product","3":"status-publish","4":"has-post-thumbnail","6":"product_brand-makita","7":"product_cat-yok-yok","9":"first","10":"outofstock","11":"taxable","12":"shipping-taxable","13":"purchasable","14":"product-type-simple","15":"add-to-wishlist-after_add_to_cart"},"acf":[],"_links":{"self":[{"href":"https:\/\/www.makitamarket.com.tr\/site\/wp-json\/wp\/v2\/product\/22898","targetHints":{"allow":["GET"]}}],"collection":[{"href":"https:\/\/www.makitamarket.com.tr\/site\/wp-json\/wp\/v2\/product"}],"about":[{"href":"https:\/\/www.makitamarket.com.tr\/site\/wp-json\/wp\/v2\/types\/product"}],"replies":[{"embeddable":true,"href":"https:\/\/www.makitamarket.com.tr\/site\/wp-json\/wp\/v2\/comments?post=22898"}],"wp:featuredmedia":[{"embeddable":true,"href":"https:\/\/www.makitamarket.com.tr\/site\/wp-json\/wp\/v2\/media\/9264"}],"wp:attachment":[{"href":"https:\/\/www.makitamarket.com.tr\/site\/wp-json\/wp\/v2\/media?parent=22898"}],"wp:term":[{"taxonomy":"product_brand","embeddable":true,"href":"https:\/\/www.makitamarket.com.tr\/site\/wp-json\/wp\/v2\/product_brand?post=22898"},{"taxonomy":"product_cat","embeddable":true,"href":"https:\/\/www.makitamarket.com.tr\/site\/wp-json\/wp\/v2\/product_cat?post=22898"},{"taxonomy":"product_tag","embeddable":true,"href":"https:\/\/www.makitamarket.com.tr\/site\/wp-json\/wp\/v2\/product_tag?post=22898"}],"curies":[{"name":"wp","href":"https:\/\/api.w.org\/{rel}","templated":true}]}}