{"id":22909,"date":"2025-01-06T16:35:34","date_gmt":"2025-01-06T13:35:34","guid":{"rendered":"https:\/\/www.makitamarket.com.tr\/site\/urun\/makita-dtw190rfe-darbeli-somun-sikma-18v\/"},"modified":"2026-04-06T12:45:49","modified_gmt":"2026-04-06T09:45:49","slug":"makita-dtw190rfe-darbeli-somun-sikma-18v","status":"publish","type":"product","link":"https:\/\/www.makitamarket.com.tr\/site\/urun\/makita-dtw190rfe-darbeli-somun-sikma-18v\/","title":{"rendered":"Makita DTW190RFE DARBEL\u0130 SOMUN SIKMA 18V"},"content":{"rendered":"<p>Model DTW190RFE<\/p>\n<p>Darbeli Somun S\u0131kma 1\/2\u201d 12.7mm<\/p>\n<p>18V \u2022 M8 \u2013 M16 \u2022 190 Nm \u2022 0 \u2013 2.300 dak\u207b\u00b9<\/p>\n<p><span style=\"color: rgb(0, 112, 192);\">M8 \u2013 M16 c\u0131vatalar i\u00e7in kompakt ve etkili bir darbeli somun s\u0131kma <\/span><\/p>\n<p>Kullan\u0131m\u0131 kolay ancak 190 Nm&#8217;ye kadar y\u00fcksek bir s\u0131kma torku g\u00fcc\u00fc sunan k\u00fc\u00e7\u00fck ve hafif bir alet. Araba tekerleklerini de\u011fi\u015ftirmek i\u00e7in ideal bir alet. Dakikada 2.300 bo\u015fta devire sahiptir ve dakikadaki darbe say\u0131s\u0131 0-3.000 darbe\/dk\u2019d\u0131r.<\/p>\n<p><span style=\"color: red;\">Kullan\u0131m amac\u0131: <\/span>Bu alet c\u0131vata ve somunlar\u0131 s\u0131kmak i\u00e7in kullan\u0131lmas\u0131 ama\u00e7lanm\u0131\u015ft\u0131r.<\/p>\n<p><u style=\"color: rgb(33, 37, 41);\">\u00d6zellikleri:<\/u><\/p>\n<p><span style=\"color: rgb(33, 37, 41); background-color: white;\">18V max Lithium-ion,\u00c7ift Ak\u00fcl\u00fc<\/span><\/p>\n<p>Ak\u00fcl\u00fc yap\u0131s\u0131 kullan\u0131c\u0131ya kablosuz kullan\u0131m imkan\u0131 sunar ve bu sayede kullan\u0131c\u0131lar geni\u015f alanlarda kablo s\u0131n\u0131rlamalar\u0131 olmadan rahat\u00e7a \u00e7al\u0131\u015fabilirler.<\/p>\n<p>Li-ion;Bataryan\u0131n daha verimli \u00e7al\u0131\u015fmas\u0131n\u0131 sa\u011flayan teknolojidir.<\/p>\n<ol>\n<li data-list=\"bullet\"><span class=\"ql-ui\" contenteditable=\"false\"><\/span>De\u011fi\u015fken h\u0131z \u00f6zelli\u011fine sahiptir.<\/li>\n<li data-list=\"bullet\"><span class=\"ql-ui\" contenteditable=\"false\"><\/span>Sa\u011f-sol d\u00f6n\u00fc\u015f ayarl\u0131d\u0131r.<\/li>\n<li data-list=\"bullet\"><span class=\"ql-ui\" contenteditable=\"false\"><\/span>Otomatik 2 h\u0131z mevcuttur.<\/li>\n<li data-list=\"bullet\"><span class=\"ql-ui\" contenteditable=\"false\"><\/span>Elektrik freni mevcuttur.<\/li>\n<li data-list=\"bullet\"><span class=\"ql-ui\" contenteditable=\"false\"><\/span><span style=\"color: rgb(33, 37, 41);\">Plastik ta\u015f\u0131ma \u00e7antal\u0131d\u0131r.<\/span><\/li>\n<li data-list=\"bullet\"><span class=\"ql-ui\" contenteditable=\"false\"><\/span><span style=\"color: rgb(33, 37, 41);\">Led \u0131\u015f\u0131\u011f\u0131 vard\u0131r.<\/span><\/li>\n<\/ol>\n<p>Ambalaj i\u00e7eri\u011fi: \u00e7ift ak\u00fc, \u015farj cihaz\u0131<\/p>\n<table>\n<tr>\n<td>Kapasite<\/td>\n<td>Standart civata: M8-M16, Y\u00fcksek gerilimli civata: M8-M12<\/td>\n<\/tr>\n<tr>\n<td>Bo\u015fta Devir<\/td>\n<td>0-2300devir\/dk<\/td>\n<\/tr>\n<tr>\n<td>Maksimum Tork<\/td>\n<td>190 N.m<\/td>\n<\/tr>\n<tr>\n<td>Net A\u011f\u0131rl\u0131k<\/td>\n<td>1.4kg<\/td>\n<\/tr>\n<tr>\n<td>G\u00fc\u00e7-Kapasite<\/td>\n<td>18V\/3.0Ah\/Li-ion<\/td>\n<\/tr>\n<tr>\n<td>Ak\u00fc \/ \u015earj Cihaz\u0131<\/td>\n<td>BL1830B \/ DC18RC<\/td>\n<\/tr>\n<tr>\n<td>Darbe say\u0131s\u0131<\/td>\n<td>0-3000 darbe\/dk<\/td>\n<\/tr>\n<\/table>\n","protected":false},"excerpt":{"rendered":"<p>Model DTW190RFE<\/p>\n<p>Darbeli Somun S\u0131kma 1\/2\u201d 12.7mm<\/p>\n<p>18V \u2022 M8 \u2013 M16 \u2022 190 Nm \u2022 0 \u2013 2.300 dak\u207b\u00b9<\/p>\n<p><span style=\"color: rgb(0, 112, 192);\">M8 \u2013 M16 c\u0131vatalar i\u00e7in kompakt ve etkili bir darbeli somun s\u0131kma <\/span><\/p>\n<p>Kullan\u0131m\u0131 kolay ancak 190 Nm&#8217;ye kadar y\u00fcksek bir s\u0131kma torku g\u00fcc\u00fc sunan k\u00fc\u00e7\u00fck ve hafif bir alet. Araba tekerleklerini de\u011fi\u015ftirmek i\u00e7in ideal bir alet. Dakikada 2.300 bo\u015fta devire sahiptir ve dakikadaki darbe say\u0131s\u0131 0-3.000 darbe\/dk\u2019d\u0131r.<\/p>\n<p><span style=\"color: red;\">Kullan\u0131m amac\u0131: <\/span>Bu alet c\u0131vata ve somunlar\u0131 s\u0131kmak i\u00e7in kullan\u0131lmas\u0131 ama\u00e7lanm\u0131\u015ft\u0131r.<\/p>\n<p><u style=\"color: rgb(33, 37, 41);\">\u00d6zellikleri:<\/u><\/p>\n<p><span style=\"color: rgb(33, 37, 41); background-color: white;\">18V max Lithium-ion,\u00c7ift Ak\u00fcl\u00fc<\/span><\/p>\n<p>Ak\u00fcl\u00fc yap\u0131s\u0131 kullan\u0131c\u0131ya kablosuz kullan\u0131m imkan\u0131 sunar ve bu sayede kullan\u0131c\u0131lar geni\u015f alanlarda kablo s\u0131n\u0131rlamalar\u0131 olmadan rahat\u00e7a \u00e7al\u0131\u015fabilirler.<\/p>\n<p>Li-ion;Bataryan\u0131n daha verimli \u00e7al\u0131\u015fmas\u0131n\u0131 sa\u011flayan teknolojidir.<\/p>\n<ol>\n<li data-list=\"bullet\"><span class=\"ql-ui\" contenteditable=\"false\"><\/span>De\u011fi\u015fken h\u0131z \u00f6zelli\u011fine sahiptir.<\/li>\n<li data-list=\"bullet\"><span class=\"ql-ui\" contenteditable=\"false\"><\/span>Sa\u011f-sol d\u00f6n\u00fc\u015f ayarl\u0131d\u0131r.<\/li>\n<li data-list=\"bullet\"><span class=\"ql-ui\" contenteditable=\"false\"><\/span>Otomatik 2 h\u0131z mevcuttur.<\/li>\n<li data-list=\"bullet\"><span class=\"ql-ui\" contenteditable=\"false\"><\/span>Elektrik freni mevcuttur.<\/li>\n<li data-list=\"bullet\"><span class=\"ql-ui\" contenteditable=\"false\"><\/span><span style=\"color: rgb(33, 37, 41);\">Plastik ta\u015f\u0131ma \u00e7antal\u0131d\u0131r.<\/span><\/li>\n<li data-list=\"bullet\"><span class=\"ql-ui\" contenteditable=\"false\"><\/span><span style=\"color: rgb(33, 37, 41);\">Led \u0131\u015f\u0131\u011f\u0131 vard\u0131r.<\/span><\/li>\n<\/ol>\n<p>Ambalaj i\u00e7eri\u011fi: \u00e7ift ak\u00fc, \u015farj cihaz\u0131<\/p>\n","protected":false},"featured_media":9318,"comment_status":"open","ping_status":"closed","template":"","meta":{"_acf_changed":false},"product_brand":[1485],"product_cat":[755],"product_tag":[],"class_list":{"0":"post-22909","1":"product","2":"type-product","3":"status-publish","4":"has-post-thumbnail","6":"product_brand-makita","7":"product_cat-18-volt","9":"first","10":"instock","11":"taxable","12":"shipping-taxable","13":"purchasable","14":"product-type-simple","15":"add-to-wishlist-after_add_to_cart"},"acf":[],"_links":{"self":[{"href":"https:\/\/www.makitamarket.com.tr\/site\/wp-json\/wp\/v2\/product\/22909","targetHints":{"allow":["GET"]}}],"collection":[{"href":"https:\/\/www.makitamarket.com.tr\/site\/wp-json\/wp\/v2\/product"}],"about":[{"href":"https:\/\/www.makitamarket.com.tr\/site\/wp-json\/wp\/v2\/types\/product"}],"replies":[{"embeddable":true,"href":"https:\/\/www.makitamarket.com.tr\/site\/wp-json\/wp\/v2\/comments?post=22909"}],"wp:featuredmedia":[{"embeddable":true,"href":"https:\/\/www.makitamarket.com.tr\/site\/wp-json\/wp\/v2\/media\/9318"}],"wp:attachment":[{"href":"https:\/\/www.makitamarket.com.tr\/site\/wp-json\/wp\/v2\/media?parent=22909"}],"wp:term":[{"taxonomy":"product_brand","embeddable":true,"href":"https:\/\/www.makitamarket.com.tr\/site\/wp-json\/wp\/v2\/product_brand?post=22909"},{"taxonomy":"product_cat","embeddable":true,"href":"https:\/\/www.makitamarket.com.tr\/site\/wp-json\/wp\/v2\/product_cat?post=22909"},{"taxonomy":"product_tag","embeddable":true,"href":"https:\/\/www.makitamarket.com.tr\/site\/wp-json\/wp\/v2\/product_tag?post=22909"}],"curies":[{"name":"wp","href":"https:\/\/api.w.org\/{rel}","templated":true}]}}