{"id":22913,"date":"2025-01-06T16:35:35","date_gmt":"2025-01-06T13:35:35","guid":{"rendered":"https:\/\/www.makitamarket.com.tr\/site\/urun\/knipex-979009-cantali-papuc-sikma-seti\/"},"modified":"2026-04-06T12:46:39","modified_gmt":"2026-04-06T09:46:39","slug":"knipex-979009-cantali-papuc-sikma-seti","status":"publish","type":"product","link":"https:\/\/www.makitamarket.com.tr\/site\/urun\/knipex-979009-cantali-papuc-sikma-seti\/","title":{"rendered":"Knipex 979009 \u00c7ANTALI PAPU\u00c7 SIKMA SET\u0130"},"content":{"rendered":"<p><b>97 90 09 Krimp \u00dcr\u00fcn \u00c7e\u015fitleri<\/b><br \/>TANOS MINI-systainer\u00ae i\u00e7inde (Sa\u011flam Plastik Kutu). Tek el ile kullanma olana\u011f\u0131 sa\u011flayan T-Loc kilit mekanizmas\u0131: bir kez d\u00f6nd\u00fcrerek systainer\u00ae a\u00e7ma veya kapatma ve bir daha d\u00f6nd\u00fcrerek ikinci systainer\u00ae \u00fcr\u00fcn\u00fcn\u00fc birle\u015ftirme Birle\u015ftirilmi\u015f durumda a\u00e7ma: Ba\u011flant\u0131y\u0131 a\u00e7madan i\u00e7eri\u011fine kolay ve h\u0131zl\u0131 \u015fekilde eri\u015fme \u0130ki adet istiflenebilir plastik b\u00f6l\u00fcm, konekt\u00f6r i\u00e7in her birinde 6 yuva bulunur. \u0130zoleli \/ izolesiz kablo y\u00fcks\u00fck seti ile birlikte. Kendinden ayarlamal\u0131 kablo y\u00fcks\u00fc\u011f\u00fc pensesi 97 53 04 ile. systainer\u00ae Tescilli markas\u0131d\u0131r TANOS GmbH. <br \/><b>Teslimat kapsam\u0131:<\/b> 1 x 97 53 04 KNIPEX Kablo Y\u00fcksekleri \u0130\u00e7in Kendili\u011finden Ayarlanan S\u0131kma Pensesi Yandan takmal\u0131 (0,08 \u2013 10 + 16 mm\u00b2), 52 x  KNIPEX Plastik kenarl\u0131 kablo y\u00fcks\u00fc\u011f\u00fc 14 \/ 8 mm (0,5 mm\u00b2), 100 x  KNIPEX Plastik kenarl\u0131 kablo y\u00fcks\u00fc\u011f\u00fc 14 \/ 8 mm (0,75 mm\u00b2), 100 x  KNIPEX Plastik kenarl\u0131 kablo y\u00fcks\u00fc\u011f\u00fc 14 \/ 8 mm (1 mm\u00b2), 200 x  KNIPEX Plastik kenarl\u0131 kablo y\u00fcks\u00fc\u011f\u00fc 14 \/ 8 mm (1,5 mm\u00b2), 200 x  KNIPEX Plastik kenarl\u0131 kablo y\u00fcks\u00fc\u011f\u00fc 14 \/ 8 mm (2,5 mm\u00b2), 200 x  KNIPEX Plastik kenarl\u0131 kablo y\u00fcks\u00fc\u011f\u00fc 17 \/ 10 mm (4 mm\u00b2), 200 x  KNIPEX Plastik kenarl\u0131 kablo y\u00fcks\u00fc\u011f\u00fc 20 \/ 12 mm (6 mm\u00b2), 200 x  KNIPEX Plastik kenarl\u0131 kablo y\u00fcks\u00fc\u011f\u00fc 22 \/ 12 mm (10 mm\u00b2),<\/p>\n<table>\n<tr>\n<td>Pense<\/td>\n<td>97 53 04<\/td>\n<\/tr>\n<tr>\n<td>A\u00e7\u0131klama<\/td>\n<td>Toplamda 300 adet \u00e7e\u015fitli \u00f6l\u00e7\u00fclerde y\u00fcks\u00fcklerle birlikte<\/td>\n<\/tr>\n<tr>\n<td>A\u011f\u0131rl\u0131k<\/td>\n<td>1420 gr<\/td>\n<\/tr>\n<\/table>\n","protected":false},"excerpt":{"rendered":"<p><b>97 90 09 Krimp \u00dcr\u00fcn \u00c7e\u015fitleri<\/b><br \/>TANOS MINI-systainer\u00ae i\u00e7inde (Sa\u011flam Plastik Kutu). Tek el ile kullanma olana\u011f\u0131 sa\u011flayan T-Loc kilit mekanizmas\u0131: bir kez d\u00f6nd\u00fcrerek systainer\u00ae a\u00e7ma veya kapatma ve bir daha d\u00f6nd\u00fcrerek ikinci systainer\u00ae \u00fcr\u00fcn\u00fcn\u00fc birle\u015ftirme Birle\u015ftirilmi\u015f durumda a\u00e7ma: Ba\u011flant\u0131y\u0131 a\u00e7madan i\u00e7eri\u011fine kolay ve h\u0131zl\u0131 \u015fekilde eri\u015fme \u0130ki adet istiflenebilir plastik b\u00f6l\u00fcm, konekt\u00f6r i\u00e7in her birinde 6 yuva bulunur. \u0130zoleli \/ izolesiz kablo y\u00fcks\u00fck seti ile birlikte. Kendinden ayarlamal\u0131 kablo y\u00fcks\u00fc\u011f\u00fc pensesi 97 53 04 ile. systainer\u00ae Tescilli markas\u0131d\u0131r TANOS GmbH. <br \/><b>Teslimat kapsam\u0131:<\/b> 1 x 97 53 04 KNIPEX Kablo Y\u00fcksekleri \u0130\u00e7in Kendili\u011finden Ayarlanan S\u0131kma Pensesi Yandan takmal\u0131 (0,08 \u2013 10 + 16 mm\u00b2), 52 x  KNIPEX Plastik kenarl\u0131 kablo y\u00fcks\u00fc\u011f\u00fc 14 \/ 8 mm (0,5 mm\u00b2), 100 x  KNIPEX Plastik kenarl\u0131 kablo y\u00fcks\u00fc\u011f\u00fc 14 \/ 8 mm (0,75 mm\u00b2), 100 x  KNIPEX Plastik kenarl\u0131 kablo y\u00fcks\u00fc\u011f\u00fc 14 \/ 8 mm (1 mm\u00b2), 200 x  KNIPEX Plastik kenarl\u0131 kablo y\u00fcks\u00fc\u011f\u00fc 14 \/ 8 mm (1,5 mm\u00b2), 200 x  KNIPEX Plastik kenarl\u0131 kablo y\u00fcks\u00fc\u011f\u00fc 14 \/ 8 mm (2,5 mm\u00b2), 200 x  KNIPEX Plastik kenarl\u0131 kablo y\u00fcks\u00fc\u011f\u00fc 17 \/ 10 mm (4 mm\u00b2), 200 x  KNIPEX Plastik kenarl\u0131 kablo y\u00fcks\u00fc\u011f\u00fc 20 \/ 12 mm (6 mm\u00b2), 200 x  KNIPEX Plastik kenarl\u0131 kablo y\u00fcks\u00fc\u011f\u00fc 22 \/ 12 mm (10 mm\u00b2),<\/p>\n","protected":false},"featured_media":9331,"comment_status":"open","ping_status":"closed","template":"","meta":{"_acf_changed":false},"product_brand":[1486],"product_cat":[852],"product_tag":[],"class_list":{"0":"post-22913","1":"product","2":"type-product","3":"status-publish","4":"has-post-thumbnail","6":"product_brand-knipex","7":"product_cat-kablo-yuksuk-ve-pabuc-sikmalar","9":"first","10":"instock","11":"taxable","12":"shipping-taxable","13":"purchasable","14":"product-type-simple","15":"add-to-wishlist-after_add_to_cart"},"acf":[],"_links":{"self":[{"href":"https:\/\/www.makitamarket.com.tr\/site\/wp-json\/wp\/v2\/product\/22913","targetHints":{"allow":["GET"]}}],"collection":[{"href":"https:\/\/www.makitamarket.com.tr\/site\/wp-json\/wp\/v2\/product"}],"about":[{"href":"https:\/\/www.makitamarket.com.tr\/site\/wp-json\/wp\/v2\/types\/product"}],"replies":[{"embeddable":true,"href":"https:\/\/www.makitamarket.com.tr\/site\/wp-json\/wp\/v2\/comments?post=22913"}],"wp:featuredmedia":[{"embeddable":true,"href":"https:\/\/www.makitamarket.com.tr\/site\/wp-json\/wp\/v2\/media\/9331"}],"wp:attachment":[{"href":"https:\/\/www.makitamarket.com.tr\/site\/wp-json\/wp\/v2\/media?parent=22913"}],"wp:term":[{"taxonomy":"product_brand","embeddable":true,"href":"https:\/\/www.makitamarket.com.tr\/site\/wp-json\/wp\/v2\/product_brand?post=22913"},{"taxonomy":"product_cat","embeddable":true,"href":"https:\/\/www.makitamarket.com.tr\/site\/wp-json\/wp\/v2\/product_cat?post=22913"},{"taxonomy":"product_tag","embeddable":true,"href":"https:\/\/www.makitamarket.com.tr\/site\/wp-json\/wp\/v2\/product_tag?post=22913"}],"curies":[{"name":"wp","href":"https:\/\/api.w.org\/{rel}","templated":true}]}}