{"id":22914,"date":"2025-01-06T16:35:35","date_gmt":"2025-01-06T13:35:35","guid":{"rendered":"https:\/\/www.makitamarket.com.tr\/site\/urun\/makita-dhp453syx1-akulu-74-parca-uc-seti-18v\/"},"modified":"2026-04-06T12:46:40","modified_gmt":"2026-04-06T09:46:40","slug":"makita-dhp453syx1-akulu-74-parca-uc-seti-18v","status":"publish","type":"product","link":"https:\/\/www.makitamarket.com.tr\/site\/urun\/makita-dhp453syx1-akulu-74-parca-uc-seti-18v\/","title":{"rendered":"Makita DHP453SYX1 AK\u00dcL\u00dc 74 PAR\u00c7A U\u00c7 SET\u0130 18V"},"content":{"rendered":"<table>\n<tr>\n<td>Kapasite<\/td>\n<td>\u00c7elik:13mm, Ah\u015fap:36mm, Tu\u011fla:13mm<\/td>\n<\/tr>\n<tr>\n<td>Bo\u015fta Devir<\/td>\n<td>0-400\/1300devir\/dk<\/td>\n<\/tr>\n<tr>\n<td>Maks. Tork<\/td>\n<td>27\/42 N.m<\/td>\n<\/tr>\n<tr>\n<td>Net A\u011f\u0131rl\u0131k<\/td>\n<td>1.7kg<\/td>\n<\/tr>\n<tr>\n<td>G\u00fc\u00e7-Kapasite<\/td>\n<td>18V\/1.5 Ah\/Li-ion<\/td>\n<\/tr>\n<tr>\n<td>Ak\u00fc \/ \u015earj Cihaz\u0131<\/td>\n<td>BL1815N\/DC18SD<\/td>\n<\/tr>\n<tr>\n<td>Mandren<\/td>\n<td>1\/2&#8243;<\/td>\n<\/tr>\n<\/table>\n","protected":false},"excerpt":{"rendered":"<p>Kapasite \u00c7elik:13mm, Ah\u015fap:36mm, Tu\u011fla:13mm Bo\u015fta Devir 0-400\/1300devir\/dk Maks. Tork 27\/42 N.m Net A\u011f\u0131rl\u0131k 1.7kg G\u00fc\u00e7-Kapasite 18V\/1.5 Ah\/Li-ion Ak\u00fc \/ \u015earj Cihaz\u0131 BL1815N\/DC18SD Mandren 1\/2&#8243;<\/p>\n","protected":false},"featured_media":9332,"comment_status":"open","ping_status":"closed","template":"","meta":{"_acf_changed":false},"product_brand":[1485],"product_cat":[755],"product_tag":[],"class_list":{"0":"post-22914","1":"product","2":"type-product","3":"status-publish","4":"has-post-thumbnail","6":"product_brand-makita","7":"product_cat-18-volt","9":"first","10":"instock","11":"taxable","12":"shipping-taxable","13":"purchasable","14":"product-type-simple","15":"add-to-wishlist-after_add_to_cart"},"acf":[],"_links":{"self":[{"href":"https:\/\/www.makitamarket.com.tr\/site\/wp-json\/wp\/v2\/product\/22914","targetHints":{"allow":["GET"]}}],"collection":[{"href":"https:\/\/www.makitamarket.com.tr\/site\/wp-json\/wp\/v2\/product"}],"about":[{"href":"https:\/\/www.makitamarket.com.tr\/site\/wp-json\/wp\/v2\/types\/product"}],"replies":[{"embeddable":true,"href":"https:\/\/www.makitamarket.com.tr\/site\/wp-json\/wp\/v2\/comments?post=22914"}],"wp:featuredmedia":[{"embeddable":true,"href":"https:\/\/www.makitamarket.com.tr\/site\/wp-json\/wp\/v2\/media\/9332"}],"wp:attachment":[{"href":"https:\/\/www.makitamarket.com.tr\/site\/wp-json\/wp\/v2\/media?parent=22914"}],"wp:term":[{"taxonomy":"product_brand","embeddable":true,"href":"https:\/\/www.makitamarket.com.tr\/site\/wp-json\/wp\/v2\/product_brand?post=22914"},{"taxonomy":"product_cat","embeddable":true,"href":"https:\/\/www.makitamarket.com.tr\/site\/wp-json\/wp\/v2\/product_cat?post=22914"},{"taxonomy":"product_tag","embeddable":true,"href":"https:\/\/www.makitamarket.com.tr\/site\/wp-json\/wp\/v2\/product_tag?post=22914"}],"curies":[{"name":"wp","href":"https:\/\/api.w.org\/{rel}","templated":true}]}}