{"id":22917,"date":"2025-01-06T16:35:35","date_gmt":"2025-01-06T13:35:35","guid":{"rendered":"https:\/\/www.makitamarket.com.tr\/site\/urun\/kama-by-reis-kgl3500ce-benzinli-jenerator-2-8-kw-3-5-kva\/"},"modified":"2025-11-16T04:56:53","modified_gmt":"2025-11-16T01:56:53","slug":"kama-by-reis-kgl3500ce-benzinli-jenerator-2-8-kw-3-5-kva","status":"publish","type":"product","link":"https:\/\/www.makitamarket.com.tr\/site\/urun\/kama-by-reis-kgl3500ce-benzinli-jenerator-2-8-kw-3-5-kva\/","title":{"rendered":"Kama By Reis KGL3500CE BENZ\u0130NL\u0130 JENERAT\u00d6R 2.8 kW\/3.5 kVA"},"content":{"rendered":"<table>\n<tr>\n<td>Maksimum G\u00fc\u00e7 (kW\/kVA)<\/td>\n<td>2,8 \/ 3,5<\/td>\n<\/tr>\n<tr>\n<td>S\u00fcrekli G\u00fc\u00e7 (kW\/kVA)<\/td>\n<td>2,5 \/ 3,12<\/td>\n<\/tr>\n<tr>\n<td>S\u00fcrekli \u00c7\u0131k\u0131\u015f Amperi  (A)<\/td>\n<td>10,8<\/td>\n<\/tr>\n<tr>\n<td>Faz Say\u0131s\u0131<\/td>\n<td>1 (Monofaze)<\/td>\n<\/tr>\n<tr>\n<td>\u00c7\u0131k\u0131\u015f Voltaj\u0131  (V)<\/td>\n<td>230<\/td>\n<\/tr>\n<tr>\n<td>G\u00fc\u00e7 Fakt\u00f6r\u00fc     (Cos \u03c6)<\/td>\n<td>1 \/ 0.8<\/td>\n<\/tr>\n<tr>\n<td>Frekans (Hz)<\/td>\n<td>50<\/td>\n<\/tr>\n<tr>\n<td>G\u00f6sterge Ekran\u0131<\/td>\n<td>Analog<\/td>\n<\/tr>\n<tr>\n<td>Motor tipi<\/td>\n<td>1 Silindir Hava So\u011futmal\u0131<\/td>\n<\/tr>\n<tr>\n<td>Motor Modeli<\/td>\n<td>210<\/td>\n<\/tr>\n<tr>\n<td>Motor G\u00fcc\u00fc<\/td>\n<td>7 Hp<\/td>\n<\/tr>\n<tr>\n<td>Silindir Hacmi  (cc)<\/td>\n<td>208<\/td>\n<\/tr>\n<tr>\n<td>\u00c7al\u0131\u015ft\u0131rma \u015eekli<\/td>\n<td>\u0130pli \/ Mar\u015fl\u0131<\/td>\n<\/tr>\n<tr>\n<td>Yak\u0131t Tipi<\/td>\n<td>Kur\u015funsuz Benzin<\/td>\n<\/tr>\n<tr>\n<td>Yak\u0131t Deposu Kapasitesi  (Lt)<\/td>\n<td>15<\/td>\n<\/tr>\n<tr>\n<td>Yak\u0131t T\u00fcketimi (Lt \/ Saat)<\/td>\n<td>1,3<\/td>\n<\/tr>\n<tr>\n<td>Ya\u011f Kapasitesi ( Lt )<\/td>\n<td>0,6<\/td>\n<\/tr>\n<tr>\n<td>Ya\u011f Tipi<\/td>\n<td>15W40<\/td>\n<\/tr>\n<tr>\n<td>Ses Seviyesi (dBA-7m)<\/td>\n<td>68<\/td>\n<\/tr>\n<tr>\n<td>A\u011f\u0131rl\u0131k  (Kg)<\/td>\n<td>43<\/td>\n<\/tr>\n<tr>\n<td>Boyutlar (UxGxY)(mm)<\/td>\n<td>590x433x430<\/td>\n<\/tr>\n<\/table>\n","protected":false},"excerpt":{"rendered":"<p>Maksimum G\u00fc\u00e7 (kW\/kVA) 2,8 \/ 3,5 S\u00fcrekli G\u00fc\u00e7 (kW\/kVA) 2,5 \/ 3,12 S\u00fcrekli \u00c7\u0131k\u0131\u015f Amperi (A) 10,8 Faz Say\u0131s\u0131 1 (Monofaze) \u00c7\u0131k\u0131\u015f Voltaj\u0131 (V) 230 G\u00fc\u00e7 Fakt\u00f6r\u00fc (Cos \u03c6) 1<\/p>\n","protected":false},"featured_media":9344,"comment_status":"open","ping_status":"closed","template":"","meta":{"_acf_changed":false},"product_brand":[1500],"product_cat":[766],"product_tag":[],"class_list":{"0":"post-22917","1":"product","2":"type-product","3":"status-publish","4":"has-post-thumbnail","6":"product_brand-kama-by-reis","7":"product_cat-benzinli-jeneratorler","9":"first","10":"outofstock","11":"taxable","12":"shipping-taxable","13":"purchasable","14":"product-type-simple","15":"add-to-wishlist-after_add_to_cart"},"acf":[],"_links":{"self":[{"href":"https:\/\/www.makitamarket.com.tr\/site\/wp-json\/wp\/v2\/product\/22917","targetHints":{"allow":["GET"]}}],"collection":[{"href":"https:\/\/www.makitamarket.com.tr\/site\/wp-json\/wp\/v2\/product"}],"about":[{"href":"https:\/\/www.makitamarket.com.tr\/site\/wp-json\/wp\/v2\/types\/product"}],"replies":[{"embeddable":true,"href":"https:\/\/www.makitamarket.com.tr\/site\/wp-json\/wp\/v2\/comments?post=22917"}],"wp:featuredmedia":[{"embeddable":true,"href":"https:\/\/www.makitamarket.com.tr\/site\/wp-json\/wp\/v2\/media\/9344"}],"wp:attachment":[{"href":"https:\/\/www.makitamarket.com.tr\/site\/wp-json\/wp\/v2\/media?parent=22917"}],"wp:term":[{"taxonomy":"product_brand","embeddable":true,"href":"https:\/\/www.makitamarket.com.tr\/site\/wp-json\/wp\/v2\/product_brand?post=22917"},{"taxonomy":"product_cat","embeddable":true,"href":"https:\/\/www.makitamarket.com.tr\/site\/wp-json\/wp\/v2\/product_cat?post=22917"},{"taxonomy":"product_tag","embeddable":true,"href":"https:\/\/www.makitamarket.com.tr\/site\/wp-json\/wp\/v2\/product_tag?post=22917"}],"curies":[{"name":"wp","href":"https:\/\/api.w.org\/{rel}","templated":true}]}}