{"id":22921,"date":"2025-01-06T16:35:36","date_gmt":"2025-01-06T13:35:36","guid":{"rendered":"https:\/\/www.makitamarket.com.tr\/site\/urun\/makita-b-23123-metal-kesme-daire-testere-305x100-dis\/"},"modified":"2026-04-06T12:46:44","modified_gmt":"2026-04-06T09:46:44","slug":"makita-b-23123-metal-kesme-daire-testere-305x100-dis","status":"publish","type":"product","link":"https:\/\/www.makitamarket.com.tr\/site\/urun\/makita-b-23123-metal-kesme-daire-testere-305x100-dis\/","title":{"rendered":"Makita B-23123 METAL KESME DA\u0130RE TESTERE 305&#215;100 D\u0130\u015e"},"content":{"rendered":"<p>\n\t<span id=\"result_box\" lang=\"tr\"><span>Makita&#8217;n\u0131n paslanmaz \u00e7elik kesme testereleri, daha h\u0131zl\u0131, daha temiz kesim yapmak \u00fczere tasarlanm\u0131\u015ft\u0131r.<\/span><br \/>\n\t<span>\u00d6zellikle form\u00fcle edilmi\u015f \u00f6zel karb\u00fcr u\u00e7 tasar\u0131m\u0131yla birlikte kar\u015f\u0131 dayan\u0131kl\u0131d\u0131r. <\/span><br \/>\n\t<\/span><\/p>\n<p>\n\t<span lang=\"tr\"><span>\u00d6zellikler &#038; Yararlar\u0131:<\/span><\/p>\n<p>\t\u00a0\u00a0\u00a0\u00a0 <span>\u00d6zel form\u00fcle edilmi\u015f karb\u00fcr u\u00e7lar <\/span><\/span><span lang=\"tr\"><br \/>\n\t\u00a0\u00a0\u00a0\u00a0 <\/span><span lang=\"tr\"><span>D\u00fc\u015f\u00fck k\u0131v\u0131lc\u0131ml\u0131 ve minimal toz \u00fcretimi<\/span><br \/>\n\t\u00a0\u00a0\u00a0\u00a0 <span>\u00c7apraz ve kenarl\u0131 kesimler<\/span><br \/>\n\t\u00a0\u00a0\u00a0\u00a0 <span>Kesim ba\u015f\u0131na d\u00fc\u015fen maliyette azalma<\/span><\/p>\n<p>\n\t<span>SPECIALIZED TESTERELER<\/span><span>:<\/span><br \/>\n\t<span>Specialized ad\u0131 verilm\u015f olan Makita testereler uzmanla\u015ft\u0131r\u0131lm\u0131\u015f b\u0131\u00e7aklard\u0131r. Belirli uygulamalar, makineler ve malzemeler i\u00e7in hassas olarak \u00fcretilmi\u015ftir. Profesyonel kullan\u0131c\u0131lar\u0131n dostudur.<\/span><\/span><\/p>\n<p>\n\tMalzeme kesimlerinde kesilecek olan malzemenin direk \u00fczerine s\u00fcrt\u00fcnme yolu ile yer a\u00e7arak yapaca\u011f\u0131n\u0131z kesimlerde testerenin elmaslar\u0131na zarar vermenize neden olmaktad\u0131r. Bu sebeple kesilecek olan malzemeyi dik tutarak sadece k\u00f6\u015fesinden kesime ba\u015flanmas\u0131 gerekmektedir. Bu i\u015flem testerenin d\u00fczg\u00fcn kesim yapmas\u0131n\u0131 sa\u011flarken ayn\u0131 zamanda malzemeninde minimum \u00e7apaks\u0131z kesilmesini sa\u011flamaktad\u0131r. Sadece Makita LC1230 metal kesme makinas\u0131 ve muadilleri ile kullan\u0131l\u0131r. Flex ta\u015f ile kesim yapan makinalarda devir say\u0131s\u0131 sebebiyle kullan\u0131lmas\u0131 uygun de\u011fildir. Kullan\u0131lacak olan makina ile testere \u00fczerinde yaz\u0131l\u0131 olan devir say\u0131s\u0131n\u0131 mutlaka kontrol ediniz.<\/p>\n<table>\n<tr>\n<td>Testere \u00e7ap\u0131<\/td>\n<td>305 mm<\/td>\n<\/tr>\n<tr>\n<td>G\u00f6bek \u00e7ap\u0131<\/td>\n<td>25.4 mm<\/td>\n<\/tr>\n<tr>\n<td>Elmas Kal\u0131nl\u0131\u011f\u0131<\/td>\n<td>1.95 mm<\/td>\n<\/tr>\n<tr>\n<td>G\u00f6vde Kal\u0131nl\u0131\u011f\u0131<\/td>\n<td>1.65 mm<\/td>\n<\/tr>\n<tr>\n<td>Di\u015f Say\u0131s\u0131<\/td>\n<td>100<\/td>\n<\/tr>\n<tr>\n<td>Elmas A\u00e7\u0131s\u0131<\/td>\n<td>-3\u02da<\/td>\n<\/tr>\n<tr>\n<td>Di\u015f Tipi<\/td>\n<td>SMTCG<\/td>\n<\/tr>\n<tr>\n<td>Kullan\u0131m Alan\u0131<\/td>\n<td>Paslanmaz \u00c7elik<\/td>\n<\/tr>\n<\/table>\n","protected":false},"excerpt":{"rendered":"<p>\n\t<span id=\"result_box\" lang=\"tr\"><span>Makita&#8217;n\u0131n paslanmaz \u00e7elik kesme testereleri, daha h\u0131zl\u0131, daha temiz kesim yapmak \u00fczere tasarlanm\u0131\u015ft\u0131r.<\/span><br \/>\n\t<span>\u00d6zellikle form\u00fcle edilmi\u015f \u00f6zel karb\u00fcr u\u00e7 tasar\u0131m\u0131yla birlikte kar\u015f\u0131 dayan\u0131kl\u0131d\u0131r. <\/span><br \/>\n\t<\/span><\/p>\n<p>\n\t<span lang=\"tr\"><span>\u00d6zellikler &#038; Yararlar\u0131:<\/span><\/p>\n<p>\t\u00a0\u00a0\u00a0\u00a0 <span>\u00d6zel form\u00fcle edilmi\u015f karb\u00fcr u\u00e7lar <\/span><\/span><span lang=\"tr\"><br \/>\n\t\u00a0\u00a0\u00a0\u00a0 <\/span><span lang=\"tr\"><span>D\u00fc\u015f\u00fck k\u0131v\u0131lc\u0131ml\u0131 ve minimal toz \u00fcretimi<\/span><br \/>\n\t\u00a0\u00a0\u00a0\u00a0 <span>\u00c7apraz ve kenarl\u0131 kesimler<\/span><br \/>\n\t\u00a0\u00a0\u00a0\u00a0 <span>Kesim ba\u015f\u0131na d\u00fc\u015fen maliyette azalma<\/span><\/p>\n<p>\n\t<span>SPECIALIZED TESTERELER<\/span><span>:<\/span><br \/>\n\t<span>Specialized ad\u0131 verilm\u015f olan Makita testereler uzmanla\u015ft\u0131r\u0131lm\u0131\u015f b\u0131\u00e7aklard\u0131r. Belirli uygulamalar, makineler ve malzemeler i\u00e7in hassas olarak \u00fcretilmi\u015ftir. Profesyonel kullan\u0131c\u0131lar\u0131n dostudur.<\/span><\/span><\/p>\n<p>\n\tMalzeme kesimlerinde kesilecek olan malzemenin direk \u00fczerine s\u00fcrt\u00fcnme yolu ile yer a\u00e7arak yapaca\u011f\u0131n\u0131z kesimlerde testerenin elmaslar\u0131na zarar vermenize neden olmaktad\u0131r. Bu sebeple kesilecek olan malzemeyi dik tutarak sadece k\u00f6\u015fesinden kesime ba\u015flanmas\u0131 gerekmektedir. Bu i\u015flem testerenin d\u00fczg\u00fcn kesim yapmas\u0131n\u0131 sa\u011flarken ayn\u0131 zamanda malzemeninde minimum \u00e7apaks\u0131z kesilmesini sa\u011flamaktad\u0131r. Sadece Makita LC1230 metal kesme makinas\u0131 ve muadilleri ile kullan\u0131l\u0131r. Flex ta\u015f ile kesim yapan makinalarda devir say\u0131s\u0131 sebebiyle kullan\u0131lmas\u0131 uygun de\u011fildir. Kullan\u0131lacak olan makina ile testere \u00fczerinde yaz\u0131l\u0131 olan devir say\u0131s\u0131n\u0131 mutlaka kontrol ediniz.<\/p>\n","protected":false},"featured_media":9358,"comment_status":"open","ping_status":"closed","template":"","meta":{"_acf_changed":false},"product_brand":[1485],"product_cat":[958],"product_tag":[],"class_list":{"0":"post-22921","1":"product","2":"type-product","3":"status-publish","4":"has-post-thumbnail","6":"product_brand-makita","7":"product_cat-metal-kesme-daire-testereler","9":"first","10":"instock","11":"taxable","12":"shipping-taxable","13":"purchasable","14":"product-type-simple","15":"add-to-wishlist-after_add_to_cart"},"acf":[],"_links":{"self":[{"href":"https:\/\/www.makitamarket.com.tr\/site\/wp-json\/wp\/v2\/product\/22921","targetHints":{"allow":["GET"]}}],"collection":[{"href":"https:\/\/www.makitamarket.com.tr\/site\/wp-json\/wp\/v2\/product"}],"about":[{"href":"https:\/\/www.makitamarket.com.tr\/site\/wp-json\/wp\/v2\/types\/product"}],"replies":[{"embeddable":true,"href":"https:\/\/www.makitamarket.com.tr\/site\/wp-json\/wp\/v2\/comments?post=22921"}],"wp:featuredmedia":[{"embeddable":true,"href":"https:\/\/www.makitamarket.com.tr\/site\/wp-json\/wp\/v2\/media\/9358"}],"wp:attachment":[{"href":"https:\/\/www.makitamarket.com.tr\/site\/wp-json\/wp\/v2\/media?parent=22921"}],"wp:term":[{"taxonomy":"product_brand","embeddable":true,"href":"https:\/\/www.makitamarket.com.tr\/site\/wp-json\/wp\/v2\/product_brand?post=22921"},{"taxonomy":"product_cat","embeddable":true,"href":"https:\/\/www.makitamarket.com.tr\/site\/wp-json\/wp\/v2\/product_cat?post=22921"},{"taxonomy":"product_tag","embeddable":true,"href":"https:\/\/www.makitamarket.com.tr\/site\/wp-json\/wp\/v2\/product_tag?post=22921"}],"curies":[{"name":"wp","href":"https:\/\/api.w.org\/{rel}","templated":true}]}}