{"id":22937,"date":"2025-01-06T16:35:46","date_gmt":"2025-01-06T13:35:46","guid":{"rendered":"https:\/\/www.makitamarket.com.tr\/site\/urun\/gison-gp851e-havali-keski-kaziyici-civili-raspa\/"},"modified":"2026-04-06T12:48:38","modified_gmt":"2026-04-06T09:48:38","slug":"gison-gp851e-havali-keski-kaziyici-civili-raspa","status":"publish","type":"product","link":"https:\/\/www.makitamarket.com.tr\/site\/urun\/gison-gp851e-havali-keski-kaziyici-civili-raspa\/","title":{"rendered":"Gison GP851E HAVALI KESK\u0130 + KAZIYICI (\u00c7\u0130V\u0130L\u0130 RASPA)"},"content":{"rendered":"<div>\n\t\u2022<span style=\"color:#f00;\"><strong>\u00a0<\/strong><\/span>2\u2019si Bir Arada Tasar\u0131m<\/div>\n<div>\n\t<strong>Kullan\u0131m Alanlar\u0131<\/strong><\/div>\n<div>\n\t\u0130htiyaca g\u00f6re Keski veya Kaz\u0131y\u0131c\u0131 (\u00c7ivili Raspa) \u00f6zellikleriyle pas, boya ve benzer kaz\u0131ma i\u015flerinde kullan\u0131ma uygundur.\u00a0<\/div>\n<table>\n<tr>\n<td>Keski Sap\u0131<\/td>\n<td>D\u00f6rt K\u00f6\u015fe<\/td>\n<\/tr>\n<tr>\n<td>\u00c7ivi (\u00d6l\u00e7\u00fc x Adet)<\/td>\n<td>3 mm. x 19 adet<\/td>\n<\/tr>\n<tr>\n<td>Darbe H\u0131z\u0131<\/td>\n<td>4.400 bpm<\/td>\n<\/tr>\n<tr>\n<td>Net A\u011f\u0131rl\u0131k<\/td>\n<td>2.70 kg.<\/td>\n<\/tr>\n<tr>\n<td>Uzunluk<\/td>\n<td>410 mm.<\/td>\n<\/tr>\n<tr>\n<td>Hava T\u00fcketimi<\/td>\n<td>0.23 m\u00b3\/dak.<\/td>\n<\/tr>\n<tr>\n<td>Hava Giri\u015fi<\/td>\n<td>1\/4&#8243;<\/td>\n<\/tr>\n<tr>\n<td>Hortum \u00d6l\u00e7\u00fcs\u00fc <\/td>\n<td>8 mm<\/td>\n<\/tr>\n<tr>\n<td>G\u00fcr\u00fclt\u00fc Seviyesi<\/td>\n<td>90 dBA<\/td>\n<\/tr>\n<tr>\n<td>Sars\u0131nt\u0131 Seviyesi<\/td>\n<td>14.5 m\/S\u00b2.<\/td>\n<\/tr>\n<tr>\n<td>Hava Bas\u0131nc\u0131<\/td>\n<td>90 psi (6.3 kg.\/cm\u00b2)<\/td>\n<\/tr>\n<tr>\n<td>Standart\u0131<\/td>\n<td>CE-Made in Taiwan<\/td>\n<\/tr>\n<\/table>\n","protected":false},"excerpt":{"rendered":"<div>\n\t\u2022<span style=\"color:#f00;\"><strong>\u00a0<\/strong><\/span>2\u2019si Bir Arada Tasar\u0131m<\/div>\n<div>\n\t<strong>Kullan\u0131m Alanlar\u0131<\/strong><\/div>\n<div>\n\t\u0130htiyaca g\u00f6re Keski veya Kaz\u0131y\u0131c\u0131 (\u00c7ivili Raspa) \u00f6zellikleriyle pas, boya ve benzer kaz\u0131ma i\u015flerinde kullan\u0131ma uygundur.\u00a0<\/div>\n","protected":false},"featured_media":9461,"comment_status":"open","ping_status":"closed","template":"","meta":{"_acf_changed":false},"product_brand":[1512],"product_cat":[936],"product_tag":[],"class_list":{"0":"post-22937","1":"product","2":"type-product","3":"status-publish","4":"has-post-thumbnail","6":"product_brand-gison","7":"product_cat-havali-keski-ve-kaziyicilar","9":"first","10":"instock","11":"taxable","12":"shipping-taxable","13":"purchasable","14":"product-type-simple","15":"add-to-wishlist-after_add_to_cart"},"acf":[],"_links":{"self":[{"href":"https:\/\/www.makitamarket.com.tr\/site\/wp-json\/wp\/v2\/product\/22937","targetHints":{"allow":["GET"]}}],"collection":[{"href":"https:\/\/www.makitamarket.com.tr\/site\/wp-json\/wp\/v2\/product"}],"about":[{"href":"https:\/\/www.makitamarket.com.tr\/site\/wp-json\/wp\/v2\/types\/product"}],"replies":[{"embeddable":true,"href":"https:\/\/www.makitamarket.com.tr\/site\/wp-json\/wp\/v2\/comments?post=22937"}],"wp:featuredmedia":[{"embeddable":true,"href":"https:\/\/www.makitamarket.com.tr\/site\/wp-json\/wp\/v2\/media\/9461"}],"wp:attachment":[{"href":"https:\/\/www.makitamarket.com.tr\/site\/wp-json\/wp\/v2\/media?parent=22937"}],"wp:term":[{"taxonomy":"product_brand","embeddable":true,"href":"https:\/\/www.makitamarket.com.tr\/site\/wp-json\/wp\/v2\/product_brand?post=22937"},{"taxonomy":"product_cat","embeddable":true,"href":"https:\/\/www.makitamarket.com.tr\/site\/wp-json\/wp\/v2\/product_cat?post=22937"},{"taxonomy":"product_tag","embeddable":true,"href":"https:\/\/www.makitamarket.com.tr\/site\/wp-json\/wp\/v2\/product_tag?post=22937"}],"curies":[{"name":"wp","href":"https:\/\/api.w.org\/{rel}","templated":true}]}}