{"id":22939,"date":"2025-01-06T16:35:47","date_gmt":"2025-01-06T13:35:47","guid":{"rendered":"https:\/\/www.makitamarket.com.tr\/site\/urun\/makita-gb801-zimpara-tezgahi\/"},"modified":"2026-04-06T12:48:42","modified_gmt":"2026-04-06T09:48:42","slug":"makita-gb801-zimpara-tezgahi","status":"publish","type":"product","link":"https:\/\/www.makitamarket.com.tr\/site\/urun\/makita-gb801-zimpara-tezgahi\/","title":{"rendered":"Makita GB801 ZIMPARA TEZGAHI"},"content":{"rendered":"<p><span style=\"color: black;\">Model GB801<\/span><\/p>\n<p><span style=\"color: black;\">Z\u0131mpara Tezgahlar\u0131 250mm<\/span><\/p>\n<p>550 W \u2022 205 mm \u2022 <span style=\"color: black;\">50Hz\u2019de 2.850, 60Hz\u2019de 3.450 <\/span>dak\u207b\u00b9<\/p>\n<p><strong style=\"color: rgb(0, 112, 192);\">Y\u00fcksek Performansl\u0131 Ta\u015flama Makinesi<\/strong><\/p>\n<p><span style=\"color: black;\">Ta\u015flama ve z\u0131mparalama i\u015flemleri i\u00e7in tasarlanm\u0131\u015f, g\u00fc\u00e7l\u00fc ve dayan\u0131kl\u0131 bir makine modelidir. <\/span><strong style=\"color: black;\">550 W motor g\u00fcc\u00fc<\/strong><span style=\"color: black;\"> ve <\/span><strong style=\"color: black;\">205 mm disk \u00e7ap\u0131<\/strong><span style=\"color: black;\"> ile zorlu ta\u015flama i\u015fleri i\u00e7in y\u00fcksek performans sunar. Dakikada 50Hz\u2019de 2.850, 60Hz\u2019de 3.450 bo\u015fta devire sahiptir. Ergonomik tasar\u0131m\u0131, d\u00fc\u015f\u00fck titre\u015fim seviyesi ve dayan\u0131kl\u0131 yap\u0131s\u0131 sayesinde uzun s\u00fcreli kullan\u0131mlarda konfor sa\u011flar. Metal i\u015f\u00e7ili\u011fi, in\u015faat ve profesyonel ta\u015flama projelerinde tercih edilen bir modeldir.<\/span><\/p>\n<ol>\n<li data-list=\"bullet\"><span class=\"ql-ui\" contenteditable=\"false\"><\/span><span style=\"color: rgb(33, 37, 41);\">Led \u0131\u015f\u0131\u011f\u0131 vard\u0131r.<\/span><\/li>\n<\/ol>\n<p><span style=\"color: red;\">Kullan\u0131m amac\u0131: <\/span>Bu \u00fcr\u00fcn, kullan\u0131c\u0131ya z\u0131mparalama i\u015flemlerini g\u00fcvenli ve do\u011fru bir \u015fekilde ger\u00e7ekle\u015ftirmek i\u00e7in tasarlanm\u0131\u015f bir z\u0131mpara tezgah\u0131d\u0131r.<\/p>\n<p><u>\u00d6zellikleri:<\/u><\/p>\n<p><span style=\"color: red;\">G\u00fc\u00e7 Kayna\u011f\u0131: <\/span>Makinan\u0131n, yaln\u0131zca isim levhas\u0131nda belirtilenle ayn\u0131 voltajl\u0131 g\u00fc\u00e7 kayna\u011f\u0131na ba\u011flanmas\u0131 gerekir ve yaln\u0131zca tek fazl\u0131 AC g\u00fc\u00e7 kayna\u011f\u0131yla \u00e7al\u0131\u015ft\u0131r\u0131labilir. \u00c7ifte yal\u0131t\u0131ml\u0131d\u0131r ve topraklamas\u0131z prizlerle de kullan\u0131labilir.<\/p>\n<p><span style=\"color: rgb(33, 37, 41);\">Ambalaj i\u00e7eri\u011fi: G\u00f6z koruma kalkan\u0131, Koruma camlar\u0131, anahtar<\/span><\/p>\n<table>\n<tr>\n<td>S\u00fcrekli Ak\u0131m Giri\u015fi<\/td>\n<td>550W<\/td>\n<\/tr>\n<tr>\n<td>Bo\u015fta Devir<\/td>\n<td>2850(50hz),3450(60hz)<\/td>\n<\/tr>\n<tr>\n<td>Net A\u011f\u0131rl\u0131k<\/td>\n<td>20.5kg<\/td>\n<\/tr>\n<tr>\n<td>Merkez \u00c7ap\u0131<\/td>\n<td>15.88mm<\/td>\n<\/tr>\n<tr>\n<td>Ak\u0131m<\/td>\n<td>2.6Ah<\/td>\n<\/tr>\n<tr>\n<td>Tekerlek \u00d6l\u00e7\u00fcs\u00fc<\/td>\n<td>205&#215;19 mm<\/td>\n<\/tr>\n<\/table>\n","protected":false},"excerpt":{"rendered":"<p><span style=\"color: black;\">Model GB801<\/span><\/p>\n<p><span style=\"color: black;\">Z\u0131mpara Tezgahlar\u0131 250mm<\/span><\/p>\n<p>550 W \u2022 205 mm \u2022 <span style=\"color: black;\">50Hz\u2019de 2.850, 60Hz\u2019de 3.450 <\/span>dak\u207b\u00b9<\/p>\n<p><strong style=\"color: rgb(0, 112, 192);\">Y\u00fcksek Performansl\u0131 Ta\u015flama Makinesi<\/strong><\/p>\n<p><span style=\"color: black;\">Ta\u015flama ve z\u0131mparalama i\u015flemleri i\u00e7in tasarlanm\u0131\u015f, g\u00fc\u00e7l\u00fc ve dayan\u0131kl\u0131 bir makine modelidir. <\/span><strong style=\"color: black;\">550 W motor g\u00fcc\u00fc<\/strong><span style=\"color: black;\"> ve <\/span><strong style=\"color: black;\">205 mm disk \u00e7ap\u0131<\/strong><span style=\"color: black;\"> ile zorlu ta\u015flama i\u015fleri i\u00e7in y\u00fcksek performans sunar. Dakikada 50Hz\u2019de 2.850, 60Hz\u2019de 3.450 bo\u015fta devire sahiptir. Ergonomik tasar\u0131m\u0131, d\u00fc\u015f\u00fck titre\u015fim seviyesi ve dayan\u0131kl\u0131 yap\u0131s\u0131 sayesinde uzun s\u00fcreli kullan\u0131mlarda konfor sa\u011flar. Metal i\u015f\u00e7ili\u011fi, in\u015faat ve profesyonel ta\u015flama projelerinde tercih edilen bir modeldir.<\/span><\/p>\n<ol>\n<li data-list=\"bullet\"><span class=\"ql-ui\" contenteditable=\"false\"><\/span><span style=\"color: rgb(33, 37, 41);\">Led \u0131\u015f\u0131\u011f\u0131 vard\u0131r.<\/span><\/li>\n<\/ol>\n<p><span style=\"color: red;\">Kullan\u0131m amac\u0131: <\/span>Bu \u00fcr\u00fcn, kullan\u0131c\u0131ya z\u0131mparalama i\u015flemlerini g\u00fcvenli ve do\u011fru bir \u015fekilde ger\u00e7ekle\u015ftirmek i\u00e7in tasarlanm\u0131\u015f bir z\u0131mpara tezgah\u0131d\u0131r.<\/p>\n<p><u>\u00d6zellikleri:<\/u><\/p>\n<p><span style=\"color: red;\">G\u00fc\u00e7 Kayna\u011f\u0131: <\/span>Makinan\u0131n, yaln\u0131zca isim levhas\u0131nda belirtilenle ayn\u0131 voltajl\u0131 g\u00fc\u00e7 kayna\u011f\u0131na ba\u011flanmas\u0131 gerekir ve yaln\u0131zca tek fazl\u0131 AC g\u00fc\u00e7 kayna\u011f\u0131yla \u00e7al\u0131\u015ft\u0131r\u0131labilir. \u00c7ifte yal\u0131t\u0131ml\u0131d\u0131r ve topraklamas\u0131z prizlerle de kullan\u0131labilir.<\/p>\n<p><span style=\"color: rgb(33, 37, 41);\">Ambalaj i\u00e7eri\u011fi: G\u00f6z koruma kalkan\u0131, Koruma camlar\u0131, anahtar<\/span><\/p>\n","protected":false},"featured_media":9486,"comment_status":"open","ping_status":"closed","template":"","meta":{"_acf_changed":false},"product_brand":[1485],"product_cat":[972],"product_tag":[],"class_list":{"0":"post-22939","1":"product","2":"type-product","3":"status-publish","4":"has-post-thumbnail","6":"product_brand-makita","7":"product_cat-zimpara-tezgahlar","9":"first","10":"instock","11":"taxable","12":"shipping-taxable","13":"purchasable","14":"product-type-simple","15":"add-to-wishlist-after_add_to_cart"},"acf":[],"_links":{"self":[{"href":"https:\/\/www.makitamarket.com.tr\/site\/wp-json\/wp\/v2\/product\/22939","targetHints":{"allow":["GET"]}}],"collection":[{"href":"https:\/\/www.makitamarket.com.tr\/site\/wp-json\/wp\/v2\/product"}],"about":[{"href":"https:\/\/www.makitamarket.com.tr\/site\/wp-json\/wp\/v2\/types\/product"}],"replies":[{"embeddable":true,"href":"https:\/\/www.makitamarket.com.tr\/site\/wp-json\/wp\/v2\/comments?post=22939"}],"wp:featuredmedia":[{"embeddable":true,"href":"https:\/\/www.makitamarket.com.tr\/site\/wp-json\/wp\/v2\/media\/9486"}],"wp:attachment":[{"href":"https:\/\/www.makitamarket.com.tr\/site\/wp-json\/wp\/v2\/media?parent=22939"}],"wp:term":[{"taxonomy":"product_brand","embeddable":true,"href":"https:\/\/www.makitamarket.com.tr\/site\/wp-json\/wp\/v2\/product_brand?post=22939"},{"taxonomy":"product_cat","embeddable":true,"href":"https:\/\/www.makitamarket.com.tr\/site\/wp-json\/wp\/v2\/product_cat?post=22939"},{"taxonomy":"product_tag","embeddable":true,"href":"https:\/\/www.makitamarket.com.tr\/site\/wp-json\/wp\/v2\/product_tag?post=22939"}],"curies":[{"name":"wp","href":"https:\/\/api.w.org\/{rel}","templated":true}]}}