{"id":22954,"date":"2025-01-06T16:35:54","date_gmt":"2025-01-06T13:35:54","guid":{"rendered":"https:\/\/www.makitamarket.com.tr\/site\/urun\/makita-dhp486z-darbeli-matkap-vidalama-18v\/"},"modified":"2026-04-06T12:49:37","modified_gmt":"2026-04-06T09:49:37","slug":"makita-dhp486z-darbeli-matkap-vidalama-18v","status":"publish","type":"product","link":"https:\/\/www.makitamarket.com.tr\/site\/urun\/makita-dhp486z-darbeli-matkap-vidalama-18v\/","title":{"rendered":"Makita DHP486Z DARBEL\u0130 MATKAP V\u0130DALAMA 18V"},"content":{"rendered":"<p>Model DHP486Z<\/p>\n<p>Darbeli Matkap Vidalama \u00bd\u201d<\/p>\n<p>18V \u2022 130 Nm \u2022 0 \u2013 2.100 dak\u207b\u00b9<\/p>\n<p><span style=\"color: rgb(0, 112, 192);\">Vidalama ve delme i\u00e7in g\u00fc\u00e7l\u00fc, k\u00f6m\u00fcrs\u00fcz darbeli matkap vidalama <\/span><\/p>\n<p>Vidalama ve delme i\u00e7in darbeli veya darbesiz etkili, k\u00f6m\u00fcrs\u00fcz matkap, iki g\u00fc\u00e7 ayar\u0131 mevcuttur. Maksimum tork 65 \/ 130 Nm. Montajc\u0131lar, in\u015faat\u00e7\u0131lar ve bak\u0131m personeli i\u00e7in \u00e7ok y\u00f6nl\u00fc bir alettir. <\/p>\n<p><span style=\"color: red;\">Kullan\u0131m amac\u0131: <\/span>Bu alet tu\u011fla,tu\u011fla duvar ve ta\u015f malzemelerde darbeli delme i\u015flemi i\u00e7in tasarlanm\u0131\u015ft\u0131r. Bu alet ah\u015fap, metal, seramik ve plastik malzemelerde darbesiz delme ve vidalama i\u015flemleri i\u00e7in de uygundur.<\/p>\n<p><u>\u00d6zellikleri:<\/u><\/p>\n<p>LXT,BL MOTOR,XPT<\/p>\n<p>LXT(Lithium-ion Xtreme Technology); Makita&#8217;n\u0131n elektrikli el aletlerinde lityum iyon pil teknolojisini kullanmas\u0131. LXT serisi, geleneksel ak\u00fclere k\u0131yasla daha uzun ak\u00fc \u00f6mr\u00fc, daha h\u0131zl\u0131 \u015farj s\u00fcreleri ve genel olarak geli\u015fmi\u015f performans sa\u011flamas\u0131yla bilinir.<\/p>\n<p>BL Motor\/K\u00f6m\u00fcrs\u00fcz Motor mevcuttur. K\u00f6m\u00fcrs\u00fcz motor sayesinde \u00e7al\u0131\u015fma esnas\u0131nda olu\u015fan \u0131s\u0131 enerjisi kaybolmaz ve makinenin g\u00fcc\u00fcne iletilir.<\/p>\n<p>XPT(Ekstra Koruma Teknolojisi) sayesinde nemli ve ya\u011fmurlu ortamlarda kullan\u0131labilir. D\u00fc\u015fmeye kar\u015f\u0131 ekstra dayan\u0131kl\u0131d\u0131r.<\/p>\n<ol>\n<li data-list=\"ordered\"><span class=\"ql-ui\" contenteditable=\"false\"><\/span>De\u011fi\u015fken h\u0131z \u00f6zelli\u011fi vard\u0131r.<\/li>\n<li data-list=\"ordered\"><span class=\"ql-ui\" contenteditable=\"false\"><\/span>Elektrik freni mevcuttur.<\/li>\n<li data-list=\"ordered\"><span class=\"ql-ui\" contenteditable=\"false\"><\/span>Sa\u011f-sol d\u00f6n\u00fc\u015f ayarl\u0131d\u0131r.<\/li>\n<li data-list=\"ordered\"><span class=\"ql-ui\" contenteditable=\"false\"><\/span>Manuel 2 h\u0131z mevcuttur.<\/li>\n<li data-list=\"ordered\"><span class=\"ql-ui\" contenteditable=\"false\"><\/span>Anahtars\u0131z(otomatik) mandrenlidir.<\/li>\n<li data-list=\"ordered\"><span class=\"ql-ui\" contenteditable=\"false\"><\/span>21 katmanl\u0131 tork ayarlay\u0131c\u0131 mevcuttur<\/li>\n<li data-list=\"ordered\"><span class=\"ql-ui\" contenteditable=\"false\"><\/span>Led \u0131\u015f\u0131\u011f\u0131 vard\u0131r.<\/li>\n<li data-list=\"ordered\"><span class=\"ql-ui\" contenteditable=\"false\"><\/span>Plastik ta\u015f\u0131ma \u00e7antal\u0131d\u0131r.<\/li>\n<\/ol>\n<p><span style=\"color: red;\">Ambalaj i\u00e7eri\u011finde ak\u00fc ve ak\u00fc \u015farj cihaz\u0131 bulunmamaktad\u0131r.<\/span><\/p>\n<p>3.0\/4.0\/5.0Ah\/6.0Ah ak\u00fcl\u00fclerle uyumludur.<\/p>\n<table>\n<tr>\n<td>Kapasite<\/td>\n<td>\u00c7elik:13mm, Ah\u015fap:50mm, Tu\u011fla:16mm<\/td>\n<\/tr>\n<tr>\n<td>Bo\u015fta Devir<\/td>\n<td>0-550\/2.100devir\/dk<\/td>\n<\/tr>\n<tr>\n<td>Maksimum Tork<\/td>\n<td>65\/130 N.m<\/td>\n<\/tr>\n<tr>\n<td>Net A\u011f\u0131rl\u0131k<\/td>\n<td>2.5kg<\/td>\n<\/tr>\n<tr>\n<td>G\u00fc\u00e7-Kapasite<\/td>\n<td>18V\/Li-ion<\/td>\n<\/tr>\n<tr>\n<td>Mandren<\/td>\n<td>1\/2&#8243;<\/td>\n<\/tr>\n<\/table>\n","protected":false},"excerpt":{"rendered":"<p>Model DHP486Z<\/p>\n<p>Darbeli Matkap Vidalama \u00bd\u201d<\/p>\n<p>18V \u2022 130 Nm \u2022 0 \u2013 2.100 dak\u207b\u00b9<\/p>\n<p><span style=\"color: rgb(0, 112, 192);\">Vidalama ve delme i\u00e7in g\u00fc\u00e7l\u00fc, k\u00f6m\u00fcrs\u00fcz darbeli matkap vidalama <\/span><\/p>\n<p>Vidalama ve delme i\u00e7in darbeli veya darbesiz etkili, k\u00f6m\u00fcrs\u00fcz matkap, iki g\u00fc\u00e7 ayar\u0131 mevcuttur. Maksimum tork 65 \/ 130 Nm. Montajc\u0131lar, in\u015faat\u00e7\u0131lar ve bak\u0131m personeli i\u00e7in \u00e7ok y\u00f6nl\u00fc bir alettir. <\/p>\n<p><span style=\"color: red;\">Kullan\u0131m amac\u0131: <\/span>Bu alet tu\u011fla,tu\u011fla duvar ve ta\u015f malzemelerde darbeli delme i\u015flemi i\u00e7in tasarlanm\u0131\u015ft\u0131r. Bu alet ah\u015fap, metal, seramik ve plastik malzemelerde darbesiz delme ve vidalama i\u015flemleri i\u00e7in de uygundur.<\/p>\n<p><u>\u00d6zellikleri:<\/u><\/p>\n<p>LXT,BL MOTOR,XPT<\/p>\n<p>LXT(Lithium-ion Xtreme Technology); Makita&#8217;n\u0131n elektrikli el aletlerinde lityum iyon pil teknolojisini kullanmas\u0131. LXT serisi, geleneksel ak\u00fclere k\u0131yasla daha uzun ak\u00fc \u00f6mr\u00fc, daha h\u0131zl\u0131 \u015farj s\u00fcreleri ve genel olarak geli\u015fmi\u015f performans sa\u011flamas\u0131yla bilinir.<\/p>\n<p>BL Motor\/K\u00f6m\u00fcrs\u00fcz Motor mevcuttur. K\u00f6m\u00fcrs\u00fcz motor sayesinde \u00e7al\u0131\u015fma esnas\u0131nda olu\u015fan \u0131s\u0131 enerjisi kaybolmaz ve makinenin g\u00fcc\u00fcne iletilir.<\/p>\n<p>XPT(Ekstra Koruma Teknolojisi) sayesinde nemli ve ya\u011fmurlu ortamlarda kullan\u0131labilir. D\u00fc\u015fmeye kar\u015f\u0131 ekstra dayan\u0131kl\u0131d\u0131r.<\/p>\n<ol>\n<li data-list=\"ordered\"><span class=\"ql-ui\" contenteditable=\"false\"><\/span>De\u011fi\u015fken h\u0131z \u00f6zelli\u011fi vard\u0131r.<\/li>\n<li data-list=\"ordered\"><span class=\"ql-ui\" contenteditable=\"false\"><\/span>Elektrik freni mevcuttur.<\/li>\n<li data-list=\"ordered\"><span class=\"ql-ui\" contenteditable=\"false\"><\/span>Sa\u011f-sol d\u00f6n\u00fc\u015f ayarl\u0131d\u0131r.<\/li>\n<li data-list=\"ordered\"><span class=\"ql-ui\" contenteditable=\"false\"><\/span>Manuel 2 h\u0131z mevcuttur.<\/li>\n<li data-list=\"ordered\"><span class=\"ql-ui\" contenteditable=\"false\"><\/span>Anahtars\u0131z(otomatik) mandrenlidir.<\/li>\n<li data-list=\"ordered\"><span class=\"ql-ui\" contenteditable=\"false\"><\/span>21 katmanl\u0131 tork ayarlay\u0131c\u0131 mevcuttur<\/li>\n<li data-list=\"ordered\"><span class=\"ql-ui\" contenteditable=\"false\"><\/span>Led \u0131\u015f\u0131\u011f\u0131 vard\u0131r.<\/li>\n<li data-list=\"ordered\"><span class=\"ql-ui\" contenteditable=\"false\"><\/span>Plastik ta\u015f\u0131ma \u00e7antal\u0131d\u0131r.<\/li>\n<\/ol>\n<p><span style=\"color: red;\">Ambalaj i\u00e7eri\u011finde ak\u00fc ve ak\u00fc \u015farj cihaz\u0131 bulunmamaktad\u0131r.<\/span><\/p>\n<p>3.0\/4.0\/5.0Ah\/6.0Ah ak\u00fcl\u00fclerle uyumludur.<\/p>\n","protected":false},"featured_media":9560,"comment_status":"open","ping_status":"closed","template":"","meta":{"_acf_changed":false},"product_brand":[1485],"product_cat":[738],"product_tag":[],"class_list":{"0":"post-22954","1":"product","2":"type-product","3":"status-publish","4":"has-post-thumbnail","6":"product_brand-makita","7":"product_cat-z-serisi-solo-urunler","9":"first","10":"instock","11":"taxable","12":"shipping-taxable","13":"purchasable","14":"product-type-simple","15":"add-to-wishlist-after_add_to_cart"},"acf":[],"_links":{"self":[{"href":"https:\/\/www.makitamarket.com.tr\/site\/wp-json\/wp\/v2\/product\/22954","targetHints":{"allow":["GET"]}}],"collection":[{"href":"https:\/\/www.makitamarket.com.tr\/site\/wp-json\/wp\/v2\/product"}],"about":[{"href":"https:\/\/www.makitamarket.com.tr\/site\/wp-json\/wp\/v2\/types\/product"}],"replies":[{"embeddable":true,"href":"https:\/\/www.makitamarket.com.tr\/site\/wp-json\/wp\/v2\/comments?post=22954"}],"wp:featuredmedia":[{"embeddable":true,"href":"https:\/\/www.makitamarket.com.tr\/site\/wp-json\/wp\/v2\/media\/9560"}],"wp:attachment":[{"href":"https:\/\/www.makitamarket.com.tr\/site\/wp-json\/wp\/v2\/media?parent=22954"}],"wp:term":[{"taxonomy":"product_brand","embeddable":true,"href":"https:\/\/www.makitamarket.com.tr\/site\/wp-json\/wp\/v2\/product_brand?post=22954"},{"taxonomy":"product_cat","embeddable":true,"href":"https:\/\/www.makitamarket.com.tr\/site\/wp-json\/wp\/v2\/product_cat?post=22954"},{"taxonomy":"product_tag","embeddable":true,"href":"https:\/\/www.makitamarket.com.tr\/site\/wp-json\/wp\/v2\/product_tag?post=22954"}],"curies":[{"name":"wp","href":"https:\/\/api.w.org\/{rel}","templated":true}]}}