{"id":22955,"date":"2025-01-06T16:35:54","date_gmt":"2025-01-06T13:35:54","guid":{"rendered":"https:\/\/www.makitamarket.com.tr\/site\/urun\/big-red-trg2091-karterden-yag-emme-pompasi-90-l\/"},"modified":"2026-03-30T07:31:29","modified_gmt":"2026-03-30T04:31:29","slug":"big-red-trg2091-karterden-yag-emme-pompasi-90-l","status":"publish","type":"product","link":"https:\/\/www.makitamarket.com.tr\/site\/urun\/big-red-trg2091-karterden-yag-emme-pompasi-90-l\/","title":{"rendered":"Big Red TRG2091 KARTERDEN YA\u011e EMME POMPASI 90 L"},"content":{"rendered":"<table>\n<tr>\n<td>Kapasite<\/td>\n<td>90 lt<\/td>\n<\/tr>\n<tr>\n<td>S\u0131k\u0131\u015ft\u0131rma Bas.<\/td>\n<td>0.5 bar<\/td>\n<\/tr>\n<tr>\n<td>\u00c7al\u0131\u015fma Bas.<\/td>\n<td>6-8 bar<\/td>\n<\/tr>\n<tr>\n<td>A\u011f\u0131rl\u0131k<\/td>\n<td>30 kg<\/td>\n<\/tr>\n<\/table>\n","protected":false},"excerpt":{"rendered":"<p>Kapasite 90 lt S\u0131k\u0131\u015ft\u0131rma Bas. 0.5 bar \u00c7al\u0131\u015fma Bas. 6-8 bar A\u011f\u0131rl\u0131k 30 kg<\/p>\n","protected":false},"featured_media":9565,"comment_status":"open","ping_status":"closed","template":"","meta":{"_acf_changed":false},"product_brand":[1519],"product_cat":[976],"product_tag":[],"class_list":{"0":"post-22955","1":"product","2":"type-product","3":"status-publish","4":"has-post-thumbnail","6":"product_brand-big-red","7":"product_cat-yaglama-gruplari","9":"first","10":"outofstock","11":"taxable","12":"shipping-taxable","13":"purchasable","14":"product-type-simple","15":"add-to-wishlist-after_add_to_cart"},"acf":[],"_links":{"self":[{"href":"https:\/\/www.makitamarket.com.tr\/site\/wp-json\/wp\/v2\/product\/22955","targetHints":{"allow":["GET"]}}],"collection":[{"href":"https:\/\/www.makitamarket.com.tr\/site\/wp-json\/wp\/v2\/product"}],"about":[{"href":"https:\/\/www.makitamarket.com.tr\/site\/wp-json\/wp\/v2\/types\/product"}],"replies":[{"embeddable":true,"href":"https:\/\/www.makitamarket.com.tr\/site\/wp-json\/wp\/v2\/comments?post=22955"}],"wp:featuredmedia":[{"embeddable":true,"href":"https:\/\/www.makitamarket.com.tr\/site\/wp-json\/wp\/v2\/media\/9565"}],"wp:attachment":[{"href":"https:\/\/www.makitamarket.com.tr\/site\/wp-json\/wp\/v2\/media?parent=22955"}],"wp:term":[{"taxonomy":"product_brand","embeddable":true,"href":"https:\/\/www.makitamarket.com.tr\/site\/wp-json\/wp\/v2\/product_brand?post=22955"},{"taxonomy":"product_cat","embeddable":true,"href":"https:\/\/www.makitamarket.com.tr\/site\/wp-json\/wp\/v2\/product_cat?post=22955"},{"taxonomy":"product_tag","embeddable":true,"href":"https:\/\/www.makitamarket.com.tr\/site\/wp-json\/wp\/v2\/product_tag?post=22955"}],"curies":[{"name":"wp","href":"https:\/\/api.w.org\/{rel}","templated":true}]}}