{"id":22956,"date":"2025-01-06T16:35:54","date_gmt":"2025-01-06T13:35:54","guid":{"rendered":"https:\/\/www.makitamarket.com.tr\/site\/urun\/optimum-3350215-yuzey-ve-kopya-frezesi\/"},"modified":"2025-11-16T05:07:59","modified_gmt":"2025-11-16T02:07:59","slug":"optimum-3350215-yuzey-ve-kopya-frezesi","status":"publish","type":"product","link":"https:\/\/www.makitamarket.com.tr\/site\/urun\/optimum-3350215-yuzey-ve-kopya-frezesi\/","title":{"rendered":"Optimum 3350215 Y\u00dcZEY VE KOPYA FREZES\u0130"},"content":{"rendered":"<div>\n\t\u20225 adet de\u011fi\u015ftirilebilir kesici<\/div>\n<div>\n\t\u2022D\u0131\u015f \u00e7ap 52 mm<\/div>\n<div>\n\t\u2022Kesici u\u00e7lar \u00d8 10 mm<\/div>\n<div>\n\t\u2022ISO tasar\u0131m RDX 1003 D52\/R5<\/div>\n<div>\n\t\u2022Her t\u00fcrl\u00fc \u00e7elik ve NE tipi metallerin i\u015flenmesinde kullan\u0131l\u0131r.<\/div>\n<div>\n\t\u20225 adet de\u011fi\u015ftirilebilir kesici uca sahiptir.<\/div>\n<div>\n\t\u00a0 RDET 1003 MOSN 8026<\/div>\n<div>\n\t\u2022TORX TX15 ba\u011flant\u0131<\/div>\n<div>\n\t\u2022Her bir u\u00e7 12 farkl\u0131 konumda kullan\u0131labilir<\/div>\n<table>\n<tr>\n<td>Tan\u0131m\u0131<\/td>\n<td>ISO30<\/td>\n<\/tr>\n<\/table>\n","protected":false},"excerpt":{"rendered":"<div>\n\t\u20225 adet de\u011fi\u015ftirilebilir kesici<\/div>\n<div>\n\t\u2022D\u0131\u015f \u00e7ap 52 mm<\/div>\n<div>\n\t\u2022Kesici u\u00e7lar \u00d8 10 mm<\/div>\n<div>\n\t\u2022ISO tasar\u0131m RDX 1003 D52\/R5<\/div>\n<div>\n\t\u2022Her t\u00fcrl\u00fc \u00e7elik ve NE tipi metallerin i\u015flenmesinde kullan\u0131l\u0131r.<\/div>\n<div>\n\t\u20225 adet de\u011fi\u015ftirilebilir kesici uca sahiptir.<\/div>\n<div>\n\t\u00a0 RDET 1003 MOSN 8026<\/div>\n<div>\n\t\u2022TORX TX15 ba\u011flant\u0131<\/div>\n<div>\n\t\u2022Her bir u\u00e7 12 farkl\u0131 konumda kullan\u0131labilir<\/div>\n","protected":false},"featured_media":0,"comment_status":"open","ping_status":"closed","template":"","meta":{"_acf_changed":false},"product_brand":[1511],"product_cat":[824],"product_tag":[],"class_list":{"0":"post-22956","1":"product","2":"type-product","3":"status-publish","5":"product_brand-optimum","6":"product_cat-aksesuarlar-metal-isleme-makinalari-2","8":"first","9":"outofstock","10":"taxable","11":"shipping-taxable","12":"purchasable","13":"product-type-simple","14":"add-to-wishlist-after_add_to_cart"},"acf":[],"_links":{"self":[{"href":"https:\/\/www.makitamarket.com.tr\/site\/wp-json\/wp\/v2\/product\/22956","targetHints":{"allow":["GET"]}}],"collection":[{"href":"https:\/\/www.makitamarket.com.tr\/site\/wp-json\/wp\/v2\/product"}],"about":[{"href":"https:\/\/www.makitamarket.com.tr\/site\/wp-json\/wp\/v2\/types\/product"}],"replies":[{"embeddable":true,"href":"https:\/\/www.makitamarket.com.tr\/site\/wp-json\/wp\/v2\/comments?post=22956"}],"wp:attachment":[{"href":"https:\/\/www.makitamarket.com.tr\/site\/wp-json\/wp\/v2\/media?parent=22956"}],"wp:term":[{"taxonomy":"product_brand","embeddable":true,"href":"https:\/\/www.makitamarket.com.tr\/site\/wp-json\/wp\/v2\/product_brand?post=22956"},{"taxonomy":"product_cat","embeddable":true,"href":"https:\/\/www.makitamarket.com.tr\/site\/wp-json\/wp\/v2\/product_cat?post=22956"},{"taxonomy":"product_tag","embeddable":true,"href":"https:\/\/www.makitamarket.com.tr\/site\/wp-json\/wp\/v2\/product_tag?post=22956"}],"curies":[{"name":"wp","href":"https:\/\/api.w.org\/{rel}","templated":true}]}}