{"id":22958,"date":"2025-01-06T16:35:55","date_gmt":"2025-01-06T13:35:55","guid":{"rendered":"https:\/\/www.makitamarket.com.tr\/site\/urun\/clipper-27062-pro-beton-testere-400-mm\/"},"modified":"2026-04-06T12:49:38","modified_gmt":"2026-04-06T09:49:38","slug":"clipper-27062-pro-beton-testere-400-mm","status":"publish","type":"product","link":"https:\/\/www.makitamarket.com.tr\/site\/urun\/clipper-27062-pro-beton-testere-400-mm\/","title":{"rendered":"Clipper 27062 PRO BETON TESTERE 400 mm"},"content":{"rendered":"<p>\n\tBeton ve genel ama\u00e7l\u0131 in\u015faat malzemeleri i\u00e7in, Refrakt\u00f6r, ate\u015f tu\u011fla bloklar i\u00e7in performans\u00a0<\/p>\n<table>\n<tr>\n<td>\u00c7ap<\/td>\n<td>400mm<\/td>\n<\/tr>\n<tr>\n<td>Merkez<\/td>\n<td>25,4mm<\/td>\n<\/tr>\n<tr>\n<td>Segman (Y\/G-mm)<\/td>\n<td>10\/3,2 mm<\/td>\n<\/tr>\n<tr>\n<td>Model s\u0131n\u0131f\u0131<\/td>\n<td>Pro line<\/td>\n<\/tr>\n<tr>\n<td>Performans<\/td>\n<td>4 y\u0131ld\u0131z<\/td>\n<\/tr>\n<\/table>\n","protected":false},"excerpt":{"rendered":"<p>\n\tBeton ve genel ama\u00e7l\u0131 in\u015faat malzemeleri i\u00e7in, Refrakt\u00f6r, ate\u015f tu\u011fla bloklar i\u00e7in performans\u00a0<\/p>\n","protected":false},"featured_media":9571,"comment_status":"open","ping_status":"closed","template":"","meta":{"_acf_changed":false},"product_brand":[1497],"product_cat":[1565],"product_tag":[],"class_list":{"0":"post-22958","1":"product","2":"type-product","3":"status-publish","4":"has-post-thumbnail","6":"product_brand-clipper","7":"product_cat-yok-yok","9":"first","10":"instock","11":"taxable","12":"shipping-taxable","13":"purchasable","14":"product-type-simple","15":"add-to-wishlist-after_add_to_cart"},"acf":[],"_links":{"self":[{"href":"https:\/\/www.makitamarket.com.tr\/site\/wp-json\/wp\/v2\/product\/22958","targetHints":{"allow":["GET"]}}],"collection":[{"href":"https:\/\/www.makitamarket.com.tr\/site\/wp-json\/wp\/v2\/product"}],"about":[{"href":"https:\/\/www.makitamarket.com.tr\/site\/wp-json\/wp\/v2\/types\/product"}],"replies":[{"embeddable":true,"href":"https:\/\/www.makitamarket.com.tr\/site\/wp-json\/wp\/v2\/comments?post=22958"}],"wp:featuredmedia":[{"embeddable":true,"href":"https:\/\/www.makitamarket.com.tr\/site\/wp-json\/wp\/v2\/media\/9571"}],"wp:attachment":[{"href":"https:\/\/www.makitamarket.com.tr\/site\/wp-json\/wp\/v2\/media?parent=22958"}],"wp:term":[{"taxonomy":"product_brand","embeddable":true,"href":"https:\/\/www.makitamarket.com.tr\/site\/wp-json\/wp\/v2\/product_brand?post=22958"},{"taxonomy":"product_cat","embeddable":true,"href":"https:\/\/www.makitamarket.com.tr\/site\/wp-json\/wp\/v2\/product_cat?post=22958"},{"taxonomy":"product_tag","embeddable":true,"href":"https:\/\/www.makitamarket.com.tr\/site\/wp-json\/wp\/v2\/product_tag?post=22958"}],"curies":[{"name":"wp","href":"https:\/\/api.w.org\/{rel}","templated":true}]}}