{"id":22963,"date":"2025-01-06T16:35:56","date_gmt":"2025-01-06T13:35:56","guid":{"rendered":"https:\/\/www.makitamarket.com.tr\/site\/urun\/makita-9031-egeleme-zimparalama\/"},"modified":"2026-04-06T18:33:52","modified_gmt":"2026-04-06T15:33:52","slug":"makita-9031-egeleme-zimparalama","status":"publish","type":"product","link":"https:\/\/www.makitamarket.com.tr\/site\/urun\/makita-9031-egeleme-zimparalama\/","title":{"rendered":"Makita 9031 E\u011eELEME &#8211; ZIMPARALAMA"},"content":{"rendered":"<p><strong class=\"red-title\" style=\"font-size: 16px;\">A\u00e7\u0131klama:<\/strong> <span><\/p>\n<p><span style=\"color: rgb(33, 37, 41); background-color: white;\">Model 9031<\/span><\/p>\n<p><span style=\"color: rgb(33, 37, 41); background-color: white;\">Tank z\u0131mparalar<\/span><\/p>\n<p><span style=\"color: rgb(33, 37, 41); background-color: white;\">E\u011feleme\/Z\u0131mparalama<\/span><\/p>\n<p><span style=\"color: rgb(33, 37, 41); background-color: white;\">550 W \u2022 30 x 533 mm<\/span><\/p>\n<p><strong style=\"color: rgb(0, 112, 192); background-color: white;\">Dar alanlar i\u00e7in kompakt tank z\u0131mpara modeli<\/strong><\/p>\n<p><span style=\"color: rgb(33, 37, 41); background-color: white;\"> Makita 9031, dar ve zor eri\u015filen alanlarda hassas ve g\u00fc\u00e7l\u00fc z\u0131mparalama i\u015flemleri i\u00e7in tasarlanm\u0131\u015f kompakt bir tank z\u0131mpara modelidir. 550 W motor g\u00fcc\u00fc, 30&#215;533 mm bant \u00f6l\u00e7\u00fcleri, 200-1000 m\/dakika bant h\u0131z\u0131 ve de\u011fi\u015fken h\u0131z kontrol\u00fc ile farkl\u0131 y\u00fczeylerde etkili bir performans sunar. Hafif ve ergonomik tasar\u0131m\u0131 sayesinde kolay manevra kabiliyeti sa\u011flar. Genellikle marangozluk, mobilya yenileme, metal i\u015f\u00e7ili\u011fi ve detayl\u0131 y\u00fczey haz\u0131rl\u0131\u011f\u0131 projelerinde tercih edilir. Toz toplama \u00f6zelli\u011fiyle temiz ve g\u00fcvenli bir \u00e7al\u0131\u015fma ortam\u0131 sunar.<\/span><\/p>\n<p><span style=\"color: red; background-color: white;\">Kullan\u0131m amac\u0131: <\/span><span style=\"color: rgb(33, 37, 41); background-color: white;\">Makine, tahta, plastik ve metal malzeme ile boyal\u0131 y\u00fczeylerin geni\u015f y\u00fczeylerini z\u0131mparalamak ama\u00e7t\u0131r. <\/span><\/p>\n<p><u>\u00d6zellikleri:<\/u><\/p>\n<p><span style=\"color: red;\">G\u00fc\u00e7 Kayna\u011f\u0131: <\/span>Makinenin, yaln\u0131zca isim levhas\u0131nda belirtilenle ayn\u0131 voltajl\u0131 g\u00fc\u00e7 kayna\u011f\u0131na ba\u011flanmas\u0131 gerekir ve yaln\u0131zca tek fazl\u0131 AC g\u00fc\u00e7 kayna\u011f\u0131yla \u00e7al\u0131\u015ft\u0131r\u0131labilir. \u00c7ifte yal\u0131t\u0131ml\u0131d\u0131r ve topraklamas\u0131z prizlerle de kullan\u0131labilir.<\/p>\n<ol>\n<li data-list=\"bullet\"><span class=\"ql-ui\" contenteditable=\"false\"><\/span>\u00c7ift yal\u0131t\u0131ml\u0131d\u0131r.<\/li>\n<li data-list=\"bullet\"><span class=\"ql-ui\" contenteditable=\"false\"><\/span>De\u011fi\u015fken h\u0131z \u00f6zelli\u011fi vard\u0131r.<\/li>\n<li data-list=\"bullet\"><span class=\"ql-ui\" contenteditable=\"false\"><\/span>Toz emme \u00fcnitesi mevcuttur.<\/li>\n<\/ol>\n<p><span style=\"color: black; background-color: white;\">Ambalaj i\u00e7eri\u011fi: 10 Adet Bant Z\u0131mpara <\/span><\/p>\n<p><\/span><strong class=\"red-title\" style=\"font-size: 16px;\">Kullan\u0131m Amac\u0131:<\/strong> <span><\/p>\n<p><\/p>\n<p><\/span><strong class=\"red-title\" style=\"font-size: 16px;\">\u00d6zellikler:<\/strong> <span><\/p>\n<p><\/p>\n<p><\/span><strong class=\"red-title\" style=\"font-size: 16px;\">Paket \u0130\u00e7eri\u011fi:<\/strong> <span><\/p>\n<p><\/p>\n<p><\/span><\/p>\n<table>\n<tr>\n<td>S\u00fcrekli Ak\u0131m Giri\u015fi<\/td>\n<td>550W<\/td>\n<\/tr>\n<tr>\n<td>Band \u00d6l\u00e7\u00fcleri<\/td>\n<td>30x533mm<\/td>\n<\/tr>\n<tr>\n<td>Band H\u0131z\u0131<\/td>\n<td>200-1000m\/dak<\/td>\n<\/tr>\n<tr>\n<td>Net A\u011f\u0131rl\u0131k<\/td>\n<td>2.1kg<\/td>\n<\/tr>\n<tr>\n<td>Ak\u0131m<\/td>\n<td>2.6Ah<\/td>\n<\/tr>\n<\/table>\n","protected":false},"excerpt":{"rendered":"<p><strong class=\"red-title\" style=\"font-size: 16px;\">A\u00e7\u0131klama:<\/strong> <span><\/p>\n<p><span style=\"color: rgb(33, 37, 41); background-color: white;\">Model 9031<\/span><\/p>\n<p><span style=\"color: rgb(33, 37, 41); background-color: white;\">Tank z\u0131mparalar<\/span><\/p>\n<p><span style=\"color: rgb(33, 37, 41); background-color: white;\">E\u011feleme\/Z\u0131mparalama<\/span><\/p>\n<p><span style=\"color: rgb(33, 37, 41); background-color: white;\">550 W \u2022 30 x 533 mm<\/span><\/p>\n<p><strong style=\"color: rgb(0, 112, 192); background-color: white;\">Dar alanlar i\u00e7in kompakt tank z\u0131mpara modeli<\/strong><\/p>\n<p><span style=\"color: rgb(33, 37, 41); background-color: white;\"> Makita 9031, dar ve zor eri\u015filen alanlarda hassas ve g\u00fc\u00e7l\u00fc z\u0131mparalama i\u015flemleri i\u00e7in tasarlanm\u0131\u015f kompakt bir tank z\u0131mpara modelidir. 550 W motor g\u00fcc\u00fc, 30&#215;533 mm bant \u00f6l\u00e7\u00fcleri, 200-1000 m\/dakika bant h\u0131z\u0131 ve de\u011fi\u015fken h\u0131z kontrol\u00fc ile farkl\u0131 y\u00fczeylerde etkili bir performans sunar. Hafif ve ergonomik tasar\u0131m\u0131 sayesinde kolay manevra kabiliyeti sa\u011flar. Genellikle marangozluk, mobilya yenileme, metal i\u015f\u00e7ili\u011fi ve detayl\u0131 y\u00fczey haz\u0131rl\u0131\u011f\u0131 projelerinde tercih edilir. Toz toplama \u00f6zelli\u011fiyle temiz ve g\u00fcvenli bir \u00e7al\u0131\u015fma ortam\u0131 sunar.<\/span><\/p>\n<p><span style=\"color: red; background-color: white;\">Kullan\u0131m amac\u0131: <\/span><span style=\"color: rgb(33, 37, 41); background-color: white;\">Makine, tahta, plastik ve metal malzeme ile boyal\u0131 y\u00fczeylerin geni\u015f y\u00fczeylerini z\u0131mparalamak ama\u00e7t\u0131r. <\/span><\/p>\n<p><u>\u00d6zellikleri:<\/u><\/p>\n<p><span style=\"color: red;\">G\u00fc\u00e7 Kayna\u011f\u0131: <\/span>Makinenin, yaln\u0131zca isim levhas\u0131nda belirtilenle ayn\u0131 voltajl\u0131 g\u00fc\u00e7 kayna\u011f\u0131na ba\u011flanmas\u0131 gerekir ve yaln\u0131zca tek fazl\u0131 AC g\u00fc\u00e7 kayna\u011f\u0131yla \u00e7al\u0131\u015ft\u0131r\u0131labilir. \u00c7ifte yal\u0131t\u0131ml\u0131d\u0131r ve topraklamas\u0131z prizlerle de kullan\u0131labilir.<\/p>\n<ol>\n<li data-list=\"bullet\"><span class=\"ql-ui\" contenteditable=\"false\"><\/span>\u00c7ift yal\u0131t\u0131ml\u0131d\u0131r.<\/li>\n<li data-list=\"bullet\"><span class=\"ql-ui\" contenteditable=\"false\"><\/span>De\u011fi\u015fken h\u0131z \u00f6zelli\u011fi vard\u0131r.<\/li>\n<li data-list=\"bullet\"><span class=\"ql-ui\" contenteditable=\"false\"><\/span>Toz emme \u00fcnitesi mevcuttur.<\/li>\n<\/ol>\n<p><span style=\"color: black; background-color: white;\">Ambalaj i\u00e7eri\u011fi: 10 Adet Bant Z\u0131mpara <\/span><\/p>\n<p><\/span><strong class=\"red-title\" style=\"font-size: 16px;\">Kullan\u0131m Amac\u0131:<\/strong> <span><\/p>\n<p><\/p>\n<p><\/span><strong class=\"red-title\" style=\"font-size: 16px;\">\u00d6zellikler:<\/strong> <span><\/p>\n<p><\/p>\n<p><\/span><strong class=\"red-title\" style=\"font-size: 16px;\">Paket \u0130\u00e7eri\u011fi:<\/strong> <span><\/p>\n<p><\/p>\n<p><\/span><\/p>\n","protected":false},"featured_media":9581,"comment_status":"open","ping_status":"closed","template":"","meta":{"_acf_changed":false},"product_brand":[1485],"product_cat":[949],"product_tag":[],"class_list":{"0":"post-22963","1":"product","2":"type-product","3":"status-publish","4":"has-post-thumbnail","6":"product_brand-makita","7":"product_cat-tank-zimparalar","9":"first","10":"instock","11":"taxable","12":"shipping-taxable","13":"purchasable","14":"product-type-simple","15":"add-to-wishlist-after_add_to_cart"},"acf":[],"_links":{"self":[{"href":"https:\/\/www.makitamarket.com.tr\/site\/wp-json\/wp\/v2\/product\/22963","targetHints":{"allow":["GET"]}}],"collection":[{"href":"https:\/\/www.makitamarket.com.tr\/site\/wp-json\/wp\/v2\/product"}],"about":[{"href":"https:\/\/www.makitamarket.com.tr\/site\/wp-json\/wp\/v2\/types\/product"}],"replies":[{"embeddable":true,"href":"https:\/\/www.makitamarket.com.tr\/site\/wp-json\/wp\/v2\/comments?post=22963"}],"wp:featuredmedia":[{"embeddable":true,"href":"https:\/\/www.makitamarket.com.tr\/site\/wp-json\/wp\/v2\/media\/9581"}],"wp:attachment":[{"href":"https:\/\/www.makitamarket.com.tr\/site\/wp-json\/wp\/v2\/media?parent=22963"}],"wp:term":[{"taxonomy":"product_brand","embeddable":true,"href":"https:\/\/www.makitamarket.com.tr\/site\/wp-json\/wp\/v2\/product_brand?post=22963"},{"taxonomy":"product_cat","embeddable":true,"href":"https:\/\/www.makitamarket.com.tr\/site\/wp-json\/wp\/v2\/product_cat?post=22963"},{"taxonomy":"product_tag","embeddable":true,"href":"https:\/\/www.makitamarket.com.tr\/site\/wp-json\/wp\/v2\/product_tag?post=22963"}],"curies":[{"name":"wp","href":"https:\/\/api.w.org\/{rel}","templated":true}]}}