{"id":22970,"date":"2025-01-06T16:36:00","date_gmt":"2025-01-06T13:36:00","guid":{"rendered":"https:\/\/www.makitamarket.com.tr\/site\/urun\/knicut-mb52109-genis-maket-bicagi-18-mm\/"},"modified":"2026-04-06T12:50:38","modified_gmt":"2026-04-06T09:50:38","slug":"knicut-mb52109-genis-maket-bicagi-18-mm","status":"publish","type":"product","link":"https:\/\/www.makitamarket.com.tr\/site\/urun\/knicut-mb52109-genis-maket-bicagi-18-mm\/","title":{"rendered":"Knicut MB52109 GEN\u0130\u015e MAKET BI\u00c7A\u011eI 18 mm"},"content":{"rendered":"<table>\n<tr>\n<td>B\u0131\u00e7ak Geni\u015fli\u011fi<\/td>\n<td>18 mm<\/td>\n<\/tr>\n<tr>\n<td>Kilitleme<\/td>\n<td>Otomatik<\/td>\n<\/tr>\n<tr>\n<td>G\u00f6vde<\/td>\n<td>Plastik<\/td>\n<\/tr>\n<tr>\n<td>\u0130\u00e7indeki B\u0131\u00e7ak Adedi<\/td>\n<td>1 Adet<\/td>\n<\/tr>\n<tr>\n<td>Kutu \u0130\u00e7i Adedi<\/td>\n<td>48 Adet<\/td>\n<\/tr>\n<tr>\n<td>Koli \u0130\u00e7i Adedi<\/td>\n<td>288 Adet<\/td>\n<\/tr>\n<\/table>\n","protected":false},"excerpt":{"rendered":"<p>B\u0131\u00e7ak Geni\u015fli\u011fi 18 mm Kilitleme Otomatik G\u00f6vde Plastik \u0130\u00e7indeki B\u0131\u00e7ak Adedi 1 Adet Kutu \u0130\u00e7i Adedi 48 Adet Koli \u0130\u00e7i Adedi 288 Adet<\/p>\n","protected":false},"featured_media":9634,"comment_status":"open","ping_status":"closed","template":"","meta":{"_acf_changed":false},"product_brand":[1525],"product_cat":[1565],"product_tag":[],"class_list":{"0":"post-22970","1":"product","2":"type-product","3":"status-publish","4":"has-post-thumbnail","6":"product_brand-knicut","7":"product_cat-yok-yok","9":"first","10":"outofstock","11":"taxable","12":"shipping-taxable","13":"purchasable","14":"product-type-simple","15":"add-to-wishlist-after_add_to_cart"},"acf":[],"_links":{"self":[{"href":"https:\/\/www.makitamarket.com.tr\/site\/wp-json\/wp\/v2\/product\/22970","targetHints":{"allow":["GET"]}}],"collection":[{"href":"https:\/\/www.makitamarket.com.tr\/site\/wp-json\/wp\/v2\/product"}],"about":[{"href":"https:\/\/www.makitamarket.com.tr\/site\/wp-json\/wp\/v2\/types\/product"}],"replies":[{"embeddable":true,"href":"https:\/\/www.makitamarket.com.tr\/site\/wp-json\/wp\/v2\/comments?post=22970"}],"wp:featuredmedia":[{"embeddable":true,"href":"https:\/\/www.makitamarket.com.tr\/site\/wp-json\/wp\/v2\/media\/9634"}],"wp:attachment":[{"href":"https:\/\/www.makitamarket.com.tr\/site\/wp-json\/wp\/v2\/media?parent=22970"}],"wp:term":[{"taxonomy":"product_brand","embeddable":true,"href":"https:\/\/www.makitamarket.com.tr\/site\/wp-json\/wp\/v2\/product_brand?post=22970"},{"taxonomy":"product_cat","embeddable":true,"href":"https:\/\/www.makitamarket.com.tr\/site\/wp-json\/wp\/v2\/product_cat?post=22970"},{"taxonomy":"product_tag","embeddable":true,"href":"https:\/\/www.makitamarket.com.tr\/site\/wp-json\/wp\/v2\/product_tag?post=22970"}],"curies":[{"name":"wp","href":"https:\/\/api.w.org\/{rel}","templated":true}]}}