{"id":22980,"date":"2025-01-06T16:36:05","date_gmt":"2025-01-06T13:36:05","guid":{"rendered":"https:\/\/www.makitamarket.com.tr\/site\/urun\/promaster-ms52483-fayans-kesici\/"},"modified":"2026-04-06T12:51:40","modified_gmt":"2026-04-06T09:51:40","slug":"promaster-ms52483-fayans-kesici","status":"publish","type":"product","link":"https:\/\/www.makitamarket.com.tr\/site\/urun\/promaster-ms52483-fayans-kesici\/","title":{"rendered":"Promaster MS52483 FAYANS KES\u0130C\u0130"},"content":{"rendered":"<table>\n<tr>\n<td>Fayans Uzunlu\u011fu<\/td>\n<td>1290 mm<\/td>\n<\/tr>\n<tr>\n<td>Detaylar<\/td>\n<td>\u00c7elik G\u00f6vde &#8211; \u00c7elik Yatak &#8211; \u00c7elik Sap<\/td>\n<\/tr>\n<tr>\n<td>Koli Miktar\u0131<\/td>\n<td>1<\/td>\n<\/tr>\n<\/table>\n","protected":false},"excerpt":{"rendered":"<p>Fayans Uzunlu\u011fu 1290 mm Detaylar \u00c7elik G\u00f6vde &#8211; \u00c7elik Yatak &#8211; \u00c7elik Sap Koli Miktar\u0131 1<\/p>\n","protected":false},"featured_media":0,"comment_status":"open","ping_status":"closed","template":"","meta":{"_acf_changed":false},"product_brand":[1537],"product_cat":[996],"product_tag":[],"class_list":{"0":"post-22980","1":"product","2":"type-product","3":"status-publish","5":"product_brand-promaster","6":"product_cat-fayans-ve-seramik-kesiciler","8":"first","9":"instock","10":"taxable","11":"shipping-taxable","12":"purchasable","13":"product-type-simple","14":"add-to-wishlist-after_add_to_cart"},"acf":[],"_links":{"self":[{"href":"https:\/\/www.makitamarket.com.tr\/site\/wp-json\/wp\/v2\/product\/22980","targetHints":{"allow":["GET"]}}],"collection":[{"href":"https:\/\/www.makitamarket.com.tr\/site\/wp-json\/wp\/v2\/product"}],"about":[{"href":"https:\/\/www.makitamarket.com.tr\/site\/wp-json\/wp\/v2\/types\/product"}],"replies":[{"embeddable":true,"href":"https:\/\/www.makitamarket.com.tr\/site\/wp-json\/wp\/v2\/comments?post=22980"}],"wp:attachment":[{"href":"https:\/\/www.makitamarket.com.tr\/site\/wp-json\/wp\/v2\/media?parent=22980"}],"wp:term":[{"taxonomy":"product_brand","embeddable":true,"href":"https:\/\/www.makitamarket.com.tr\/site\/wp-json\/wp\/v2\/product_brand?post=22980"},{"taxonomy":"product_cat","embeddable":true,"href":"https:\/\/www.makitamarket.com.tr\/site\/wp-json\/wp\/v2\/product_cat?post=22980"},{"taxonomy":"product_tag","embeddable":true,"href":"https:\/\/www.makitamarket.com.tr\/site\/wp-json\/wp\/v2\/product_tag?post=22980"}],"curies":[{"name":"wp","href":"https:\/\/api.w.org\/{rel}","templated":true}]}}