{"id":22991,"date":"2025-01-06T16:36:11","date_gmt":"2025-01-06T13:36:11","guid":{"rendered":"https:\/\/www.makitamarket.com.tr\/site\/urun\/makita-5008mg-dairesel-testere\/"},"modified":"2026-04-06T12:52:52","modified_gmt":"2026-04-06T09:52:52","slug":"makita-5008mg-dairesel-testere","status":"publish","type":"product","link":"https:\/\/www.makitamarket.com.tr\/site\/urun\/makita-5008mg-dairesel-testere\/","title":{"rendered":"Makita 5008MG DA\u0130RESEL TESTERE"},"content":{"rendered":"<p><span style=\"color: rgb(33, 37, 41);\">Model 5008MG<\/span><\/p>\n<p><span style=\"background-color: white; color: rgb(33, 37, 41);\">Dairesel Testereler 28mm<\/span><\/p>\n<p><span style=\"background-color: white; color: rgb(33, 37, 41);\">1.800 W \u2022 5.200 dk\u207b\u00b9 \u2022 210 mm<\/span><\/p>\n<p><span style=\"background-color: white; color: rgb(0, 112, 192);\">Verimli, y\u00fcksek kapasiteli dairesel testere<\/span><\/p>\n<p><span style=\"background-color: white; color: rgb(33, 37, 41);\">Profesyonel kullan\u0131m i\u00e7in tasarlanm\u0131\u015f, 1.800 W motor g\u00fcc\u00fcne&nbsp;ve dakikada 5.200 bo\u015fta devire sahip, verimli ve sa\u011flam, y\u00fcksek kapasiteli dairesel testere modelidir. Maksimum 75,5 mm kesme derinli\u011fine ula\u015fan 210 mm \u00e7ap\u0131ndaki bir b\u0131\u00e7akla uyumludur. 0\u00b0-50\u00b0 a\u00e7\u0131 kesim kapasitesi ile \u00e7ok y\u00f6nl\u00fc kesim imk\u00e2n\u0131 sunar. Ergonomik tasar\u0131m\u0131, LED ayd\u0131nlatma ve toz \u00fcfleme \u00f6zellikleriyle temiz ve konforlu bir \u00e7al\u0131\u015fma ortam\u0131 sa\u011flar. Genellikle marangozluk, mobilya yap\u0131m\u0131 ve in\u015faat projelerinde profesyonel kullan\u0131c\u0131lar taraf\u0131ndan tercih edilir.<\/span><\/p>\n<p><span style=\"background-color: white; color: red;\">Kullan\u0131m amac\u0131: <\/span><span style=\"background-color: white; color: rgb(33, 37, 41);\">Bu makine ah\u015fap malzemelerde tam bir temas sa\u011flayarak enlemesine, \u00e7aprazlamas\u0131na kesimler yapmak ve ayr\u0131ca k\u00f6\u015fe bentlerde d\u00fcz kesimler yap\u0131lmas\u0131 i\u00e7in tasarlanm\u0131\u015ft\u0131r. Uygun orijinal Makita testere b\u0131\u00e7aklar\u0131 kullan\u0131larak ba\u015fka malzemeler de kesilebilir. <\/span><\/p>\n<p><u style=\"background-color: white; color: black;\">\u00d6zellikleri:<\/u><\/p>\n<p><span style=\"color: red;\">G\u00fc\u00e7 Kayna\u011f\u0131: <\/span>Makine yaln\u0131zca \u00fczerindeki etikette belirtilen voltaj de\u011ferlerine sahip, tek fazl\u0131 AC g\u00fc\u00e7 kaynaklar\u0131na ba\u011flanmal\u0131d\u0131r. \u00c7ift yal\u0131t\u0131ml\u0131d\u0131r ve bu nedenle topraks\u0131z prizlerle de kullan\u0131labilir.<\/p>\n<ol>\n<li data-list=\"bullet\"><span class=\"ql-ui\" contenteditable=\"false\"><\/span>\u00c7ift yal\u0131t\u0131ml\u0131d\u0131r.<\/li>\n<li data-list=\"bullet\"><span class=\"ql-ui\" contenteditable=\"false\"><\/span><span style=\"color: rgb(33, 37, 41);\">Toz emme \u00fcnitesi mevcuttur.<\/span><\/li>\n<li data-list=\"bullet\"><span class=\"ql-ui\" contenteditable=\"false\"><\/span>Led \u0131\u015f\u0131\u011f\u0131 vard\u0131r.<\/li>\n<\/ol>\n<p><span style=\"color: rgb(33, 37, 41);\">Ambalaj i\u00e7eri\u011fi:kenar g\u00f6nye, TCT kesim b\u0131\u00e7a\u011f\u0131,<\/span><\/p>\n<table>\n<tr>\n<td>S\u00fcrekli Ak\u0131m Giri\u015fi<\/td>\n<td>1800W<\/td>\n<\/tr>\n<tr>\n<td>Kapasite<\/td>\n<td>90\u00b0 :75.5mm, 45\u00b0 :57mm<\/td>\n<\/tr>\n<tr>\n<td>Bo\u015fta Devir<\/td>\n<td>5200devir\/dk<\/td>\n<\/tr>\n<tr>\n<td>Net A\u011f\u0131rl\u0131k<\/td>\n<td>4.8kg<\/td>\n<\/tr>\n<tr>\n<td>Ak\u0131m<\/td>\n<td>8.2Ah<\/td>\n<\/tr>\n<tr>\n<td>Testere \u00d6l\u00e7\u00fcleri<\/td>\n<td>210 x 30 mm<\/td>\n<\/tr>\n<\/table>\n","protected":false},"excerpt":{"rendered":"<p><span style=\"color: rgb(33, 37, 41);\">Model 5008MG<\/span><\/p>\n<p><span style=\"background-color: white; color: rgb(33, 37, 41);\">Dairesel Testereler 28mm<\/span><\/p>\n<p><span style=\"background-color: white; color: rgb(33, 37, 41);\">1.800 W \u2022 5.200 dk\u207b\u00b9 \u2022 210 mm<\/span><\/p>\n<p><span style=\"background-color: white; color: rgb(0, 112, 192);\">Verimli, y\u00fcksek kapasiteli dairesel testere<\/span><\/p>\n<p><span style=\"background-color: white; color: rgb(33, 37, 41);\">Profesyonel kullan\u0131m i\u00e7in tasarlanm\u0131\u015f, 1.800 W motor g\u00fcc\u00fcne&nbsp;ve dakikada 5.200 bo\u015fta devire sahip, verimli ve sa\u011flam, y\u00fcksek kapasiteli dairesel testere modelidir. Maksimum 75,5 mm kesme derinli\u011fine ula\u015fan 210 mm \u00e7ap\u0131ndaki bir b\u0131\u00e7akla uyumludur. 0\u00b0-50\u00b0 a\u00e7\u0131 kesim kapasitesi ile \u00e7ok y\u00f6nl\u00fc kesim imk\u00e2n\u0131 sunar. Ergonomik tasar\u0131m\u0131, LED ayd\u0131nlatma ve toz \u00fcfleme \u00f6zellikleriyle temiz ve konforlu bir \u00e7al\u0131\u015fma ortam\u0131 sa\u011flar. Genellikle marangozluk, mobilya yap\u0131m\u0131 ve in\u015faat projelerinde profesyonel kullan\u0131c\u0131lar taraf\u0131ndan tercih edilir.<\/span><\/p>\n<p><span style=\"background-color: white; color: red;\">Kullan\u0131m amac\u0131: <\/span><span style=\"background-color: white; color: rgb(33, 37, 41);\">Bu makine ah\u015fap malzemelerde tam bir temas sa\u011flayarak enlemesine, \u00e7aprazlamas\u0131na kesimler yapmak ve ayr\u0131ca k\u00f6\u015fe bentlerde d\u00fcz kesimler yap\u0131lmas\u0131 i\u00e7in tasarlanm\u0131\u015ft\u0131r. Uygun orijinal Makita testere b\u0131\u00e7aklar\u0131 kullan\u0131larak ba\u015fka malzemeler de kesilebilir. <\/span><\/p>\n<p><u style=\"background-color: white; color: black;\">\u00d6zellikleri:<\/u><\/p>\n<p><span style=\"color: red;\">G\u00fc\u00e7 Kayna\u011f\u0131: <\/span>Makine yaln\u0131zca \u00fczerindeki etikette belirtilen voltaj de\u011ferlerine sahip, tek fazl\u0131 AC g\u00fc\u00e7 kaynaklar\u0131na ba\u011flanmal\u0131d\u0131r. \u00c7ift yal\u0131t\u0131ml\u0131d\u0131r ve bu nedenle topraks\u0131z prizlerle de kullan\u0131labilir.<\/p>\n<ol>\n<li data-list=\"bullet\"><span class=\"ql-ui\" contenteditable=\"false\"><\/span>\u00c7ift yal\u0131t\u0131ml\u0131d\u0131r.<\/li>\n<li data-list=\"bullet\"><span class=\"ql-ui\" contenteditable=\"false\"><\/span><span style=\"color: rgb(33, 37, 41);\">Toz emme \u00fcnitesi mevcuttur.<\/span><\/li>\n<li data-list=\"bullet\"><span class=\"ql-ui\" contenteditable=\"false\"><\/span>Led \u0131\u015f\u0131\u011f\u0131 vard\u0131r.<\/li>\n<\/ol>\n<p><span style=\"color: rgb(33, 37, 41);\">Ambalaj i\u00e7eri\u011fi:kenar g\u00f6nye, TCT kesim b\u0131\u00e7a\u011f\u0131,<\/span><\/p>\n","protected":false},"featured_media":9760,"comment_status":"open","ping_status":"closed","template":"","meta":{"_acf_changed":false},"product_brand":[1485],"product_cat":[848],"product_tag":[],"class_list":{"0":"post-22991","1":"product","2":"type-product","3":"status-publish","4":"has-post-thumbnail","6":"product_brand-makita","7":"product_cat-dairesel-testereler","9":"first","10":"instock","11":"taxable","12":"shipping-taxable","13":"purchasable","14":"product-type-simple","15":"add-to-wishlist-after_add_to_cart"},"acf":[],"_links":{"self":[{"href":"https:\/\/www.makitamarket.com.tr\/site\/wp-json\/wp\/v2\/product\/22991","targetHints":{"allow":["GET"]}}],"collection":[{"href":"https:\/\/www.makitamarket.com.tr\/site\/wp-json\/wp\/v2\/product"}],"about":[{"href":"https:\/\/www.makitamarket.com.tr\/site\/wp-json\/wp\/v2\/types\/product"}],"replies":[{"embeddable":true,"href":"https:\/\/www.makitamarket.com.tr\/site\/wp-json\/wp\/v2\/comments?post=22991"}],"wp:featuredmedia":[{"embeddable":true,"href":"https:\/\/www.makitamarket.com.tr\/site\/wp-json\/wp\/v2\/media\/9760"}],"wp:attachment":[{"href":"https:\/\/www.makitamarket.com.tr\/site\/wp-json\/wp\/v2\/media?parent=22991"}],"wp:term":[{"taxonomy":"product_brand","embeddable":true,"href":"https:\/\/www.makitamarket.com.tr\/site\/wp-json\/wp\/v2\/product_brand?post=22991"},{"taxonomy":"product_cat","embeddable":true,"href":"https:\/\/www.makitamarket.com.tr\/site\/wp-json\/wp\/v2\/product_cat?post=22991"},{"taxonomy":"product_tag","embeddable":true,"href":"https:\/\/www.makitamarket.com.tr\/site\/wp-json\/wp\/v2\/product_tag?post=22991"}],"curies":[{"name":"wp","href":"https:\/\/api.w.org\/{rel}","templated":true}]}}