{"id":23007,"date":"2025-01-06T16:36:20","date_gmt":"2025-01-06T13:36:20","guid":{"rendered":"https:\/\/www.makitamarket.com.tr\/site\/urun\/globus-gl10293-kaydirmazlik-bandi-50mmx25mt\/"},"modified":"2025-11-16T05:15:46","modified_gmt":"2025-11-16T02:15:46","slug":"globus-gl10293-kaydirmazlik-bandi-50mmx25mt","status":"publish","type":"product","link":"https:\/\/www.makitamarket.com.tr\/site\/urun\/globus-gl10293-kaydirmazlik-bandi-50mmx25mt\/","title":{"rendered":"Globus GL10293 KAYDIRMAZLIK BANDI 50mmx25mt"},"content":{"rendered":"<table>\n<tr>\n<td>\u00d6l\u00e7\u00fc<\/td>\n<td>50mm x 25mt<\/td>\n<\/tr>\n<tr>\n<td>Renk<\/td>\n<td>Sar\u0131\/Siyah<\/td>\n<\/tr>\n<tr>\n<td>Koli Adedi<\/td>\n<td>24<\/td>\n<\/tr>\n<\/table>\n","protected":false},"excerpt":{"rendered":"<p>\u00d6l\u00e7\u00fc 50mm x 25mt Renk Sar\u0131\/Siyah Koli Adedi 24<\/p>\n","protected":false},"featured_media":9884,"comment_status":"open","ping_status":"closed","template":"","meta":{"_acf_changed":false},"product_brand":[1510],"product_cat":[955],"product_tag":[],"class_list":{"0":"post-23007","1":"product","2":"type-product","3":"status-publish","4":"has-post-thumbnail","6":"product_brand-globus","7":"product_cat-bant-kesme-aparatlari-zimbalar","9":"first","10":"outofstock","11":"taxable","12":"shipping-taxable","13":"purchasable","14":"product-type-simple","15":"add-to-wishlist-after_add_to_cart"},"acf":[],"_links":{"self":[{"href":"https:\/\/www.makitamarket.com.tr\/site\/wp-json\/wp\/v2\/product\/23007","targetHints":{"allow":["GET"]}}],"collection":[{"href":"https:\/\/www.makitamarket.com.tr\/site\/wp-json\/wp\/v2\/product"}],"about":[{"href":"https:\/\/www.makitamarket.com.tr\/site\/wp-json\/wp\/v2\/types\/product"}],"replies":[{"embeddable":true,"href":"https:\/\/www.makitamarket.com.tr\/site\/wp-json\/wp\/v2\/comments?post=23007"}],"wp:featuredmedia":[{"embeddable":true,"href":"https:\/\/www.makitamarket.com.tr\/site\/wp-json\/wp\/v2\/media\/9884"}],"wp:attachment":[{"href":"https:\/\/www.makitamarket.com.tr\/site\/wp-json\/wp\/v2\/media?parent=23007"}],"wp:term":[{"taxonomy":"product_brand","embeddable":true,"href":"https:\/\/www.makitamarket.com.tr\/site\/wp-json\/wp\/v2\/product_brand?post=23007"},{"taxonomy":"product_cat","embeddable":true,"href":"https:\/\/www.makitamarket.com.tr\/site\/wp-json\/wp\/v2\/product_cat?post=23007"},{"taxonomy":"product_tag","embeddable":true,"href":"https:\/\/www.makitamarket.com.tr\/site\/wp-json\/wp\/v2\/product_tag?post=23007"}],"curies":[{"name":"wp","href":"https:\/\/api.w.org\/{rel}","templated":true}]}}