{"id":23010,"date":"2025-01-06T16:36:22","date_gmt":"2025-01-06T13:36:22","guid":{"rendered":"https:\/\/www.makitamarket.com.tr\/site\/urun\/proxxon-29825-akulu-zimpara-was-a\/"},"modified":"2026-04-13T19:28:34","modified_gmt":"2026-04-13T16:28:34","slug":"proxxon-29825-akulu-zimpara-was-a","status":"publish","type":"product","link":"https:\/\/www.makitamarket.com.tr\/site\/urun\/proxxon-29825-akulu-zimpara-was-a\/","title":{"rendered":"Proxxon 29825 AK\u00dcL\u00dc ZIMPARA WAS\/A"},"content":{"rendered":"<div>\n\t<strong>Uyumlu Aksesuarlar:<\/strong><\/div>\n<div>\n\t<strong>PROX28562 : <\/strong>120 kum mob z\u0131mpara (2)<\/div>\n<div>\n\t<strong>PROX28563 :<\/strong> 240 kum mob z\u0131mpara (2)<\/div>\n<div>\n\t<strong>PROX28565 :<\/strong> Orta sertlikte ke\u00e7e (2)<\/div>\n<table>\n<tr>\n<td>G\u00fc\u00e7<\/td>\n<td>10,8 V<\/td>\n<\/tr>\n<tr>\n<td>Devir<\/td>\n<td>1,100-2,600 d\/dak<\/td>\n<\/tr>\n<tr>\n<td>Disk \u00d6l\u00e7\u00fcs\u00fc<\/td>\n<td>50x30mm<\/td>\n<\/tr>\n<tr>\n<td>A\u011f\u0131rl\u0131k<\/td>\n<td>1000g (Batarya dahil)<\/td>\n<\/tr>\n<tr>\n<td>Muhafaza<\/td>\n<td>Dayan\u0131kl\u0131 Plastik Kutu<\/td>\n<\/tr>\n<tr>\n<td>Uzunluk<\/td>\n<td>305mm<\/td>\n<\/tr>\n<\/table>\n","protected":false},"excerpt":{"rendered":"<div>\n\t<strong>Uyumlu Aksesuarlar:<\/strong><\/div>\n<div>\n\t<strong>PROX28562 : <\/strong>120 kum mob z\u0131mpara (2)<\/div>\n<div>\n\t<strong>PROX28563 :<\/strong> 240 kum mob z\u0131mpara (2)<\/div>\n<div>\n\t<strong>PROX28565 :<\/strong> Orta sertlikte ke\u00e7e (2)<\/div>\n","protected":false},"featured_media":0,"comment_status":"open","ping_status":"closed","template":"","meta":{"_acf_changed":false},"product_brand":[1501],"product_cat":[1001],"product_tag":[],"class_list":{"0":"post-23010","1":"product","2":"type-product","3":"status-publish","5":"product_brand-proxxon","6":"product_cat-zimpara-makinalari-akulu-mikro-aletler","8":"first","9":"instock","10":"taxable","11":"shipping-taxable","12":"purchasable","13":"product-type-simple","14":"add-to-wishlist-after_add_to_cart"},"acf":[],"_links":{"self":[{"href":"https:\/\/www.makitamarket.com.tr\/site\/wp-json\/wp\/v2\/product\/23010","targetHints":{"allow":["GET"]}}],"collection":[{"href":"https:\/\/www.makitamarket.com.tr\/site\/wp-json\/wp\/v2\/product"}],"about":[{"href":"https:\/\/www.makitamarket.com.tr\/site\/wp-json\/wp\/v2\/types\/product"}],"replies":[{"embeddable":true,"href":"https:\/\/www.makitamarket.com.tr\/site\/wp-json\/wp\/v2\/comments?post=23010"}],"wp:attachment":[{"href":"https:\/\/www.makitamarket.com.tr\/site\/wp-json\/wp\/v2\/media?parent=23010"}],"wp:term":[{"taxonomy":"product_brand","embeddable":true,"href":"https:\/\/www.makitamarket.com.tr\/site\/wp-json\/wp\/v2\/product_brand?post=23010"},{"taxonomy":"product_cat","embeddable":true,"href":"https:\/\/www.makitamarket.com.tr\/site\/wp-json\/wp\/v2\/product_cat?post=23010"},{"taxonomy":"product_tag","embeddable":true,"href":"https:\/\/www.makitamarket.com.tr\/site\/wp-json\/wp\/v2\/product_tag?post=23010"}],"curies":[{"name":"wp","href":"https:\/\/api.w.org\/{rel}","templated":true}]}}