{"id":23014,"date":"2025-01-06T16:36:26","date_gmt":"2025-01-06T13:36:26","guid":{"rendered":"https:\/\/www.makitamarket.com.tr\/site\/urun\/makita-bo6030-devir-ayarli-dairesel-titresim-zimpara\/"},"modified":"2026-04-13T19:28:49","modified_gmt":"2026-04-13T16:28:49","slug":"makita-bo6030-devir-ayarli-dairesel-titresim-zimpara","status":"publish","type":"product","link":"https:\/\/www.makitamarket.com.tr\/site\/urun\/makita-bo6030-devir-ayarli-dairesel-titresim-zimpara\/","title":{"rendered":"Makita BO6030 DEV\u0130R AYARLI DA\u0130RESEL T\u0130TRE\u015e\u0130M ZIMPARA"},"content":{"rendered":"<p><span style=\"color: rgb(33, 37, 41); background-color: white;\">Model BO6030<\/span><\/p>\n<p><span style=\"color: rgb(33, 37, 41); background-color: white;\">Dairesel Titre\u015fim Z\u0131mparalar<\/span><\/p>\n<p><span style=\"color: rgb(33, 37, 41); background-color: white;\">Devir Ayarl\u0131<\/span><\/p>\n<p><span style=\"color: rgb(33, 37, 41); background-color: white;\">310 W \u2022 150 mm \u2022 4.000-10.000 dk\u207b\u00b9<\/span><\/p>\n<p><strong style=\"color: rgb(0, 112, 192); background-color: white;\">Ah\u015fap ve y\u00fczeyler i\u00e7in g\u00fc\u00e7l\u00fc dairesel titre\u015fim z\u0131mpara modeli<\/strong><\/p>\n<p><span style=\"color: rgb(33, 37, 41); background-color: white;\">Ah\u015fap, metal ve boyal\u0131 y\u00fczeylerde hassas ve g\u00fc\u00e7l\u00fc z\u0131mparalama i\u015flemleri i\u00e7in tasarlanm\u0131\u015f profesyonel bir dairesel titre\u015fim z\u0131mpara modelidir. 310 W motor g\u00fcc\u00fcne sahiptir. 150 mm a\u015f\u0131nd\u0131r\u0131c\u0131 ka\u011f\u0131t boyutu, 150 mm taban \u00e7ap\u0131 ve dakikada 4.000-10.000 titre\u015fim say\u0131s\u0131 ile b\u00fcy\u00fck y\u00fczeylerde h\u0131zl\u0131 ve verimli bir performans sunar.Elektronik h\u0131z kontrol\u00fc ve ergonomik tasar\u0131m\u0131 sayesinde uzun s\u00fcreli ve konforlu bir kullan\u0131m sa\u011flar. Genellikle marangozluk, mobilya yenileme ve detayl\u0131 y\u00fczey haz\u0131rl\u0131\u011f\u0131 projelerinde tercih edilir. Toz toplama sistemiyle temiz ve d\u00fczenli bir \u00e7al\u0131\u015fma ortam\u0131 sa\u011flar.<\/span><\/p>\n<p><span style=\"color: red; background-color: white;\">Kullan\u0131m amac\u0131: <\/span><span style=\"color: rgb(33, 37, 41); background-color: white;\">Bu alet ah\u015fap, plastik ve metal malzemelerin geni\u015f y\u00fczeyleriyle boyal\u0131 y\u00fczeylerin z\u0131mparalanmas\u0131 amac\u0131yla kullan\u0131l\u0131r. <\/span><\/p>\n<p><u style=\"color: black; background-color: white;\">\u00d6zellikleri:<\/u><span style=\"color: rgb(33, 37, 41); background-color: white;\"> <\/span><\/p>\n<p><span style=\"color: red;\">G\u00fc\u00e7 Kayna\u011f\u0131:<\/span>Makinan\u0131n, yaln\u0131zca isim levhas\u0131nda belirtilenle ayn\u0131 voltajl\u0131 g\u00fc\u00e7 kayna\u011f\u0131na ba\u011flanmas\u0131 gerekir ve yaln\u0131zca tek fazl\u0131 AC g\u00fc\u00e7 kayna\u011f\u0131yla \u00e7al\u0131\u015ft\u0131r\u0131labilir. \u00c7ifte yal\u0131t\u0131ml\u0131d\u0131r ve topraklamas\u0131z prizlerle de kullan\u0131labilir.<\/p>\n<ol>\n<li data-list=\"bullet\"><span class=\"ql-ui\" contenteditable=\"false\"><\/span>\u00c7ift yal\u0131t\u0131ml\u0131d\u0131r.<\/li>\n<li data-list=\"bullet\"><span class=\"ql-ui\" contenteditable=\"false\"><\/span>De\u011fi\u015fken h\u0131z \u00f6zelli\u011fi vard\u0131r.<\/li>\n<li data-list=\"bullet\"><span class=\"ql-ui\" contenteditable=\"false\"><\/span>Toz emme \u00fcnitesi mevcuttur.<\/li>\n<li data-list=\"bullet\"><span class=\"ql-ui\" contenteditable=\"false\"><\/span><span style=\"color: black;\">Ambalaj i\u00e7eri\u011fi: Toz torbas\u0131, Z\u0131mpara diski <\/span><\/li>\n<\/ol>\n<p><span style=\"color: rgb(33, 37, 41); background-color: white;\">C\u0131rtl\u0131 Taban<\/span><\/p>\n<p><\/p>\n<table>\n<tr>\n<td>S\u00fcrekli Ak\u0131m Giri\u015fi<\/td>\n<td>310W<\/td>\n<\/tr>\n<tr>\n<td>Net A\u011f\u0131rl\u0131k<\/td>\n<td>2.4kg<\/td>\n<\/tr>\n<tr>\n<td>Ak\u0131m<\/td>\n<td>1.4Ah<\/td>\n<\/tr>\n<tr>\n<td>Taban \u00c7ap\u0131<\/td>\n<td>150 mm<\/td>\n<\/tr>\n<tr>\n<td>Dakikada Titre\u015fim<\/td>\n<td>4000-10000<\/td>\n<\/tr>\n<tr>\n<td>A\u015f\u0131nd\u0131r\u0131c\u0131 Ka\u011f\u0131t \u00d6l\u00e7\u00fcleri<\/td>\n<td>150 mm<\/td>\n<\/tr>\n<\/table>\n","protected":false},"excerpt":{"rendered":"<p><span style=\"color: rgb(33, 37, 41); background-color: white;\">Model BO6030<\/span><\/p>\n<p><span style=\"color: rgb(33, 37, 41); background-color: white;\">Dairesel Titre\u015fim Z\u0131mparalar<\/span><\/p>\n<p><span style=\"color: rgb(33, 37, 41); background-color: white;\">Devir Ayarl\u0131<\/span><\/p>\n<p><span style=\"color: rgb(33, 37, 41); background-color: white;\">310 W \u2022 150 mm \u2022 4.000-10.000 dk\u207b\u00b9<\/span><\/p>\n<p><strong style=\"color: rgb(0, 112, 192); background-color: white;\">Ah\u015fap ve y\u00fczeyler i\u00e7in g\u00fc\u00e7l\u00fc dairesel titre\u015fim z\u0131mpara modeli<\/strong><\/p>\n<p><span style=\"color: rgb(33, 37, 41); background-color: white;\">Ah\u015fap, metal ve boyal\u0131 y\u00fczeylerde hassas ve g\u00fc\u00e7l\u00fc z\u0131mparalama i\u015flemleri i\u00e7in tasarlanm\u0131\u015f profesyonel bir dairesel titre\u015fim z\u0131mpara modelidir. 310 W motor g\u00fcc\u00fcne sahiptir. 150 mm a\u015f\u0131nd\u0131r\u0131c\u0131 ka\u011f\u0131t boyutu, 150 mm taban \u00e7ap\u0131 ve dakikada 4.000-10.000 titre\u015fim say\u0131s\u0131 ile b\u00fcy\u00fck y\u00fczeylerde h\u0131zl\u0131 ve verimli bir performans sunar.Elektronik h\u0131z kontrol\u00fc ve ergonomik tasar\u0131m\u0131 sayesinde uzun s\u00fcreli ve konforlu bir kullan\u0131m sa\u011flar. Genellikle marangozluk, mobilya yenileme ve detayl\u0131 y\u00fczey haz\u0131rl\u0131\u011f\u0131 projelerinde tercih edilir. Toz toplama sistemiyle temiz ve d\u00fczenli bir \u00e7al\u0131\u015fma ortam\u0131 sa\u011flar.<\/span><\/p>\n<p><span style=\"color: red; background-color: white;\">Kullan\u0131m amac\u0131: <\/span><span style=\"color: rgb(33, 37, 41); background-color: white;\">Bu alet ah\u015fap, plastik ve metal malzemelerin geni\u015f y\u00fczeyleriyle boyal\u0131 y\u00fczeylerin z\u0131mparalanmas\u0131 amac\u0131yla kullan\u0131l\u0131r. <\/span><\/p>\n<p><u style=\"color: black; background-color: white;\">\u00d6zellikleri:<\/u><span style=\"color: rgb(33, 37, 41); background-color: white;\"> <\/span><\/p>\n<p><span style=\"color: red;\">G\u00fc\u00e7 Kayna\u011f\u0131:<\/span>Makinan\u0131n, yaln\u0131zca isim levhas\u0131nda belirtilenle ayn\u0131 voltajl\u0131 g\u00fc\u00e7 kayna\u011f\u0131na ba\u011flanmas\u0131 gerekir ve yaln\u0131zca tek fazl\u0131 AC g\u00fc\u00e7 kayna\u011f\u0131yla \u00e7al\u0131\u015ft\u0131r\u0131labilir. \u00c7ifte yal\u0131t\u0131ml\u0131d\u0131r ve topraklamas\u0131z prizlerle de kullan\u0131labilir.<\/p>\n<ol>\n<li data-list=\"bullet\"><span class=\"ql-ui\" contenteditable=\"false\"><\/span>\u00c7ift yal\u0131t\u0131ml\u0131d\u0131r.<\/li>\n<li data-list=\"bullet\"><span class=\"ql-ui\" contenteditable=\"false\"><\/span>De\u011fi\u015fken h\u0131z \u00f6zelli\u011fi vard\u0131r.<\/li>\n<li data-list=\"bullet\"><span class=\"ql-ui\" contenteditable=\"false\"><\/span>Toz emme \u00fcnitesi mevcuttur.<\/li>\n<li data-list=\"bullet\"><span class=\"ql-ui\" contenteditable=\"false\"><\/span><span style=\"color: black;\">Ambalaj i\u00e7eri\u011fi: Toz torbas\u0131, Z\u0131mpara diski <\/span><\/li>\n<\/ol>\n<p><span style=\"color: rgb(33, 37, 41); background-color: white;\">C\u0131rtl\u0131 Taban<\/span><\/p>\n<p><\/p>\n","protected":false},"featured_media":9949,"comment_status":"open","ping_status":"closed","template":"","meta":{"_acf_changed":false},"product_brand":[1485],"product_cat":[920],"product_tag":[],"class_list":{"0":"post-23014","1":"product","2":"type-product","3":"status-publish","4":"has-post-thumbnail","6":"product_brand-makita","7":"product_cat-dairesel-titresim-zimparalar","9":"first","10":"instock","11":"taxable","12":"shipping-taxable","13":"purchasable","14":"product-type-simple","15":"add-to-wishlist-after_add_to_cart"},"acf":[],"_links":{"self":[{"href":"https:\/\/www.makitamarket.com.tr\/site\/wp-json\/wp\/v2\/product\/23014","targetHints":{"allow":["GET"]}}],"collection":[{"href":"https:\/\/www.makitamarket.com.tr\/site\/wp-json\/wp\/v2\/product"}],"about":[{"href":"https:\/\/www.makitamarket.com.tr\/site\/wp-json\/wp\/v2\/types\/product"}],"replies":[{"embeddable":true,"href":"https:\/\/www.makitamarket.com.tr\/site\/wp-json\/wp\/v2\/comments?post=23014"}],"wp:featuredmedia":[{"embeddable":true,"href":"https:\/\/www.makitamarket.com.tr\/site\/wp-json\/wp\/v2\/media\/9949"}],"wp:attachment":[{"href":"https:\/\/www.makitamarket.com.tr\/site\/wp-json\/wp\/v2\/media?parent=23014"}],"wp:term":[{"taxonomy":"product_brand","embeddable":true,"href":"https:\/\/www.makitamarket.com.tr\/site\/wp-json\/wp\/v2\/product_brand?post=23014"},{"taxonomy":"product_cat","embeddable":true,"href":"https:\/\/www.makitamarket.com.tr\/site\/wp-json\/wp\/v2\/product_cat?post=23014"},{"taxonomy":"product_tag","embeddable":true,"href":"https:\/\/www.makitamarket.com.tr\/site\/wp-json\/wp\/v2\/product_tag?post=23014"}],"curies":[{"name":"wp","href":"https:\/\/api.w.org\/{rel}","templated":true}]}}