{"id":23021,"date":"2025-01-06T16:36:29","date_gmt":"2025-01-06T13:36:29","guid":{"rendered":"https:\/\/www.makitamarket.com.tr\/site\/urun\/knipex-975314-yuksuk-sikma-pensi-180-mm\/"},"modified":"2026-03-30T07:39:24","modified_gmt":"2026-03-30T04:39:24","slug":"knipex-975314-yuksuk-sikma-pensi-180-mm","status":"publish","type":"product","link":"https:\/\/www.makitamarket.com.tr\/site\/urun\/knipex-975314-yuksuk-sikma-pensi-180-mm\/","title":{"rendered":"Knipex 975314 Y\u00dcKS\u00dcK SIKMA PENS\u0130 180 mm"},"content":{"rendered":"<p><b>97 53 14 Kablo Y\u00fcksekleri \u0130\u00e7in Kendili\u011finden Ayarlanan S\u0131kma Pensesi<\/b><br \/> Kablo y\u00fcks\u00fckleri DIN 46228 parts 1+4\u2019e uygun \u015fekilde s\u0131kma C\u0131rc\u0131r mekanizmas\u0131 sayesinde tekrarlanabilen y\u00fcksek s\u0131kma kalitesi (kilidi a\u00e7\u0131labilir). S\u0131kma bask\u0131s\u0131 fabrika taraf\u0131ndan tam olarak ayarlanm\u0131\u015ft\u0131r (kalibrasyonlu). Yayl\u0131 ara aparat\u0131 sayesinde kullan\u0131c\u0131y\u0131 yormaz,optimum g\u00fc\u00e7 aktar\u0131m\u0131 sa\u011flan\u0131r Ergonomik ve konforlu tutma kollar\u0131, sorunsuz \u00e7al\u0131\u015fma, hafif. \u00d6zel kalite krom vanadyum elektrikli \u00e7elik, ya\u011fla sertle\u015ftirilmi\u015f . <\/p>\n<table>\n<tr>\n<td>Uzunluk<\/td>\n<td>180<\/td>\n<\/tr>\n<tr>\n<td>Sap<\/td>\n<td>Kal\u0131n izole<\/td>\n<\/tr>\n<tr>\n<td>Kullanma Yeri<\/td>\n<td>Kablo ucu alt\u0131 k\u00f6\u015fe papu\u00e7 s\u0131kma<\/td>\n<\/tr>\n<tr>\n<td>Kapasite<\/td>\n<td>0.08-10mm\u00b2<\/td>\n<\/tr>\n<tr>\n<td>A\u011f\u0131rl\u0131k<\/td>\n<td>404 gr<\/td>\n<\/tr>\n<\/table>\n","protected":false},"excerpt":{"rendered":"<p><b>97 53 14 Kablo Y\u00fcksekleri \u0130\u00e7in Kendili\u011finden Ayarlanan S\u0131kma Pensesi<\/b><br \/> Kablo y\u00fcks\u00fckleri DIN 46228 parts 1+4\u2019e uygun \u015fekilde s\u0131kma C\u0131rc\u0131r mekanizmas\u0131 sayesinde tekrarlanabilen y\u00fcksek s\u0131kma kalitesi (kilidi a\u00e7\u0131labilir). S\u0131kma bask\u0131s\u0131 fabrika taraf\u0131ndan tam olarak ayarlanm\u0131\u015ft\u0131r (kalibrasyonlu). Yayl\u0131 ara aparat\u0131 sayesinde kullan\u0131c\u0131y\u0131 yormaz,optimum g\u00fc\u00e7 aktar\u0131m\u0131 sa\u011flan\u0131r Ergonomik ve konforlu tutma kollar\u0131, sorunsuz \u00e7al\u0131\u015fma, hafif. \u00d6zel kalite krom vanadyum elektrikli \u00e7elik, ya\u011fla sertle\u015ftirilmi\u015f . <\/p>\n","protected":false},"featured_media":10005,"comment_status":"open","ping_status":"closed","template":"","meta":{"_acf_changed":false},"product_brand":[1486],"product_cat":[852],"product_tag":[],"class_list":{"0":"post-23021","1":"product","2":"type-product","3":"status-publish","4":"has-post-thumbnail","6":"product_brand-knipex","7":"product_cat-kablo-yuksuk-ve-pabuc-sikmalar","9":"first","10":"instock","11":"taxable","12":"shipping-taxable","13":"purchasable","14":"product-type-simple","15":"add-to-wishlist-after_add_to_cart"},"acf":[],"_links":{"self":[{"href":"https:\/\/www.makitamarket.com.tr\/site\/wp-json\/wp\/v2\/product\/23021","targetHints":{"allow":["GET"]}}],"collection":[{"href":"https:\/\/www.makitamarket.com.tr\/site\/wp-json\/wp\/v2\/product"}],"about":[{"href":"https:\/\/www.makitamarket.com.tr\/site\/wp-json\/wp\/v2\/types\/product"}],"replies":[{"embeddable":true,"href":"https:\/\/www.makitamarket.com.tr\/site\/wp-json\/wp\/v2\/comments?post=23021"}],"wp:featuredmedia":[{"embeddable":true,"href":"https:\/\/www.makitamarket.com.tr\/site\/wp-json\/wp\/v2\/media\/10005"}],"wp:attachment":[{"href":"https:\/\/www.makitamarket.com.tr\/site\/wp-json\/wp\/v2\/media?parent=23021"}],"wp:term":[{"taxonomy":"product_brand","embeddable":true,"href":"https:\/\/www.makitamarket.com.tr\/site\/wp-json\/wp\/v2\/product_brand?post=23021"},{"taxonomy":"product_cat","embeddable":true,"href":"https:\/\/www.makitamarket.com.tr\/site\/wp-json\/wp\/v2\/product_cat?post=23021"},{"taxonomy":"product_tag","embeddable":true,"href":"https:\/\/www.makitamarket.com.tr\/site\/wp-json\/wp\/v2\/product_tag?post=23021"}],"curies":[{"name":"wp","href":"https:\/\/api.w.org\/{rel}","templated":true}]}}