{"id":23028,"date":"2025-01-06T16:36:33","date_gmt":"2025-01-06T13:36:33","guid":{"rendered":"https:\/\/www.makitamarket.com.tr\/site\/urun\/rainpump-cpm170-santrifuj-pompa\/"},"modified":"2025-07-11T19:28:12","modified_gmt":"2025-07-11T16:28:12","slug":"rainpump-cpm170-santrifuj-pompa","status":"publish","type":"product","link":"https:\/\/www.makitamarket.com.tr\/site\/urun\/rainpump-cpm170-santrifuj-pompa\/","title":{"rendered":"Rainpump CPM170 SANTR\u0130FUJ POMPA"},"content":{"rendered":"<div style=\"font-family: Arial, Verdana, sans-serif; font-size: 12px; color: rgb(34, 34, 34); background-color: rgb(255, 255, 255); \">\n\t<br \/>\n\t<span _fck_bookmark=\"1\" style=\"display: none;\">\u00a0<\/span><\/div>\n<table>\n<tr>\n<td>G\u00fc\u00e7 (Kw-Hp)<\/td>\n<td>1,1kw-1,5hp<\/td>\n<\/tr>\n<tr>\n<td>Giri\u015f \u00c7ap\u0131  (\u0130nch)<\/td>\n<td>1&#8243;<\/td>\n<\/tr>\n<tr>\n<td>\u00c7\u0131k\u0131\u015f \u00e7ap\u0131<\/td>\n<td>1&#8243;<\/td>\n<\/tr>\n<tr>\n<td>Maksimum Debi m3\/saat<\/td>\n<td>7,2<\/td>\n<\/tr>\n<tr>\n<td>Maksimum Basma Y\u00fcksekli\u011fi (m)<\/td>\n<td>44<\/td>\n<\/tr>\n<tr>\n<td>Basma Y\u00fcksekli\u011fi<\/td>\n<td>0,6-38\/1,2-36-1,8-34\/2,4-32-3-31\/3,6-30-6-23\/6,6-8-7,2-14<\/td>\n<\/tr>\n<tr>\n<td>Emme Derinli\u011fi<\/td>\n<td>7<\/td>\n<\/tr>\n<tr>\n<td>\u00d6l\u00e7\u00fc (mm)<\/td>\n<td>400x250x300<\/td>\n<\/tr>\n<tr>\n<td>A\u011f\u0131rl\u0131k (Kg)<\/td>\n<td>21<\/td>\n<\/tr>\n<tr>\n<td>Voltaj<\/td>\n<td>220V (Monofaze)<\/td>\n<\/tr>\n<tr>\n<td>Max. Bas\u0131n\u00e7<\/td>\n<td>6 bar<\/td>\n<\/tr>\n<\/table>\n","protected":false},"excerpt":{"rendered":"<div style=\"font-family: Arial, Verdana, sans-serif; font-size: 12px; color: rgb(34, 34, 34); background-color: rgb(255, 255, 255); \">\n\t<br \/>\n\t<span _fck_bookmark=\"1\" style=\"display: none;\">\u00a0<\/span><\/div>\n","protected":false},"featured_media":10050,"comment_status":"open","ping_status":"closed","template":"","meta":{"_acf_changed":false},"product_brand":[],"product_cat":[975],"product_tag":[],"class_list":{"0":"post-23028","1":"product","2":"type-product","3":"status-publish","4":"has-post-thumbnail","6":"product_cat-santrifuj-pompalar","8":"first","9":"instock","10":"taxable","11":"shipping-taxable","12":"purchasable","13":"product-type-simple","14":"add-to-wishlist-after_add_to_cart"},"acf":[],"_links":{"self":[{"href":"https:\/\/www.makitamarket.com.tr\/site\/wp-json\/wp\/v2\/product\/23028","targetHints":{"allow":["GET"]}}],"collection":[{"href":"https:\/\/www.makitamarket.com.tr\/site\/wp-json\/wp\/v2\/product"}],"about":[{"href":"https:\/\/www.makitamarket.com.tr\/site\/wp-json\/wp\/v2\/types\/product"}],"replies":[{"embeddable":true,"href":"https:\/\/www.makitamarket.com.tr\/site\/wp-json\/wp\/v2\/comments?post=23028"}],"wp:featuredmedia":[{"embeddable":true,"href":"https:\/\/www.makitamarket.com.tr\/site\/wp-json\/wp\/v2\/media\/10050"}],"wp:attachment":[{"href":"https:\/\/www.makitamarket.com.tr\/site\/wp-json\/wp\/v2\/media?parent=23028"}],"wp:term":[{"taxonomy":"product_brand","embeddable":true,"href":"https:\/\/www.makitamarket.com.tr\/site\/wp-json\/wp\/v2\/product_brand?post=23028"},{"taxonomy":"product_cat","embeddable":true,"href":"https:\/\/www.makitamarket.com.tr\/site\/wp-json\/wp\/v2\/product_cat?post=23028"},{"taxonomy":"product_tag","embeddable":true,"href":"https:\/\/www.makitamarket.com.tr\/site\/wp-json\/wp\/v2\/product_tag?post=23028"}],"curies":[{"name":"wp","href":"https:\/\/api.w.org\/{rel}","templated":true}]}}