{"id":23035,"date":"2025-01-06T16:36:37","date_gmt":"2025-01-06T13:36:37","guid":{"rendered":"https:\/\/www.makitamarket.com.tr\/site\/urun\/makita-df457dwe-matkap-vidalama-18v\/"},"modified":"2025-07-11T19:29:07","modified_gmt":"2025-07-11T16:29:07","slug":"makita-df457dwe-matkap-vidalama-18v","status":"publish","type":"product","link":"https:\/\/www.makitamarket.com.tr\/site\/urun\/makita-df457dwe-matkap-vidalama-18v\/","title":{"rendered":"Makita DF457DWE MATKAP V\u0130DALAMA 18V"},"content":{"rendered":"<table>\n<tr>\n<td>Kapasite<\/td>\n<td>\u00c7elik:13mm, Ah\u015fap:36mm<\/td>\n<\/tr>\n<tr>\n<td>Bo\u015fta Devir<\/td>\n<td>0-400\/1400devir\/dk<\/td>\n<\/tr>\n<tr>\n<td>Maksimum Tork<\/td>\n<td>24\/42N.m<\/td>\n<\/tr>\n<tr>\n<td>Net A\u011f\u0131rl\u0131k<\/td>\n<td>1.7kg<\/td>\n<\/tr>\n<tr>\n<td>G\u00fc\u00e7-Kapasite<\/td>\n<td>18 V \/ 1.5.Ah \/ G Serisi<\/td>\n<\/tr>\n<tr>\n<td>Ak\u00fc \/ \u015earj Cihaz\u0131<\/td>\n<td>BL1815G\/DC18WB<\/td>\n<\/tr>\n<tr>\n<td>Mandren<\/td>\n<td>1\/2&#8243;<\/td>\n<\/tr>\n<\/table>\n","protected":false},"excerpt":{"rendered":"<p>Kapasite \u00c7elik:13mm, Ah\u015fap:36mm Bo\u015fta Devir 0-400\/1400devir\/dk Maksimum Tork 24\/42N.m Net A\u011f\u0131rl\u0131k 1.7kg G\u00fc\u00e7-Kapasite 18 V \/ 1.5.Ah \/ G Serisi Ak\u00fc \/ \u015earj Cihaz\u0131 BL1815G\/DC18WB Mandren 1\/2&#8243;<\/p>\n","protected":false},"featured_media":10113,"comment_status":"open","ping_status":"closed","template":"","meta":{"_acf_changed":false},"product_brand":[],"product_cat":[755],"product_tag":[],"class_list":{"0":"post-23035","1":"product","2":"type-product","3":"status-publish","4":"has-post-thumbnail","6":"product_cat-18-volt","8":"first","9":"outofstock","10":"taxable","11":"shipping-taxable","12":"purchasable","13":"product-type-simple","14":"add-to-wishlist-after_add_to_cart"},"acf":[],"_links":{"self":[{"href":"https:\/\/www.makitamarket.com.tr\/site\/wp-json\/wp\/v2\/product\/23035","targetHints":{"allow":["GET"]}}],"collection":[{"href":"https:\/\/www.makitamarket.com.tr\/site\/wp-json\/wp\/v2\/product"}],"about":[{"href":"https:\/\/www.makitamarket.com.tr\/site\/wp-json\/wp\/v2\/types\/product"}],"replies":[{"embeddable":true,"href":"https:\/\/www.makitamarket.com.tr\/site\/wp-json\/wp\/v2\/comments?post=23035"}],"wp:featuredmedia":[{"embeddable":true,"href":"https:\/\/www.makitamarket.com.tr\/site\/wp-json\/wp\/v2\/media\/10113"}],"wp:attachment":[{"href":"https:\/\/www.makitamarket.com.tr\/site\/wp-json\/wp\/v2\/media?parent=23035"}],"wp:term":[{"taxonomy":"product_brand","embeddable":true,"href":"https:\/\/www.makitamarket.com.tr\/site\/wp-json\/wp\/v2\/product_brand?post=23035"},{"taxonomy":"product_cat","embeddable":true,"href":"https:\/\/www.makitamarket.com.tr\/site\/wp-json\/wp\/v2\/product_cat?post=23035"},{"taxonomy":"product_tag","embeddable":true,"href":"https:\/\/www.makitamarket.com.tr\/site\/wp-json\/wp\/v2\/product_tag?post=23035"}],"curies":[{"name":"wp","href":"https:\/\/api.w.org\/{rel}","templated":true}]}}