{"id":23037,"date":"2025-01-06T16:36:38","date_gmt":"2025-01-06T13:36:38","guid":{"rendered":"https:\/\/www.makitamarket.com.tr\/site\/urun\/gison-gp851b-havali-kaziyici-civili-raspa\/"},"modified":"2026-03-30T07:41:20","modified_gmt":"2026-03-30T04:41:20","slug":"gison-gp851b-havali-kaziyici-civili-raspa","status":"publish","type":"product","link":"https:\/\/www.makitamarket.com.tr\/site\/urun\/gison-gp851b-havali-kaziyici-civili-raspa\/","title":{"rendered":"Gison GP851B HAVALI KAZIYICI (\u00c7\u0130V\u0130L\u0130 RASPA)"},"content":{"rendered":"<div>\n\t\u2022<span style=\"color:#f00;\"><strong>\u00a0<\/strong><\/span>Kabzal\u0131<\/div>\n<div>\n\t<strong>Kullan\u0131m Alanlar\u0131<\/strong><\/div>\n<div>\n\t\u00c7ivili yap\u0131s\u0131yla \u00f6zellikle pas, boya ve benzer kaz\u0131ma i\u015flerinde kullanmak i\u00e7in uygundur.\u00a0<\/div>\n<table>\n<tr>\n<td>\u00c7ivi (\u00d6l\u00e7\u00fc x Adet)<\/td>\n<td>3 mm. x 19 adet<\/td>\n<\/tr>\n<tr>\n<td>Darbe H\u0131z\u0131<\/td>\n<td>3.700 bpm.<\/td>\n<\/tr>\n<tr>\n<td>Net A\u011f\u0131rl\u0131k<\/td>\n<td>2.60 kg.<\/td>\n<\/tr>\n<tr>\n<td>Uzunluk<\/td>\n<td>250 mm<\/td>\n<\/tr>\n<tr>\n<td>Hava T\u00fcketimi<\/td>\n<td>0.16 m\u00b3\/dak.<\/td>\n<\/tr>\n<tr>\n<td>Hava Giri\u015fi<\/td>\n<td>1\/4&#8243;<\/td>\n<\/tr>\n<tr>\n<td>Hortum \u00d6l\u00e7\u00fcs\u00fc <\/td>\n<td>8 mm<\/td>\n<\/tr>\n<tr>\n<td>Sars\u0131nt\u0131 Seviyesi<\/td>\n<td>8.7 m\/S\u00b2.<\/td>\n<\/tr>\n<tr>\n<td>Hava Bas\u0131nc\u0131<\/td>\n<td>90 psi (6.3 kg.\/cm\u00b2)<\/td>\n<\/tr>\n<tr>\n<td>G\u00fcr\u00fclt\u00fc Seviyesi<\/td>\n<td>106 dBA<\/td>\n<\/tr>\n<tr>\n<td>Standart\u0131<\/td>\n<td>CE-Made in Taiwan<\/td>\n<\/tr>\n<\/table>\n","protected":false},"excerpt":{"rendered":"<div>\n\t\u2022<span style=\"color:#f00;\"><strong>\u00a0<\/strong><\/span>Kabzal\u0131<\/div>\n<div>\n\t<strong>Kullan\u0131m Alanlar\u0131<\/strong><\/div>\n<div>\n\t\u00c7ivili yap\u0131s\u0131yla \u00f6zellikle pas, boya ve benzer kaz\u0131ma i\u015flerinde kullanmak i\u00e7in uygundur.\u00a0<\/div>\n","protected":false},"featured_media":10119,"comment_status":"open","ping_status":"closed","template":"","meta":{"_acf_changed":false},"product_brand":[1512],"product_cat":[936],"product_tag":[],"class_list":{"0":"post-23037","1":"product","2":"type-product","3":"status-publish","4":"has-post-thumbnail","6":"product_brand-gison","7":"product_cat-havali-keski-ve-kaziyicilar","9":"first","10":"instock","11":"taxable","12":"shipping-taxable","13":"purchasable","14":"product-type-simple","15":"add-to-wishlist-after_add_to_cart"},"acf":[],"_links":{"self":[{"href":"https:\/\/www.makitamarket.com.tr\/site\/wp-json\/wp\/v2\/product\/23037","targetHints":{"allow":["GET"]}}],"collection":[{"href":"https:\/\/www.makitamarket.com.tr\/site\/wp-json\/wp\/v2\/product"}],"about":[{"href":"https:\/\/www.makitamarket.com.tr\/site\/wp-json\/wp\/v2\/types\/product"}],"replies":[{"embeddable":true,"href":"https:\/\/www.makitamarket.com.tr\/site\/wp-json\/wp\/v2\/comments?post=23037"}],"wp:featuredmedia":[{"embeddable":true,"href":"https:\/\/www.makitamarket.com.tr\/site\/wp-json\/wp\/v2\/media\/10119"}],"wp:attachment":[{"href":"https:\/\/www.makitamarket.com.tr\/site\/wp-json\/wp\/v2\/media?parent=23037"}],"wp:term":[{"taxonomy":"product_brand","embeddable":true,"href":"https:\/\/www.makitamarket.com.tr\/site\/wp-json\/wp\/v2\/product_brand?post=23037"},{"taxonomy":"product_cat","embeddable":true,"href":"https:\/\/www.makitamarket.com.tr\/site\/wp-json\/wp\/v2\/product_cat?post=23037"},{"taxonomy":"product_tag","embeddable":true,"href":"https:\/\/www.makitamarket.com.tr\/site\/wp-json\/wp\/v2\/product_tag?post=23037"}],"curies":[{"name":"wp","href":"https:\/\/api.w.org\/{rel}","templated":true}]}}