{"id":23040,"date":"2025-01-06T16:36:39","date_gmt":"2025-01-06T13:36:39","guid":{"rendered":"https:\/\/www.makitamarket.com.tr\/site\/urun\/gison-gw12-3-8-havali-somun-sikma\/"},"modified":"2026-04-06T13:01:45","modified_gmt":"2026-04-06T10:01:45","slug":"gison-gw12-3-8-havali-somun-sikma","status":"publish","type":"product","link":"https:\/\/www.makitamarket.com.tr\/site\/urun\/gison-gw12-3-8-havali-somun-sikma\/","title":{"rendered":"Gison GW12 3\/8&#8243; HAVALI SOMUN SIKMA"},"content":{"rendered":"<table>\n<tr>\n<td>Soket \u00d6l\u00e7\u00fcs\u00fc<\/td>\n<td>3\/8&#8243; (9.5 mm.)<\/td>\n<\/tr>\n<tr>\n<td>Somun Kapasitesi<\/td>\n<td>13 mm.<\/td>\n<\/tr>\n<tr>\n<td>Tork G\u00fcc\u00fc (kg.m)(Nm).<\/td>\n<td>18.3 (183)<\/td>\n<\/tr>\n<tr>\n<td>Net A\u011f\u0131rl\u0131k (kg)<\/td>\n<td>0.95 kg<\/td>\n<\/tr>\n<tr>\n<td>Uzunluk (mm)<\/td>\n<td>135 mm<\/td>\n<\/tr>\n<tr>\n<td>Hava T\u00fcketimi<\/td>\n<td>0.20 m\u00b3\/dak.<\/td>\n<\/tr>\n<tr>\n<td>Hava Giri\u015fi<\/td>\n<td>1\/4&#8243;<\/td>\n<\/tr>\n<tr>\n<td>Hortum \u00d6l\u00e7\u00fcs\u00fc (ID)<\/td>\n<td>6.5 mm.<\/td>\n<\/tr>\n<tr>\n<td>G\u00fcr\u00fclt\u00fc Seviyesi (dBA)<\/td>\n<td>88 dBA.<\/td>\n<\/tr>\n<tr>\n<td>Sars\u0131nt\u0131 Seviyesi<\/td>\n<td>4.5 m\/S\u00b2.<\/td>\n<\/tr>\n<tr>\n<td>Koli Adedi<\/td>\n<td>20 ad.<\/td>\n<\/tr>\n<tr>\n<td>Hava Bas\u0131nc\u0131<\/td>\n<td>90 psi (6.3 kg\/cm\u00b3)<\/td>\n<\/tr>\n<tr>\n<td>Mekanizma<\/td>\n<td>Two Hammer<\/td>\n<\/tr>\n<\/table>\n","protected":false},"excerpt":{"rendered":"<p>Soket \u00d6l\u00e7\u00fcs\u00fc 3\/8&#8243; (9.5 mm.) Somun Kapasitesi 13 mm. Tork G\u00fcc\u00fc (kg.m)(Nm). 18.3 (183) Net A\u011f\u0131rl\u0131k (kg) 0.95 kg Uzunluk (mm) 135 mm Hava T\u00fcketimi 0.20 m\u00b3\/dak. Hava Giri\u015fi 1\/4&#8243;<\/p>\n","protected":false},"featured_media":10126,"comment_status":"open","ping_status":"closed","template":"","meta":{"_acf_changed":false},"product_brand":[1512],"product_cat":[880],"product_tag":[],"class_list":{"0":"post-23040","1":"product","2":"type-product","3":"status-publish","4":"has-post-thumbnail","6":"product_brand-gison","7":"product_cat-havali-somun-sikmalar","9":"first","10":"instock","11":"taxable","12":"shipping-taxable","13":"purchasable","14":"product-type-simple","15":"add-to-wishlist-after_add_to_cart"},"acf":[],"_links":{"self":[{"href":"https:\/\/www.makitamarket.com.tr\/site\/wp-json\/wp\/v2\/product\/23040","targetHints":{"allow":["GET"]}}],"collection":[{"href":"https:\/\/www.makitamarket.com.tr\/site\/wp-json\/wp\/v2\/product"}],"about":[{"href":"https:\/\/www.makitamarket.com.tr\/site\/wp-json\/wp\/v2\/types\/product"}],"replies":[{"embeddable":true,"href":"https:\/\/www.makitamarket.com.tr\/site\/wp-json\/wp\/v2\/comments?post=23040"}],"wp:featuredmedia":[{"embeddable":true,"href":"https:\/\/www.makitamarket.com.tr\/site\/wp-json\/wp\/v2\/media\/10126"}],"wp:attachment":[{"href":"https:\/\/www.makitamarket.com.tr\/site\/wp-json\/wp\/v2\/media?parent=23040"}],"wp:term":[{"taxonomy":"product_brand","embeddable":true,"href":"https:\/\/www.makitamarket.com.tr\/site\/wp-json\/wp\/v2\/product_brand?post=23040"},{"taxonomy":"product_cat","embeddable":true,"href":"https:\/\/www.makitamarket.com.tr\/site\/wp-json\/wp\/v2\/product_cat?post=23040"},{"taxonomy":"product_tag","embeddable":true,"href":"https:\/\/www.makitamarket.com.tr\/site\/wp-json\/wp\/v2\/product_tag?post=23040"}],"curies":[{"name":"wp","href":"https:\/\/api.w.org\/{rel}","templated":true}]}}