{"id":23045,"date":"2025-01-06T16:36:40","date_gmt":"2025-01-06T13:36:40","guid":{"rendered":"https:\/\/www.makitamarket.com.tr\/site\/urun\/procut-pr50965-yedek-freze-bicagi\/"},"modified":"2026-04-06T13:07:57","modified_gmt":"2026-04-06T10:07:57","slug":"procut-pr50965-yedek-freze-bicagi","status":"publish","type":"product","link":"https:\/\/www.makitamarket.com.tr\/site\/urun\/procut-pr50965-yedek-freze-bicagi\/","title":{"rendered":"Procut PR50965 YEDEK FREZE BI\u00c7A\u011eI"},"content":{"rendered":"<p>\n\tMermer Kenar Frezeleme B\u0131\u00e7a\u011f\u0131n\u0131 Kullan\u0131r\u00a0<\/p>\n<table>\n<tr>\n<td>Mermer Kal\u0131nl\u0131\u011f\u0131<\/td>\n<td>40 mm.<\/td>\n<\/tr>\n<\/table>\n","protected":false},"excerpt":{"rendered":"<p>\n\tMermer Kenar Frezeleme B\u0131\u00e7a\u011f\u0131n\u0131 Kullan\u0131r\u00a0<\/p>\n","protected":false},"featured_media":10138,"comment_status":"open","ping_status":"closed","template":"","meta":{"_acf_changed":false},"product_brand":[1539],"product_cat":[1037],"product_tag":[],"class_list":{"0":"post-23045","1":"product","2":"type-product","3":"status-publish","4":"has-post-thumbnail","6":"product_brand-procut","7":"product_cat-aksesuarlar-freze-bicaklari-ve-tas-menteseler","9":"first","10":"instock","11":"taxable","12":"shipping-taxable","13":"purchasable","14":"product-type-simple","15":"add-to-wishlist-after_add_to_cart"},"acf":[],"_links":{"self":[{"href":"https:\/\/www.makitamarket.com.tr\/site\/wp-json\/wp\/v2\/product\/23045","targetHints":{"allow":["GET"]}}],"collection":[{"href":"https:\/\/www.makitamarket.com.tr\/site\/wp-json\/wp\/v2\/product"}],"about":[{"href":"https:\/\/www.makitamarket.com.tr\/site\/wp-json\/wp\/v2\/types\/product"}],"replies":[{"embeddable":true,"href":"https:\/\/www.makitamarket.com.tr\/site\/wp-json\/wp\/v2\/comments?post=23045"}],"wp:featuredmedia":[{"embeddable":true,"href":"https:\/\/www.makitamarket.com.tr\/site\/wp-json\/wp\/v2\/media\/10138"}],"wp:attachment":[{"href":"https:\/\/www.makitamarket.com.tr\/site\/wp-json\/wp\/v2\/media?parent=23045"}],"wp:term":[{"taxonomy":"product_brand","embeddable":true,"href":"https:\/\/www.makitamarket.com.tr\/site\/wp-json\/wp\/v2\/product_brand?post=23045"},{"taxonomy":"product_cat","embeddable":true,"href":"https:\/\/www.makitamarket.com.tr\/site\/wp-json\/wp\/v2\/product_cat?post=23045"},{"taxonomy":"product_tag","embeddable":true,"href":"https:\/\/www.makitamarket.com.tr\/site\/wp-json\/wp\/v2\/product_tag?post=23045"}],"curies":[{"name":"wp","href":"https:\/\/api.w.org\/{rel}","templated":true}]}}